{"id":16541,"date":"2025-04-23T07:30:48","date_gmt":"2025-04-23T07:30:48","guid":{"rendered":"https:\/\/beautysba.co.uk\/product\/%d0%bf%d0%b8%d1%89%d0%b5%d0%b2%d0%b0%d1%8f-%d0%b4%d0%be%d0%b1%d0%b0%d0%b2%d0%ba%d0%b0-%d1%81-%d1%8d%d0%ba%d1%81%d1%82%d1%80%d0%b0%d0%ba%d1%82%d0%be%d0%bc-%d1%81%d0%ba%d0%be%d1%80%d0%bb%d1%83%d0%bf\/"},"modified":"2025-04-23T07:46:22","modified_gmt":"2025-04-23T07:46:22","slug":"%d0%bf%d0%b8%d1%89%d0%b5%d0%b2%d0%b0%d1%8f-%d0%b4%d0%be%d0%b1%d0%b0%d0%b2%d0%ba%d0%b0-%d1%81-%d1%8d%d0%ba%d1%81%d1%82%d1%80%d0%b0%d0%ba%d1%82%d0%be%d0%bc-%d1%81%d0%ba%d0%be%d1%80%d0%bb%d1%83%d0%bf","status":"publish","type":"product","link":"https:\/\/beautysba.co.uk\/lt\/produktas\/%d0%bf%d0%b8%d1%89%d0%b5%d0%b2%d0%b0%d1%8f-%d0%b4%d0%be%d0%b1%d0%b0%d0%b2%d0%ba%d0%b0-%d1%81-%d1%8d%d0%ba%d1%81%d1%82%d1%80%d0%b0%d0%ba%d1%82%d0%be%d0%bc-%d1%81%d0%ba%d0%be%d1%80%d0%bb%d1%83%d0%bf\/","title":{"rendered":"Maisto papildas su juod\u0173j\u0173 graikini\u0173 rie\u0161ut\u0173 keval\u0173 ekstraktu, 90 kapsuli\u0173 HERBIN"},"content":{"rendered":"<p>Maisto papildas HERBIN Juod\u0173j\u0173 graikini\u0173 rie\u0161ut\u0173 luk\u0161t\u0173 ekstraktas<\/p>\n<p>Grynasis kiekis: 54 g (90 kapsuli\u0173)<\/p>\n<p>Nepakei\u010dia \u012fvairios, subalansuotos mitybos ir sveikos gyvensenos.<\/p>\n<p>1 kapsul\u0117je yra: 500 mg juod\u0173j\u0173 graikini\u0173 rie\u0161ut\u0173 (Juglans nigra) keval\u0173 ekstrakto (10:1) (atitinka 5000 mg d\u017eiovint\u0173 juod\u0173j\u0173 graikini\u0173 rie\u0161ut\u0173 keval\u0173).<\/p>\n<p>Sudedamosios dalys: juod\u0173j\u0173 graikini\u0173 rie\u0161ut\u0173 (Juglans nigra) keval\u0173 ekstraktas (10:1), kapsul\u0117s apvalkalas: hidroksipropilmetilceliulioz\u0117, vanduo.<\/p>\n","protected":false},"excerpt":{"rendered":"<p>Maisto papildas HERBIN Juod\u0173j\u0173 graikini\u0173 rie\u0161ut\u0173 luk\u0161t\u0173 ekstraktas Grynasis kiekis: 54 g (90 kapsuli\u0173) Nepakei\u010dia \u012fvairios, subalansuotos mitybos ir sveikos gyvensenos. 1 kapsul\u0117je yra: 500 mg juod\u0173j\u0173 graikini\u0173 rie\u0161ut\u0173 (Juglans nigra) keval\u0173 ekstrakto (10:1) (atitinka 5000 mg d\u017eiovint\u0173 juod\u0173j\u0173 graikini\u0173 rie\u0161ut\u0173 keval\u0173). Sudedamosios dalys: juod\u0173j\u0173 graikini\u0173 rie\u0161ut\u0173 (Juglans nigra) keval\u0173 ekstraktas (10:1), kapsul\u0117s apvalkalas: hidroksipropilmetilceliulioz\u0117, [&hellip;]<\/p>\n","protected":false},"featured_media":16539,"comment_status":"open","ping_status":"closed","template":"","meta":[],"product_brand":[],"product_cat":[192,217,220],"product_tag":[],"class_list":{"0":"post-16541","1":"product","2":"type-product","3":"status-publish","4":"has-post-thumbnail","6":"product_cat-naujienos","7":"product_cat-sveikatos-prieziura","8":"product_cat-zarnyno-sveikata","10":"first","11":"instock","12":"shipping-taxable","13":"purchasable","14":"product-type-simple"},"_links":{"self":[{"href":"https:\/\/beautysba.co.uk\/lt\/wp-json\/wp\/v2\/product\/16541","targetHints":{"allow":["GET"]}}],"collection":[{"href":"https:\/\/beautysba.co.uk\/lt\/wp-json\/wp\/v2\/product"}],"about":[{"href":"https:\/\/beautysba.co.uk\/lt\/wp-json\/wp\/v2\/types\/product"}],"replies":[{"embeddable":true,"href":"https:\/\/beautysba.co.uk\/lt\/wp-json\/wp\/v2\/comments?post=16541"}],"wp:featuredmedia":[{"embeddable":true,"href":"https:\/\/beautysba.co.uk\/lt\/wp-json\/wp\/v2\/media\/16539"}],"wp:attachment":[{"href":"https:\/\/beautysba.co.uk\/lt\/wp-json\/wp\/v2\/media?parent=16541"}],"wp:term":[{"taxonomy":"product_brand","embeddable":true,"href":"https:\/\/beautysba.co.uk\/lt\/wp-json\/wp\/v2\/product_brand?post=16541"},{"taxonomy":"product_cat","embeddable":true,"href":"https:\/\/beautysba.co.uk\/lt\/wp-json\/wp\/v2\/product_cat?post=16541"},{"taxonomy":"product_tag","embeddable":true,"href":"https:\/\/beautysba.co.uk\/lt\/wp-json\/wp\/v2\/product_tag?post=16541"}],"curies":[{"name":"wp","href":"https:\/\/api.w.org\/{rel}","templated":true}]}}