{"id":16547,"date":"2025-04-23T07:32:41","date_gmt":"2025-04-23T07:32:41","guid":{"rendered":"https:\/\/beautysba.co.uk\/product\/%d0%bf%d0%b8%d1%89%d0%b5%d0%b2%d0%b0%d1%8f-%d0%b4%d0%be%d0%b1%d0%b0%d0%b2%d0%ba%d0%b0-%d0%b4%d0%bb%d1%8f-%d1%81%d1%83%d1%81%d1%82%d0%b0%d0%b2%d0%be%d0%b2-%d0%b3%d0%b8%d0%bc%d0%b0%d0%bb%d0%b0%d0%b9\/"},"modified":"2025-04-23T07:46:22","modified_gmt":"2025-04-23T07:46:22","slug":"%d0%bf%d0%b8%d1%89%d0%b5%d0%b2%d0%b0%d1%8f-%d0%b4%d0%be%d0%b1%d0%b0%d0%b2%d0%ba%d0%b0-%d0%b4%d0%bb%d1%8f-%d1%81%d1%83%d1%81%d1%82%d0%b0%d0%b2%d0%be%d0%b2-%d0%b3%d0%b8%d0%bc%d0%b0%d0%bb%d0%b0%d0%b9","status":"publish","type":"product","link":"https:\/\/beautysba.co.uk\/lt\/produktas\/%d0%bf%d0%b8%d1%89%d0%b5%d0%b2%d0%b0%d1%8f-%d0%b4%d0%be%d0%b1%d0%b0%d0%b2%d0%ba%d0%b0-%d0%b4%d0%bb%d1%8f-%d1%81%d1%83%d1%81%d1%82%d0%b0%d0%b2%d0%be%d0%b2-%d0%b3%d0%b8%d0%bc%d0%b0%d0%bb%d0%b0%d0%b9\/","title":{"rendered":"S\u0105nari\u0173 maisto papildas Himalaj\u0173 \u0161ila\u017eitas &#8220;ArthroFLEX&#8221;, 10 vnt., 10 ml &#8211; Herbin"},"content":{"rendered":"<p>Ie\u0161kote nat\u016bralaus b\u016bdo pasir\u016bpinti s\u0105nari\u0173, kaul\u0173 ir raumen\u0173 sveikata, kad gal\u0117tum\u0117te gyventi aktyv\u0173 gyvenim\u0105 be skausmo? ArthroFLEX Himalaj\u0173 Mumijo (\u0161ilajitas) nat\u016bralus maisto papildas gali b\u016bti puikus sprendimas. <\/p>\n<p>Sud\u0117tyje yra \u0161ila\u017eito ekstrakto, bosvelijos ir magnio, kurie padeda palaikyti normali\u0105 kaul\u0173, s\u0105nari\u0173 lankstumo ir raumen\u0173 b\u016bkl\u0119. \u0160is nat\u016bralus produktas tinka tiems, kurie ie\u0161ko veiksmingos, bet \u0161velnios alternatyvos cheminiams vaistams ir nori palaikyti ger\u0105 raumen\u0173 ir kaul\u0173 sistemos b\u016bkl\u0119. <\/p>\n<p>Pagrindiniai produkto privalumai:<br \/>\nS\u0105nari\u0173 ir kaul\u0173 b\u016bkl\u0117s palaikymas: \u0161ila\u017eito ekstraktas padeda palaikyti normali\u0105 kaul\u0173 ir s\u0105nari\u0173 b\u016bkl\u0119.<br \/>\nRaumen\u0173 sveikata: magnis b\u016btinas normaliai raumen\u0173 funkcijai palaikyti.<br \/>\nS\u0105nari\u0173 lankstumas: bosvelija (frankincensas) padeda palaikyti s\u0105nari\u0173 lankstum\u0105.<br \/>\nBe chemini\u0173 pried\u0173: pagamintas i\u0161 gryn\u0173 nat\u016brali\u0173 ingredient\u0173, tinka veganams.<br \/>\n\u0160is papildas idealiai tinka tiems, kurie r\u016bpinasi savo judrumu, nori i\u0161vengti skausmo ir nat\u016braliai palaikyti s\u0105nari\u0173 bei kaul\u0173 sveikat\u0105. Praturtinkite savo gyvenimo b\u016bd\u0105 ArthroFLEX Himalaj\u0173 Mumijo (\u0161ila\u017eitu) ir m\u0117gaukit\u0117s jud\u0117jimu be apribojim\u0173. <\/p>\n<p>Veikliosios med\u017eiagos:<br \/>\n\u0160ila\u017eitas: retas nat\u016bralus ekstraktas, kuriame gausu mineral\u0173, palaikan\u010di\u0173 normali\u0105 kaul\u0173 b\u016bkl\u0119 ir s\u0105nari\u0173 funkcij\u0105.<br \/>\nBosvelija (Boswellia serrata): skatina s\u0105nari\u0173 lankstum\u0105 ir gerina judrum\u0105.<br \/>\nMagnis: svarbus mineralas, palaikantis normali\u0105 raumen\u0173 funkcij\u0105 ir kaul\u0173 sveikat\u0105.<br \/>\nVartojimo instrukcijos ir rekomenduojamos doz\u0117s:<br \/>\nSuaugusiesiems rekomenduojama vartoti 1 buteliuko turin\u012f (10 ml) vien\u0105 kart\u0105 per dien\u0105. Prie\u0161 vartojim\u0105 suplakti. <\/p>\n<p>\u012esp\u0117jimai:<br \/>\nNevir\u0161ykite nustatytos rekomenduojamos doz\u0117s.<br \/>\nMaisto papildas nepakei\u010dia visavert\u0117s mitybos.<br \/>\nLaikykite vaikams nepasiekiamoje vietoje.<br \/>\nNevartokite esant individualiam netoleravimui ar padid\u0117jusiam jautrumui sudedamosioms dalims.<br \/>\nNevartokite jaunesniems nei 12 met\u0173 vaikams, n\u0117\u0161\u010dioms ir \u017eindan\u010dioms moterims.<br \/>\nSudedamosios dalys (10 ml \/ 1 buteliuke):<br \/>\ni\u0161grynintas mumijos (Asphaltum Panjabinum) ekstraktas &#8211; 500 mg<br \/>\nBosvelijos (Boswellia serrata) dervos ekstraktas &#8211; 500 mg (i\u0161 j\u0173 65 % bosvelilo r\u016bg\u0161ties &#8211; 325 mg)<br \/>\nMagnis &#8211; 60 mg (16 % rekomenduojamos paros normos)<br \/>\nLaikymo s\u0105lygos:<br \/>\nLaikyti tamsioje, vaikams nepasiekiamoje vietoje, ne auk\u0161tesn\u0117je kaip 25 \u00baC temperat\u016broje.<\/p>\n<p>Pakuot\u0117s turinys:<br \/>\n10 vnt. x 10 ml (1 buteliuke yra 10 ml). <\/p>\n<p>Gamybos \u0161alis:<br \/>\nKinija.<\/p>\n","protected":false},"excerpt":{"rendered":"<p>Ie\u0161kote nat\u016bralaus b\u016bdo pasir\u016bpinti s\u0105nari\u0173, kaul\u0173 ir raumen\u0173 sveikata, kad gal\u0117tum\u0117te gyventi aktyv\u0173 gyvenim\u0105 be skausmo? ArthroFLEX Himalaj\u0173 Mumijo (\u0161ilajitas) nat\u016bralus maisto papildas gali b\u016bti puikus sprendimas. Sud\u0117tyje yra \u0161ila\u017eito ekstrakto, bosvelijos ir magnio, kurie padeda palaikyti normali\u0105 kaul\u0173, s\u0105nari\u0173 lankstumo ir raumen\u0173 b\u016bkl\u0119. \u0160is nat\u016bralus produktas tinka tiems, kurie ie\u0161ko veiksmingos, bet \u0161velnios alternatyvos [&hellip;]<\/p>\n","protected":false},"featured_media":16545,"comment_status":"open","ping_status":"closed","template":"","meta":[],"product_brand":[],"product_cat":[192,217,220,305],"product_tag":[],"class_list":{"0":"post-16547","1":"product","2":"type-product","3":"status-publish","4":"has-post-thumbnail","6":"product_cat-naujienos","7":"product_cat-sveikatos-prieziura","8":"product_cat-zarnyno-sveikata","9":"product_cat------lt","11":"first","12":"instock","13":"shipping-taxable","14":"purchasable","15":"product-type-simple"},"_links":{"self":[{"href":"https:\/\/beautysba.co.uk\/lt\/wp-json\/wp\/v2\/product\/16547","targetHints":{"allow":["GET"]}}],"collection":[{"href":"https:\/\/beautysba.co.uk\/lt\/wp-json\/wp\/v2\/product"}],"about":[{"href":"https:\/\/beautysba.co.uk\/lt\/wp-json\/wp\/v2\/types\/product"}],"replies":[{"embeddable":true,"href":"https:\/\/beautysba.co.uk\/lt\/wp-json\/wp\/v2\/comments?post=16547"}],"wp:featuredmedia":[{"embeddable":true,"href":"https:\/\/beautysba.co.uk\/lt\/wp-json\/wp\/v2\/media\/16545"}],"wp:attachment":[{"href":"https:\/\/beautysba.co.uk\/lt\/wp-json\/wp\/v2\/media?parent=16547"}],"wp:term":[{"taxonomy":"product_brand","embeddable":true,"href":"https:\/\/beautysba.co.uk\/lt\/wp-json\/wp\/v2\/product_brand?post=16547"},{"taxonomy":"product_cat","embeddable":true,"href":"https:\/\/beautysba.co.uk\/lt\/wp-json\/wp\/v2\/product_cat?post=16547"},{"taxonomy":"product_tag","embeddable":true,"href":"https:\/\/beautysba.co.uk\/lt\/wp-json\/wp\/v2\/product_tag?post=16547"}],"curies":[{"name":"wp","href":"https:\/\/api.w.org\/{rel}","templated":true}]}}