{"id":16553,"date":"2025-04-23T07:33:50","date_gmt":"2025-04-23T07:33:50","guid":{"rendered":"https:\/\/beautysba.co.uk\/product\/%d0%bf%d0%b8%d1%89%d0%b5%d0%b2%d0%b0%d1%8f-%d0%b4%d0%be%d0%b1%d0%b0%d0%b2%d0%ba%d0%b0-%d0%b4%d0%bb%d1%8f-%d1%81%d1%83%d1%81%d1%82%d0%b0%d0%b2%d0%be%d0%b2-c-%d0%bc%d1%83%d0%bc%d0%b8%d0%b5-shilajit\/"},"modified":"2025-04-23T07:47:41","modified_gmt":"2025-04-23T07:47:41","slug":"%d0%bf%d0%b8%d1%89%d0%b5%d0%b2%d0%b0%d1%8f-%d0%b4%d0%be%d0%b1%d0%b0%d0%b2%d0%ba%d0%b0-%d0%b4%d0%bb%d1%8f-%d1%81%d1%83%d1%81%d1%82%d0%b0%d0%b2%d0%be%d0%b2-c-%d0%bc%d1%83%d0%bc%d0%b8%d0%b5-shilajit","status":"publish","type":"product","link":"https:\/\/beautysba.co.uk\/lt\/produktas\/%d0%bf%d0%b8%d1%89%d0%b5%d0%b2%d0%b0%d1%8f-%d0%b4%d0%be%d0%b1%d0%b0%d0%b2%d0%ba%d0%b0-%d0%b4%d0%bb%d1%8f-%d1%81%d1%83%d1%81%d1%82%d0%b0%d0%b2%d0%be%d0%b2-c-%d0%bc%d1%83%d0%bc%d0%b8%d0%b5-shilajit\/","title":{"rendered":"Maisto papildas s\u0105nariams su \u0161ilajitu ir bosvelija, 60 kapsuli\u0173 &#8211; Herbin"},"content":{"rendered":"<p>Mitybos papildas s\u0105nariams ir kaulams, kurio sud\u0117tyje yra mumijos ir bosvelijos ekstrakt\u0173. Kompleksas skirtas normaliai raumen\u0173 ir kaul\u0173 sistemai ir s\u0105nari\u0173 judrumui palaikyti. <\/p>\n<p>Veikliosios med\u017eiagos 1 kapsul\u0117je<br \/>\ni\u0161grynintas \u0161ila\u017eito ekstraktas (Asphaltum Panjabinum) &#8211; 300 mg<br \/>\nBosvelijos serratos dervos ekstraktas &#8211; 200 mg, \u012fskaitant bosvelio r\u016bg\u0161t\u012f &#8211; 130 mg<br \/>\nSud\u0117tis<br \/>\nI\u0161grynintas \u0161ila\u017eito ekstraktas (Asphaltum Panjabinum), bosvelijos dervos ekstraktas (Boswellia serrata, kuriame yra 65 % bosvelio r\u016bg\u0161ties), kapsul\u0117s apvalkalas: hidroksipropilmetilceliulioz\u0117, vanduo.<\/p>\n<p>Vartojimo instrukcijos<br \/>\nSuaugusiesiems &#8211; po 1 kapsul\u0119 per dien\u0105 po valgio, u\u017egeriant vandeniu.<\/p>\n<p>Atsargumo priemon\u0117s<br \/>\nNevir\u0161ykite rekomenduojamos paros doz\u0117s.<br \/>\nLaikykite vaikams nepasiekiamoje vietoje.<br \/>\nNenaudokite kaip visavert\u0117s mitybos pakaitalo.<br \/>\nLaikymo s\u0105lygos<br \/>\nLaikyti sausoje, nuo \u0161viesos apsaugotoje vietoje, ne auk\u0161tesn\u0117je kaip +25 \u00b0C temperat\u016broje.<\/p>\n<p>Papildoma informacija<br \/>\nKiekis: 60 kapsuli\u0173<br \/>\nGaliojimo laikas: \u017er. pakuot\u0119<br \/>\nGamintojas: Harbin Yeekong Herb Inc., Kinija<\/p>\n","protected":false},"excerpt":{"rendered":"<p>Mitybos papildas s\u0105nariams ir kaulams, kurio sud\u0117tyje yra mumijos ir bosvelijos ekstrakt\u0173. Kompleksas skirtas normaliai raumen\u0173 ir kaul\u0173 sistemai ir s\u0105nari\u0173 judrumui palaikyti. Veikliosios med\u017eiagos 1 kapsul\u0117je i\u0161grynintas \u0161ila\u017eito ekstraktas (Asphaltum Panjabinum) &#8211; 300 mg Bosvelijos serratos dervos ekstraktas &#8211; 200 mg, \u012fskaitant bosvelio r\u016bg\u0161t\u012f &#8211; 130 mg Sud\u0117tis I\u0161grynintas \u0161ila\u017eito ekstraktas (Asphaltum Panjabinum), bosvelijos [&hellip;]<\/p>\n","protected":false},"featured_media":16551,"comment_status":"open","ping_status":"closed","template":"","meta":[],"product_brand":[],"product_cat":[192,217,220,305],"product_tag":[],"class_list":{"0":"post-16553","1":"product","2":"type-product","3":"status-publish","4":"has-post-thumbnail","6":"product_cat-naujienos","7":"product_cat-sveikatos-prieziura","8":"product_cat-zarnyno-sveikata","9":"product_cat------lt","11":"first","12":"instock","13":"shipping-taxable","14":"purchasable","15":"product-type-simple"},"_links":{"self":[{"href":"https:\/\/beautysba.co.uk\/lt\/wp-json\/wp\/v2\/product\/16553","targetHints":{"allow":["GET"]}}],"collection":[{"href":"https:\/\/beautysba.co.uk\/lt\/wp-json\/wp\/v2\/product"}],"about":[{"href":"https:\/\/beautysba.co.uk\/lt\/wp-json\/wp\/v2\/types\/product"}],"replies":[{"embeddable":true,"href":"https:\/\/beautysba.co.uk\/lt\/wp-json\/wp\/v2\/comments?post=16553"}],"wp:featuredmedia":[{"embeddable":true,"href":"https:\/\/beautysba.co.uk\/lt\/wp-json\/wp\/v2\/media\/16551"}],"wp:attachment":[{"href":"https:\/\/beautysba.co.uk\/lt\/wp-json\/wp\/v2\/media?parent=16553"}],"wp:term":[{"taxonomy":"product_brand","embeddable":true,"href":"https:\/\/beautysba.co.uk\/lt\/wp-json\/wp\/v2\/product_brand?post=16553"},{"taxonomy":"product_cat","embeddable":true,"href":"https:\/\/beautysba.co.uk\/lt\/wp-json\/wp\/v2\/product_cat?post=16553"},{"taxonomy":"product_tag","embeddable":true,"href":"https:\/\/beautysba.co.uk\/lt\/wp-json\/wp\/v2\/product_tag?post=16553"}],"curies":[{"name":"wp","href":"https:\/\/api.w.org\/{rel}","templated":true}]}}