{"id":16583,"date":"2025-04-23T07:43:43","date_gmt":"2025-04-23T07:43:43","guid":{"rendered":"https:\/\/beautysba.co.uk\/product\/%d0%ba%d1%80%d0%b5%d0%bc-%d0%b4%d0%bb%d1%8f-%d1%80%d1%83%d0%ba-%d0%bd%d0%be%d1%87%d0%bd%d0%be%d0%b9-%d0%bf%d0%b8%d1%82%d0%b0%d1%82%d0%b5%d0%bb%d1%8c%d0%bd%d1%8b%d0%b9-%d1%81-%d0%ba%d0%be%d0%bb%d0%bb\/"},"modified":"2025-04-23T07:46:15","modified_gmt":"2025-04-23T07:46:15","slug":"%d0%ba%d1%80%d0%b5%d0%bc-%d0%b4%d0%bb%d1%8f-%d1%80%d1%83%d0%ba-%d0%bd%d0%be%d1%87%d0%bd%d0%be%d0%b9-%d0%bf%d0%b8%d1%82%d0%b0%d1%82%d0%b5%d0%bb%d1%8c%d0%bd%d1%8b%d0%b9-%d1%81-%d0%ba%d0%be%d0%bb%d0%bb","status":"publish","type":"product","link":"https:\/\/beautysba.co.uk\/lt\/produktas\/%d0%ba%d1%80%d0%b5%d0%bc-%d0%b4%d0%bb%d1%8f-%d1%80%d1%83%d0%ba-%d0%bd%d0%be%d1%87%d0%bd%d0%be%d0%b9-%d0%bf%d0%b8%d1%82%d0%b0%d1%82%d0%b5%d0%bb%d1%8c%d0%bd%d1%8b%d0%b9-%d1%81-%d0%ba%d0%be%d0%bb%d0%bb\/","title":{"rendered":"Naktinis maitinamasis rank\u0173 kremas &#8220;Silky Hands&#8221; su kolagenu ir taukmed\u017eio sviestu, 72 ml"},"content":{"rendered":"<p>Kol miegate, jis veikia: &#8220;Silky Hands&#8221; naktinis kremas giliai regeneruoja rank\u0173 od\u0105 po neigiamo dienos poveikio.<\/p>\n<p>Aktyvioji prie\u017ei\u016bros formul\u0117.<br \/>\nItin turtinga tekst\u016bra giliai maitina.<br \/>\nMatomi rezultatai vos per vien\u0105 nakt\u012f.<br \/>\nSud\u0117tyje yra 5 kartus daugiau prie\u017ei\u016bros aliej\u0173.<br \/>\nKlini\u0161kai \u012frodytas veiksmingumas.<br \/>\nTinka vis\u0173 tip\u0173 odai, ypa\u010d sausai, sudirgusiai ir pa\u017eeistai.<br \/>\nMiego metu rank\u0173 oda ypa\u010d veiksmingai atgaivinama d\u0117l &#8220;Silk Oil Elixir&#8221; formul\u0117s, kurios sud\u0117tyje yra gausi\u0173 mikroeili\u0173, kolageno ir taukmed\u017eio sviesto. Sud\u0117tyje esantys \u0161ilko baltymai \u012fsiskverbia giliai \u012f odos sluoksnius, tod\u0117l ji tampa \u0161velni, sudr\u0117kinta ir gali kv\u0117puoti nakt\u012f. Kremas intensyviai prisotina od\u0105 maisting\u0173j\u0173 med\u017eiag\u0173, pagerina jos elastingum\u0105 ir skatina jos pa\u010dios kolageno gamyb\u0105.  <\/p>\n<p>Gro\u017eio patarimai:<br \/>\nKad poveikis b\u016bt\u0173 geriausias, tepkite stor\u0105 kremo sluoksn\u012f prie\u0161 mieg\u0105 ir m\u016bv\u0117kite medvilnines pir\u0161tines.<br \/>\nKompleksi\u0161kai naudojant apsaugin\u012f dienin\u012f ir atkuriam\u0105j\u012f naktin\u012f krem\u0105, prie\u017ei\u016bros veiksmingumas padid\u0117s 2 kartus.<br \/>\nKaip naudoti:<br \/>\nTepkite krem\u0105 ant \u0161vari\u0173, saus\u0173 rank\u0173, kol visi\u0161kai \u012fsigers.<\/p>\n","protected":false},"excerpt":{"rendered":"<p>Kol miegate, jis veikia: &#8220;Silky Hands&#8221; naktinis kremas giliai regeneruoja rank\u0173 od\u0105 po neigiamo dienos poveikio. Aktyvioji prie\u017ei\u016bros formul\u0117. Itin turtinga tekst\u016bra giliai maitina. Matomi rezultatai vos per vien\u0105 nakt\u012f. Sud\u0117tyje yra 5 kartus daugiau prie\u017ei\u016bros aliej\u0173. Klini\u0161kai \u012frodytas veiksmingumas. Tinka vis\u0173 tip\u0173 odai, ypa\u010d sausai, sudirgusiai ir pa\u017eeistai. Miego metu rank\u0173 oda ypa\u010d veiksmingai [&hellip;]<\/p>\n","protected":false},"featured_media":16581,"comment_status":"open","ping_status":"closed","template":"","meta":[],"product_brand":[],"product_cat":[119,192,124],"product_tag":[],"class_list":{"0":"post-16583","1":"product","2":"type-product","3":"status-publish","4":"has-post-thumbnail","6":"product_cat-kuno-produktai","7":"product_cat-naujienos","8":"product_cat-ranku-prieziura","10":"first","11":"instock","12":"shipping-taxable","13":"purchasable","14":"product-type-simple"},"_links":{"self":[{"href":"https:\/\/beautysba.co.uk\/lt\/wp-json\/wp\/v2\/product\/16583","targetHints":{"allow":["GET"]}}],"collection":[{"href":"https:\/\/beautysba.co.uk\/lt\/wp-json\/wp\/v2\/product"}],"about":[{"href":"https:\/\/beautysba.co.uk\/lt\/wp-json\/wp\/v2\/types\/product"}],"replies":[{"embeddable":true,"href":"https:\/\/beautysba.co.uk\/lt\/wp-json\/wp\/v2\/comments?post=16583"}],"wp:featuredmedia":[{"embeddable":true,"href":"https:\/\/beautysba.co.uk\/lt\/wp-json\/wp\/v2\/media\/16581"}],"wp:attachment":[{"href":"https:\/\/beautysba.co.uk\/lt\/wp-json\/wp\/v2\/media?parent=16583"}],"wp:term":[{"taxonomy":"product_brand","embeddable":true,"href":"https:\/\/beautysba.co.uk\/lt\/wp-json\/wp\/v2\/product_brand?post=16583"},{"taxonomy":"product_cat","embeddable":true,"href":"https:\/\/beautysba.co.uk\/lt\/wp-json\/wp\/v2\/product_cat?post=16583"},{"taxonomy":"product_tag","embeddable":true,"href":"https:\/\/beautysba.co.uk\/lt\/wp-json\/wp\/v2\/product_tag?post=16583"}],"curies":[{"name":"wp","href":"https:\/\/api.w.org\/{rel}","templated":true}]}}