{"id":17253,"date":"2025-06-11T06:18:59","date_gmt":"2025-06-11T06:18:59","guid":{"rendered":"https:\/\/beautysba.co.uk\/product\/%d1%87%d0%b0%d0%b9-%d0%b4%d0%bb%d1%8f-%d0%bf%d0%be%d1%85%d1%83%d0%b4%d0%b5%d0%bd%d0%b8%d1%8f-anti-adipose-30-%d0%bf%d0%b0%d0%ba%d0%b5%d1%82%d0%b8%d0%ba%d0%be%d0%b2\/"},"modified":"2025-06-12T07:31:28","modified_gmt":"2025-06-12T07:31:28","slug":"%d1%87%d0%b0%d0%b9-%d0%b4%d0%bb%d1%8f-%d0%bf%d0%be%d1%85%d1%83%d0%b4%d0%b5%d0%bd%d0%b8%d1%8f-anti-adipose-30-%d0%bf%d0%b0%d0%ba%d0%b5%d1%82%d0%b8%d0%ba%d0%be%d0%b2","status":"publish","type":"product","link":"https:\/\/beautysba.co.uk\/lt\/produktas\/%d1%87%d0%b0%d0%b9-%d0%b4%d0%bb%d1%8f-%d0%bf%d0%be%d1%85%d1%83%d0%b4%d0%b5%d0%bd%d0%b8%d1%8f-anti-adipose-30-%d0%bf%d0%b0%d0%ba%d0%b5%d1%82%d0%b8%d0%ba%d0%be%d0%b2\/","title":{"rendered":"Anti-ADIPOSE liekn\u0117jimo arbata, 30 paket\u0117li\u0173"},"content":{"rendered":"<p>Kin\u0173 \u017eoleli\u0173 arbata.<\/p>\n<p>Sud\u0117tis: \u017ealioji arbata, smulkinti lotoso lapai, smulkinti bambuko lapai, smulkinti lazdyno \u017eiedai, smulkinti abrikosai.<\/p>\n<p>Naudojimas: 1 paket\u0117lis 200 ml kar\u0161to vandens, palaikyti 2-3 minutes. Rekomenduojama vartoti po 1 paket\u0117l\u012f per dien\u0105. <\/p>\n<p>Laikymo s\u0105lygos: laikyti sausoje, vaikams nepasiekiamoje vietoje.<\/p>\n","protected":false},"excerpt":{"rendered":"<p>Kin\u0173 \u017eoleli\u0173 arbata. Sud\u0117tis: \u017ealioji arbata, smulkinti lotoso lapai, smulkinti bambuko lapai, smulkinti lazdyno \u017eiedai, smulkinti abrikosai. Naudojimas: 1 paket\u0117lis 200 ml kar\u0161to vandens, palaikyti 2-3 minutes. Rekomenduojama vartoti po 1 paket\u0117l\u012f per dien\u0105. Laikymo s\u0105lygos: laikyti sausoje, vaikams nepasiekiamoje vietoje.<\/p>\n","protected":false},"featured_media":17251,"comment_status":"open","ping_status":"closed","template":"","meta":[],"product_brand":[],"product_cat":[217,329,220,270],"product_tag":[],"class_list":{"0":"post-17253","1":"product","2":"type-product","3":"status-publish","4":"has-post-thumbnail","6":"product_cat-sveikatos-prieziura","7":"product_cat-svorio-metimui","8":"product_cat-zarnyno-sveikata","9":"product_cat----lt","11":"first","12":"outofstock","13":"shipping-taxable","14":"purchasable","15":"product-type-simple"},"_links":{"self":[{"href":"https:\/\/beautysba.co.uk\/lt\/wp-json\/wp\/v2\/product\/17253","targetHints":{"allow":["GET"]}}],"collection":[{"href":"https:\/\/beautysba.co.uk\/lt\/wp-json\/wp\/v2\/product"}],"about":[{"href":"https:\/\/beautysba.co.uk\/lt\/wp-json\/wp\/v2\/types\/product"}],"replies":[{"embeddable":true,"href":"https:\/\/beautysba.co.uk\/lt\/wp-json\/wp\/v2\/comments?post=17253"}],"wp:featuredmedia":[{"embeddable":true,"href":"https:\/\/beautysba.co.uk\/lt\/wp-json\/wp\/v2\/media\/17251"}],"wp:attachment":[{"href":"https:\/\/beautysba.co.uk\/lt\/wp-json\/wp\/v2\/media?parent=17253"}],"wp:term":[{"taxonomy":"product_brand","embeddable":true,"href":"https:\/\/beautysba.co.uk\/lt\/wp-json\/wp\/v2\/product_brand?post=17253"},{"taxonomy":"product_cat","embeddable":true,"href":"https:\/\/beautysba.co.uk\/lt\/wp-json\/wp\/v2\/product_cat?post=17253"},{"taxonomy":"product_tag","embeddable":true,"href":"https:\/\/beautysba.co.uk\/lt\/wp-json\/wp\/v2\/product_tag?post=17253"}],"curies":[{"name":"wp","href":"https:\/\/api.w.org\/{rel}","templated":true}]}}