{"id":17264,"date":"2025-06-11T06:33:19","date_gmt":"2025-06-11T06:33:19","guid":{"rendered":"https:\/\/beautysba.co.uk\/product\/%d0%b1%d0%bb%d0%be%d0%ba%d0%b0%d1%82%d0%be%d1%80-%d0%ba%d0%b0%d0%bb%d0%be%d1%80%d0%b8%d0%b9-%d0%ba%d0%b0%d0%bf%d1%81%d1%83%d0%bb%d1%8b-%d0%bf%d0%be-450-%d0%bc%d0%b3-40-%d1%88%d1%82-farm-pro\/"},"modified":"2025-06-12T07:31:41","modified_gmt":"2025-06-12T07:31:41","slug":"%d0%b1%d0%bb%d0%be%d0%ba%d0%b0%d1%82%d0%be%d1%80-%d0%ba%d0%b0%d0%bb%d0%be%d1%80%d0%b8%d0%b9-%d0%ba%d0%b0%d0%bf%d1%81%d1%83%d0%bb%d1%8b-%d0%bf%d0%be-450-%d0%bc%d0%b3-40-%d1%88%d1%82-farm-pro","status":"publish","type":"product","link":"https:\/\/beautysba.co.uk\/lt\/produktas\/%d0%b1%d0%bb%d0%be%d0%ba%d0%b0%d1%82%d0%be%d1%80-%d0%ba%d0%b0%d0%bb%d0%be%d1%80%d0%b8%d0%b9-%d0%ba%d0%b0%d0%bf%d1%81%d1%83%d0%bb%d1%8b-%d0%bf%d0%be-450-%d0%bc%d0%b3-40-%d1%88%d1%82-farm-pro\/","title":{"rendered":"Kalorij\u0173 blokatoriaus kapsul\u0117s 450 mg 40 vnt."},"content":{"rendered":"<p>Trij\u0173 etap\u0173 CALORIE BLOCKATOR yra paprastas b\u016bdas kontroliuoti k\u016bno svor\u012f. Nereikia atsisakyti maisto, vaistas pats kontroliuoja kalorij\u0173 \u012fsisavinim\u0105. <\/p>\n<p>Jis veiksmingas d\u0117l trij\u0173 fazi\u0173 veikimo:  <\/p>\n<p>1 etapas: blokuoja angliavandeni\u0173 \u012fsisavinim\u0105<br \/>\n2 etapas: blokuoja riebal\u0173 \u012fsisavinim\u0105<br \/>\n3 etapas: apetito blokatorius<\/p>\n<p>Balt\u0173j\u0173 pupeli\u0173 ekstraktas. \u0160iuolaikiniuose tyrimuose pasteb\u0117ta, kad balt\u0173j\u0173 pupeli\u0173 ekstraktas gali blokuoti fermento \u03b1-amilaz\u0117s, atsakingos u\u017e sud\u0117ting\u0173 angliavandeni\u0173 skaidym\u0105 \u012f paprastus cukrus, veikim\u0105. D\u0117l to suma\u017e\u0117ja maisto, kuriame yra sud\u0117ting\u0173 angliavandeni\u0173, vir\u0161kinimas, suma\u017e\u0117ja dienos raciono kaloringumas ir d\u0117l to ma\u017e\u0117ja svoris.  <\/p>\n<p>Chitozanas yra veiksmingas nat\u016bralios kilm\u0117s sorbentas. Jo sud\u0117tyje yra \u0161armin\u0117 chitino forma, savo strukt\u016bra pana\u0161i \u012f celiulioz\u0119. D\u0117l \u0161io pana\u0161umo \u012f celiulioz\u0117s skaidulas chitozan\u0105 galima naudoti kaip dietin\u012f komponent\u0105, pakei\u010diant\u012f dal\u012f kalorij\u0173 turin\u010dio patiekalo.  <\/p>\n<p>Pats chitozanas neturi kalorij\u0173, nes tai yra produktas, kurio organizmas nevir\u0161kina. Ta\u010diau, kitaip nei celiulioz\u0117je ir kituose sorbentuose, chitozano sud\u0117tyje yra aminogrup\u0117, kuri gali veiksmingai pritraukti riebalines l\u0105steles ir lipidus, juos suri\u0161ti ir pa\u0161alinti i\u0161 organizmo. <\/p>\n<p>Garcinia cambogia yra svarbiausias XX a. atradimas, skirtas naudoti dietologijoje. Pagrindin\u0117 veiklioji Garcinia cambogia med\u017eiaga yra hidroksilimono r\u016bg\u0161tis (HLA), kuri slopina apetit\u0105, normalizuoja lipid\u0173 apykait\u0105 ir ma\u017eina riebal\u0173 \u012fsisavinim\u0105. <\/p>\n<p>Chromo pikolinatas yra organin\u0117s formos chromo \u0161altinis, kuris yra labiausiai prieinamas organizmui. Chromas atlieka svarb\u0173 biologin\u012f vaidmen\u012f lipid\u0173, angliavandeni\u0173 ir baltym\u0173 apykaitoje organizme. <\/p>\n<p>Chromas didina organizmo glikogeno atsargas, tod\u0117l ma\u017e\u0117ja riebal\u0173 atsargos, nes daugiau angliavandeni\u0173 gali b\u016bti paver\u010diami glikogenu, o ne riebalais.<\/p>\n<p>Ta\u010diau svarbiausia, kad chromas yra ma\u017eos molekulin\u0117s mas\u0117s komplekso &#8211; gliukoz\u0117s tolerancijos faktoriaus &#8211; sudedamoji dalis, kuris veikia kartu su insulinu perne\u0161ant gliukoz\u0119 per l\u0105steli\u0173 membranas.<\/p>\n<p>\u0160is mechanizmas leid\u017eia chromui reguliuoti angliavandeni\u0173 apykaitos procesus ir gliukoz\u0117s kiek\u012f kraujyje, veiksmingai ma\u017einant potrauk\u012f saldumynams.<\/p>\n<p>Indikacijos<br \/>\nKaip biologi\u0161kai aktyvus maisto papildas &#8211; hidroksilimono r\u016bg\u0161ties ir chromo \u0161altinis asmenims, kontroliuojantiems k\u016bno svor\u012f.<\/p>\n<p>Kontraindikacijos<br \/>\nPadid\u0117j\u0119s jautrumas produkto sudedamosioms dalims, n\u0117\u0161tumas ir \u017eindymas.<\/p>\n<p>Vartojimo b\u016bdas, eiga ir dozavimas<br \/>\nSuaugusiesiems gerti po 2 kapsules 3 kartus per dien\u0105 valgio metu.<\/p>\n<p>Pri\u0117mimo trukm\u0117 \u2013 1 m\u0117nuo.<\/p>\n","protected":false},"excerpt":{"rendered":"<p>Trij\u0173 etap\u0173 CALORIE BLOCKATOR yra paprastas b\u016bdas kontroliuoti k\u016bno svor\u012f. Nereikia atsisakyti maisto, vaistas pats kontroliuoja kalorij\u0173 \u012fsisavinim\u0105. Jis veiksmingas d\u0117l trij\u0173 fazi\u0173 veikimo: 1 etapas: blokuoja angliavandeni\u0173 \u012fsisavinim\u0105 2 etapas: blokuoja riebal\u0173 \u012fsisavinim\u0105 3 etapas: apetito blokatorius Balt\u0173j\u0173 pupeli\u0173 ekstraktas. \u0160iuolaikiniuose tyrimuose pasteb\u0117ta, kad balt\u0173j\u0173 pupeli\u0173 ekstraktas gali blokuoti fermento \u03b1-amilaz\u0117s, atsakingos u\u017e sud\u0117ting\u0173 [&hellip;]<\/p>\n","protected":false},"featured_media":17262,"comment_status":"open","ping_status":"closed","template":"","meta":[],"product_brand":[],"product_cat":[217,329,220],"product_tag":[],"class_list":{"0":"post-17264","1":"product","2":"type-product","3":"status-publish","4":"has-post-thumbnail","6":"product_cat-sveikatos-prieziura","7":"product_cat-svorio-metimui","8":"product_cat-zarnyno-sveikata","10":"first","11":"outofstock","12":"shipping-taxable","13":"purchasable","14":"product-type-simple"},"_links":{"self":[{"href":"https:\/\/beautysba.co.uk\/lt\/wp-json\/wp\/v2\/product\/17264","targetHints":{"allow":["GET"]}}],"collection":[{"href":"https:\/\/beautysba.co.uk\/lt\/wp-json\/wp\/v2\/product"}],"about":[{"href":"https:\/\/beautysba.co.uk\/lt\/wp-json\/wp\/v2\/types\/product"}],"replies":[{"embeddable":true,"href":"https:\/\/beautysba.co.uk\/lt\/wp-json\/wp\/v2\/comments?post=17264"}],"wp:featuredmedia":[{"embeddable":true,"href":"https:\/\/beautysba.co.uk\/lt\/wp-json\/wp\/v2\/media\/17262"}],"wp:attachment":[{"href":"https:\/\/beautysba.co.uk\/lt\/wp-json\/wp\/v2\/media?parent=17264"}],"wp:term":[{"taxonomy":"product_brand","embeddable":true,"href":"https:\/\/beautysba.co.uk\/lt\/wp-json\/wp\/v2\/product_brand?post=17264"},{"taxonomy":"product_cat","embeddable":true,"href":"https:\/\/beautysba.co.uk\/lt\/wp-json\/wp\/v2\/product_cat?post=17264"},{"taxonomy":"product_tag","embeddable":true,"href":"https:\/\/beautysba.co.uk\/lt\/wp-json\/wp\/v2\/product_tag?post=17264"}],"curies":[{"name":"wp","href":"https:\/\/api.w.org\/{rel}","templated":true}]}}