{"id":17287,"date":"2025-06-12T06:56:34","date_gmt":"2025-06-12T06:56:34","guid":{"rendered":"https:\/\/beautysba.co.uk\/product\/%d0%bc%d1%8b%d0%bb%d0%be-golden-pharm-%d0%b4%d0%b5%d0%b3%d1%82%d1%8f%d1%80%d0%bd%d0%be%d0%b5-70-%d0%b3\/"},"modified":"2025-06-12T07:31:30","modified_gmt":"2025-06-12T07:31:30","slug":"%d0%bc%d1%8b%d0%bb%d0%be-golden-pharm-%d0%b4%d0%b5%d0%b3%d1%82%d1%8f%d1%80%d0%bd%d0%be%d0%b5-70-%d0%b3","status":"publish","type":"product","link":"https:\/\/beautysba.co.uk\/lt\/produktas\/%d0%bc%d1%8b%d0%bb%d0%be-golden-pharm-%d0%b4%d0%b5%d0%b3%d1%82%d1%8f%d1%80%d0%bd%d0%be%d0%b5-70-%d0%b3\/","title":{"rendered":"\u201eGolden Pharm\u201c muilas \u201eGolden Pharm\u201c muilas 70 g"},"content":{"rendered":"<p>Deguto muilas yra nat\u016bralus \u201eGolden Farm\u201c gaminamas produktas.<\/p>\n<p>Kosmetologijoje ir dermatologijoje degutas naudojamas kaip pagalbin\u0117 priemon\u0117 veido ir k\u016bno odai, sergan\u010diai u\u017edegimin\u0117mis odos problemomis (p\u016bliniai, nudegimai ir nu\u0161alimai, opos, nie\u017eulys, b\u0117rimai, \u017evynelin\u0117, egzema, psoriaz\u0117, grybelis, \u017evynelin\u0117, p\u0117d\u0173 epidermofitija), taip pat plauk\u0173 slinkimui i\u0161vengti ir j\u0173 augimui skatinti.<\/p>\n","protected":false},"excerpt":{"rendered":"<p>Deguto muilas yra nat\u016bralus \u201eGolden Farm\u201c gaminamas produktas. Kosmetologijoje ir dermatologijoje degutas naudojamas kaip pagalbin\u0117 priemon\u0117 veido ir k\u016bno odai, sergan\u010diai u\u017edegimin\u0117mis odos problemomis (p\u016bliniai, nudegimai ir nu\u0161alimai, opos, nie\u017eulys, b\u0117rimai, \u017evynelin\u0117, egzema, psoriaz\u0117, grybelis, \u017evynelin\u0117, p\u0117d\u0173 epidermofitija), taip pat plauk\u0173 slinkimui i\u0161vengti ir j\u0173 augimui skatinti.<\/p>\n","protected":false},"featured_media":17285,"comment_status":"open","ping_status":"closed","template":"","meta":[],"product_brand":[],"product_cat":[128,191,127,310],"product_tag":[],"class_list":{"0":"post-17287","1":"product","2":"type-product","3":"status-publish","4":"has-post-thumbnail","6":"product_cat-spuogu-demiu-gydymas","7":"product_cat-tualeto-reikmenys","8":"product_cat-veidas","9":"product_cat----lt","11":"first","12":"instock","13":"shipping-taxable","14":"purchasable","15":"product-type-simple"},"_links":{"self":[{"href":"https:\/\/beautysba.co.uk\/lt\/wp-json\/wp\/v2\/product\/17287","targetHints":{"allow":["GET"]}}],"collection":[{"href":"https:\/\/beautysba.co.uk\/lt\/wp-json\/wp\/v2\/product"}],"about":[{"href":"https:\/\/beautysba.co.uk\/lt\/wp-json\/wp\/v2\/types\/product"}],"replies":[{"embeddable":true,"href":"https:\/\/beautysba.co.uk\/lt\/wp-json\/wp\/v2\/comments?post=17287"}],"wp:featuredmedia":[{"embeddable":true,"href":"https:\/\/beautysba.co.uk\/lt\/wp-json\/wp\/v2\/media\/17285"}],"wp:attachment":[{"href":"https:\/\/beautysba.co.uk\/lt\/wp-json\/wp\/v2\/media?parent=17287"}],"wp:term":[{"taxonomy":"product_brand","embeddable":true,"href":"https:\/\/beautysba.co.uk\/lt\/wp-json\/wp\/v2\/product_brand?post=17287"},{"taxonomy":"product_cat","embeddable":true,"href":"https:\/\/beautysba.co.uk\/lt\/wp-json\/wp\/v2\/product_cat?post=17287"},{"taxonomy":"product_tag","embeddable":true,"href":"https:\/\/beautysba.co.uk\/lt\/wp-json\/wp\/v2\/product_tag?post=17287"}],"curies":[{"name":"wp","href":"https:\/\/api.w.org\/{rel}","templated":true}]}}