{"id":17299,"date":"2025-06-12T07:05:06","date_gmt":"2025-06-12T07:05:06","guid":{"rendered":"https:\/\/beautysba.co.uk\/product\/%d0%ba%d0%bb%d0%b5%d1%82%d1%87%d0%b0%d1%82%d0%ba%d0%b0-fitness-%d0%ba%d0%be%d0%ba%d1%82%d0%b5%d0%b9%d0%bb%d1%8c-%d1%8f%d0%b3%d0%be%d0%b4%d1%8b-%d0%b3%d0%be%d0%b4%d0%b6%d0%b8-%d1%82%d0%be%d0%bf%d0%b8\/"},"modified":"2025-06-12T07:31:36","modified_gmt":"2025-06-12T07:31:36","slug":"%d0%ba%d0%bb%d0%b5%d1%82%d1%87%d0%b0%d1%82%d0%ba%d0%b0-fitness-%d0%ba%d0%be%d0%ba%d1%82%d0%b5%d0%b9%d0%bb%d1%8c-%d1%8f%d0%b3%d0%be%d0%b4%d1%8b-%d0%b3%d0%be%d0%b4%d0%b6%d0%b8-%d1%82%d0%be%d0%bf%d0%b8","status":"publish","type":"product","link":"https:\/\/beautysba.co.uk\/lt\/produktas\/%d0%ba%d0%bb%d0%b5%d1%82%d1%87%d0%b0%d1%82%d0%ba%d0%b0-fitness-%d0%ba%d0%be%d0%ba%d1%82%d0%b5%d0%b9%d0%bb%d1%8c-%d1%8f%d0%b3%d0%be%d0%b4%d1%8b-%d0%b3%d0%be%d0%b4%d0%b6%d0%b8-%d1%82%d0%be%d0%bf%d0%b8\/","title":{"rendered":"Fibre Fitness kokteilis (goji uogos\/topinamb\u016bras) 150 gr"},"content":{"rendered":"<p>FITNESS SKAIDULOS. Obuoli\u0173 skaidulos mal\u0161ina alk\u012f, padeda normalizuoti cholesterolio kiek\u012f, gerina \u017earnyno mikroflor\u0105, teigiamai veikia med\u017eiag\u0173 apykait\u0105. Goji uogos &#8211; l\u0117tina nat\u016bral\u0173 sen\u0117jimo proces\u0105, gerina med\u017eiag\u0173 apykait\u0105, skatina svorio ma\u017e\u0117jim\u0105, gerina odos b\u016bkl\u0119, stiprina imunitet\u0105. Kaip vartoti: produktas yra paruo\u0161tas vartojimui. 2-3 valgomuosius \u0161auk\u0161tus i\u0161mai\u0161yti stiklin\u0117je kefyro, jogurto, sul\u010di\u0173 ar kito skys\u010dio. Palaikyti 3-5 minutes. Vartokite kaip pagrindin\u0119 diet\u0105 i\u0161krovos dienomis arba 15-20 min. prie\u0161 valg\u012f. Rekomenduojama vartoti 2-3 kartus per dien\u0105. Nor\u0117dami suma\u017einti kalorij\u0173 kiek\u012f, galite prid\u0117ti \u012f pirm\u0105 ir antr\u0105 patiekalus.         <\/p>\n<p>Produkto maistin\u0117 vert\u0117: 100 g.<\/p>\n<p>Vover\u0117s:15<\/p>\n<p>Riebalai:5<\/p>\n<p>Angliavandeniai:0<\/p>\n<p>Kcal:55  <\/p>\n","protected":false},"excerpt":{"rendered":"<p>FITNESS SKAIDULOS. Obuoli\u0173 skaidulos mal\u0161ina alk\u012f, padeda normalizuoti cholesterolio kiek\u012f, gerina \u017earnyno mikroflor\u0105, teigiamai veikia med\u017eiag\u0173 apykait\u0105. Goji uogos &#8211; l\u0117tina nat\u016bral\u0173 sen\u0117jimo proces\u0105, gerina med\u017eiag\u0173 apykait\u0105, skatina svorio ma\u017e\u0117jim\u0105, gerina odos b\u016bkl\u0119, stiprina imunitet\u0105. Kaip vartoti: produktas yra paruo\u0161tas vartojimui. 2-3 valgomuosius \u0161auk\u0161tus i\u0161mai\u0161yti stiklin\u0117je kefyro, jogurto, sul\u010di\u0173 ar kito skys\u010dio. Palaikyti 3-5 minutes. [&hellip;]<\/p>\n","protected":false},"featured_media":17297,"comment_status":"open","ping_status":"closed","template":"","meta":[],"product_brand":[],"product_cat":[192,217,329,220,270],"product_tag":[],"class_list":{"0":"post-17299","1":"product","2":"type-product","3":"status-publish","4":"has-post-thumbnail","6":"product_cat-naujienos","7":"product_cat-sveikatos-prieziura","8":"product_cat-svorio-metimui","9":"product_cat-zarnyno-sveikata","10":"product_cat----lt","12":"first","13":"instock","14":"shipping-taxable","15":"purchasable","16":"product-type-simple"},"_links":{"self":[{"href":"https:\/\/beautysba.co.uk\/lt\/wp-json\/wp\/v2\/product\/17299","targetHints":{"allow":["GET"]}}],"collection":[{"href":"https:\/\/beautysba.co.uk\/lt\/wp-json\/wp\/v2\/product"}],"about":[{"href":"https:\/\/beautysba.co.uk\/lt\/wp-json\/wp\/v2\/types\/product"}],"replies":[{"embeddable":true,"href":"https:\/\/beautysba.co.uk\/lt\/wp-json\/wp\/v2\/comments?post=17299"}],"wp:featuredmedia":[{"embeddable":true,"href":"https:\/\/beautysba.co.uk\/lt\/wp-json\/wp\/v2\/media\/17297"}],"wp:attachment":[{"href":"https:\/\/beautysba.co.uk\/lt\/wp-json\/wp\/v2\/media?parent=17299"}],"wp:term":[{"taxonomy":"product_brand","embeddable":true,"href":"https:\/\/beautysba.co.uk\/lt\/wp-json\/wp\/v2\/product_brand?post=17299"},{"taxonomy":"product_cat","embeddable":true,"href":"https:\/\/beautysba.co.uk\/lt\/wp-json\/wp\/v2\/product_cat?post=17299"},{"taxonomy":"product_tag","embeddable":true,"href":"https:\/\/beautysba.co.uk\/lt\/wp-json\/wp\/v2\/product_tag?post=17299"}],"curies":[{"name":"wp","href":"https:\/\/api.w.org\/{rel}","templated":true}]}}