{"id":17305,"date":"2025-06-12T07:07:38","date_gmt":"2025-06-12T07:07:38","guid":{"rendered":"https:\/\/beautysba.co.uk\/product\/%d0%bc%d0%b5%d1%80%d0%b8%d1%82-%d0%ba%d0%b0%d0%bf%d1%81%d1%83%d0%bb%d1%8b-500%d0%bc%d0%b3-n21\/"},"modified":"2025-06-12T07:31:41","modified_gmt":"2025-06-12T07:31:41","slug":"%d0%bc%d0%b5%d1%80%d0%b8%d1%82-%d0%ba%d0%b0%d0%bf%d1%81%d1%83%d0%bb%d1%8b-500%d0%bc%d0%b3-n21","status":"publish","type":"product","link":"https:\/\/beautysba.co.uk\/lt\/produktas\/%d0%bc%d0%b5%d1%80%d0%b8%d1%82-%d0%ba%d0%b0%d0%bf%d1%81%d1%83%d0%bb%d1%8b-500%d0%bc%d0%b3-n21\/","title":{"rendered":"\u201eMerit\u201c kapsul\u0117s 500mg N21"},"content":{"rendered":"<p>Viena veiksmingiausi\u0173 pasaulyje priemoni\u0173, padedan\u010di\u0173 numesti svorio ir i\u0161valyti organizm\u0105. Tie, kurie keliavo po Indonezij\u0105, tur\u0117jo pasteb\u0117ti, kaip retai ten galima sutikti nutukusi\u0173 \u017emoni\u0173. \u0160\u012f rei\u0161kin\u012f i\u0161 esm\u0117s lemia tai, kad \u0161ios \u0161alies gyventoj\u0173 mityb\u0105 nuo seno sudaro unikal\u016bs augaliniai komponentai, padedantys palaikyti ideal\u0173 svor\u012f. Populiariausiame vaista\u017eoli\u0173 komplekse \u201eMERIT\u201c panaudotos naujausios technologijos ir 4 t\u016bkstan\u010di\u0173 met\u0173 Indonezijos medicinos patirtis.   <\/p>\n<p>Sud\u0117tyje: Guatsuma elmifolia \u017eiedai, rabarbar\u0173 \u0161aknys, granat\u0173 vaisi\u0173 \u017eiev\u0117.<\/p>\n<p>Veiksmas:<\/p>\n<p>&#8211; Palengvina vir\u0161kinamojo trakto u\u017ekiet\u0117jim\u0105, susijus\u012f su maisto poky\u010diais, gyvenimo b\u016bdu, persivalgymu, stresu ir kt.<\/p>\n<p>&#8211; Veiksmingai apsaugo nuo persivalgymo. Ta\u010diau bet kokia apsauga turi protingas ribas, tod\u0117l stenkit\u0117s nepiktnaud\u017eiauti pernelyg riebiu ir angliavandeni\u0173 turin\u010diu maistu, pad\u0117kite \u201eMERIT\u201c pa\u0161alinti tai, kas jau susikaup\u0117, o ne apsaugokite save nuo pernelyg kaloringos kasdien\u0117s mitybos. <\/p>\n<p>&#8211; Kontroliuoja k\u016bno svor\u012f ir gerina vir\u0161kinamojo trakto evakuacijos funkcij\u0105.<\/p>\n<p>Padeda pa\u0161alinti viduri\u0173 u\u017ekiet\u0117jim\u0105, normalizuoja i\u0161mat\u0173 kiek\u012f.<\/p>\n<p>&#8211; Jis skatina svorio metim\u0105, skaido ir \u0161alina riebalus, valo organizm\u0105 nuo toksin\u0173 ir normalizuoja med\u017eiag\u0173 apykaitos procesus. MERIT sud\u0117tyje esan\u010dios sudedamosios dalys neturi nepageidaujamo \u0161alutinio poveikio, tod\u0117l MERIT tinka vartoti ilg\u0105 laik\u0105.  Tai ne narkotikas. Vartojimas: 2 \u017eirniai prie\u0161 mieg\u0105.<\/p>\n<p>Vartojimo apribojimai: n\u0117\u0161tumas, viduriavimas, individualus komponent\u0173 netoleravimas.<\/p>\n<p>Gamintojas: Sari Sehat, Indonezija<\/p>\n<p>Pakuot\u0117: 21 \u017eirnis po 500 mg<\/p>\n","protected":false},"excerpt":{"rendered":"<p>Viena veiksmingiausi\u0173 pasaulyje priemoni\u0173, padedan\u010di\u0173 numesti svorio ir i\u0161valyti organizm\u0105. Tie, kurie keliavo po Indonezij\u0105, tur\u0117jo pasteb\u0117ti, kaip retai ten galima sutikti nutukusi\u0173 \u017emoni\u0173. \u0160\u012f rei\u0161kin\u012f i\u0161 esm\u0117s lemia tai, kad \u0161ios \u0161alies gyventoj\u0173 mityb\u0105 nuo seno sudaro unikal\u016bs augaliniai komponentai, padedantys palaikyti ideal\u0173 svor\u012f. Populiariausiame vaista\u017eoli\u0173 komplekse \u201eMERIT\u201c panaudotos naujausios technologijos ir 4 t\u016bkstan\u010di\u0173 [&hellip;]<\/p>\n","protected":false},"featured_media":17303,"comment_status":"open","ping_status":"closed","template":"","meta":[],"product_brand":[],"product_cat":[217,220],"product_tag":[],"class_list":{"0":"post-17305","1":"product","2":"type-product","3":"status-publish","4":"has-post-thumbnail","6":"product_cat-sveikatos-prieziura","7":"product_cat-zarnyno-sveikata","9":"first","10":"instock","11":"shipping-taxable","12":"purchasable","13":"product-type-simple"},"_links":{"self":[{"href":"https:\/\/beautysba.co.uk\/lt\/wp-json\/wp\/v2\/product\/17305","targetHints":{"allow":["GET"]}}],"collection":[{"href":"https:\/\/beautysba.co.uk\/lt\/wp-json\/wp\/v2\/product"}],"about":[{"href":"https:\/\/beautysba.co.uk\/lt\/wp-json\/wp\/v2\/types\/product"}],"replies":[{"embeddable":true,"href":"https:\/\/beautysba.co.uk\/lt\/wp-json\/wp\/v2\/comments?post=17305"}],"wp:featuredmedia":[{"embeddable":true,"href":"https:\/\/beautysba.co.uk\/lt\/wp-json\/wp\/v2\/media\/17303"}],"wp:attachment":[{"href":"https:\/\/beautysba.co.uk\/lt\/wp-json\/wp\/v2\/media?parent=17305"}],"wp:term":[{"taxonomy":"product_brand","embeddable":true,"href":"https:\/\/beautysba.co.uk\/lt\/wp-json\/wp\/v2\/product_brand?post=17305"},{"taxonomy":"product_cat","embeddable":true,"href":"https:\/\/beautysba.co.uk\/lt\/wp-json\/wp\/v2\/product_cat?post=17305"},{"taxonomy":"product_tag","embeddable":true,"href":"https:\/\/beautysba.co.uk\/lt\/wp-json\/wp\/v2\/product_tag?post=17305"}],"curies":[{"name":"wp","href":"https:\/\/api.w.org\/{rel}","templated":true}]}}