{"id":17327,"date":"2025-06-12T07:14:01","date_gmt":"2025-06-12T07:14:01","guid":{"rendered":"https:\/\/beautysba.co.uk\/product\/%d1%82%d1%80%d0%b8%d0%bf%d1%82%d0%be%d1%84%d0%b0%d0%bd-300-%d0%bc%d0%b3-%d0%b1%d0%b8%d0%be%d0%bb%d0%be%d0%b3%d0%b8%d1%87%d0%b5%d1%81%d0%ba%d0%b8-%d0%b0%d0%ba%d1%82%d0%b8%d0%b2%d0%bd%d0%b0%d1%8f\/"},"modified":"2025-06-12T07:31:25","modified_gmt":"2025-06-12T07:31:25","slug":"%d1%82%d1%80%d0%b8%d0%bf%d1%82%d0%be%d1%84%d0%b0%d0%bd-300-%d0%bc%d0%b3-%d0%b1%d0%b8%d0%be%d0%bb%d0%be%d0%b3%d0%b8%d1%87%d0%b5%d1%81%d0%ba%d0%b8-%d0%b0%d0%ba%d1%82%d0%b8%d0%b2%d0%bd%d0%b0%d1%8f","status":"publish","type":"product","link":"https:\/\/beautysba.co.uk\/lt\/produktas\/%d1%82%d1%80%d0%b8%d0%bf%d1%82%d0%be%d1%84%d0%b0%d0%bd-300-%d0%bc%d0%b3-%d0%b1%d0%b8%d0%be%d0%bb%d0%be%d0%b3%d0%b8%d1%87%d0%b5%d1%81%d0%ba%d0%b8-%d0%b0%d0%ba%d1%82%d0%b8%d0%b2%d0%bd%d0%b0%d1%8f\/","title":{"rendered":"Triptofanas 300 mg, maisto papildas, N90- VitalHarmony"},"content":{"rendered":"<p>Apra\u0161ymas: Triptofanas kapsul\u0117se yra maisto papildas, kurio sud\u0117tyje yra L-triptofano.<\/p>\n<p>Grynasis kiekis: 90 kapsuli\u0173<\/p>\n<p>Sudedamosios dalys: L-triptofanas, kapsul\u0117s apvalkalas: hidroksipropilmetilceliulioz\u0117s (HPMC) u\u017epildas.<\/p>\n<p>Informacija apie alergenus: sud\u0117tyje gali b\u016bti: pieno (\u012fskaitant laktoz\u0119), sojos, \u017eem\u0117s rie\u0161ut\u0173, \u017eem\u0117s rie\u0161ut\u0173, rie\u0161ut\u0173, sezamo, glitimo, kiau\u0161ini\u0173, v\u0117\u017eiagyvi\u0173 ir \u017euvies.<\/p>\n<p>Rekomenduojama doz\u0117: suaugusiesiems &#8211; 1 kapsul\u0117 per dien\u0105, u\u017egeriant vandeniu.<\/p>\n<p>Sud\u0117tis 1 kapsul\u0117je:<br \/>\nL-triptofanas &#8211; 300 mg<\/p>\n<p>\u012esp\u0117jimai:<\/p>\n<p>Nenaudoti esant padid\u0117jusiam jautrumui sudedamosioms dalims.<br \/>\nNerekomenduojama vartoti n\u0117\u0161tumo ir \u017eindymo laikotarpiu.<br \/>\nPrie\u0161 vartojim\u0105 rekomenduojama pasitarti su gydytoju.<br \/>\nNevir\u0161ykite rekomenduojamos doz\u0117s.<br \/>\nLaikyti vaikams nepasiekiamoje vietoje.<br \/>\nNenaudokite kaip \u012fvairios mitybos ir sveiko gyvenimo b\u016bdo pakaitalo.<\/p>\n","protected":false},"excerpt":{"rendered":"<p>Apra\u0161ymas: Triptofanas kapsul\u0117se yra maisto papildas, kurio sud\u0117tyje yra L-triptofano. Grynasis kiekis: 90 kapsuli\u0173 Sudedamosios dalys: L-triptofanas, kapsul\u0117s apvalkalas: hidroksipropilmetilceliulioz\u0117s (HPMC) u\u017epildas. Informacija apie alergenus: sud\u0117tyje gali b\u016bti: pieno (\u012fskaitant laktoz\u0119), sojos, \u017eem\u0117s rie\u0161ut\u0173, \u017eem\u0117s rie\u0161ut\u0173, rie\u0161ut\u0173, sezamo, glitimo, kiau\u0161ini\u0173, v\u0117\u017eiagyvi\u0173 ir \u017euvies. Rekomenduojama doz\u0117: suaugusiesiems &#8211; 1 kapsul\u0117 per dien\u0105, u\u017egeriant vandeniu. Sud\u0117tis 1 [&hellip;]<\/p>\n","protected":false},"featured_media":17325,"comment_status":"open","ping_status":"closed","template":"","meta":[],"product_brand":[],"product_cat":[192,217,220],"product_tag":[],"class_list":{"0":"post-17327","1":"product","2":"type-product","3":"status-publish","4":"has-post-thumbnail","6":"product_cat-naujienos","7":"product_cat-sveikatos-prieziura","8":"product_cat-zarnyno-sveikata","10":"first","11":"outofstock","12":"shipping-taxable","13":"purchasable","14":"product-type-simple"},"_links":{"self":[{"href":"https:\/\/beautysba.co.uk\/lt\/wp-json\/wp\/v2\/product\/17327","targetHints":{"allow":["GET"]}}],"collection":[{"href":"https:\/\/beautysba.co.uk\/lt\/wp-json\/wp\/v2\/product"}],"about":[{"href":"https:\/\/beautysba.co.uk\/lt\/wp-json\/wp\/v2\/types\/product"}],"replies":[{"embeddable":true,"href":"https:\/\/beautysba.co.uk\/lt\/wp-json\/wp\/v2\/comments?post=17327"}],"wp:featuredmedia":[{"embeddable":true,"href":"https:\/\/beautysba.co.uk\/lt\/wp-json\/wp\/v2\/media\/17325"}],"wp:attachment":[{"href":"https:\/\/beautysba.co.uk\/lt\/wp-json\/wp\/v2\/media?parent=17327"}],"wp:term":[{"taxonomy":"product_brand","embeddable":true,"href":"https:\/\/beautysba.co.uk\/lt\/wp-json\/wp\/v2\/product_brand?post=17327"},{"taxonomy":"product_cat","embeddable":true,"href":"https:\/\/beautysba.co.uk\/lt\/wp-json\/wp\/v2\/product_cat?post=17327"},{"taxonomy":"product_tag","embeddable":true,"href":"https:\/\/beautysba.co.uk\/lt\/wp-json\/wp\/v2\/product_tag?post=17327"}],"curies":[{"name":"wp","href":"https:\/\/api.w.org\/{rel}","templated":true}]}}