{"id":17333,"date":"2025-06-12T07:15:01","date_gmt":"2025-06-12T07:15:01","guid":{"rendered":"https:\/\/beautysba.co.uk\/product\/%d0%b2%d0%b8%d1%82%d0%b0%d0%bc%d0%b8%d0%bd-d3-%d0%b1%d0%b8%d0%be%d0%bb%d0%be%d0%b3%d0%b8%d1%87%d0%b5%d1%81%d0%ba%d0%b8-%d0%b0%d0%ba%d1%82%d0%b8%d0%b2%d0%bd%d0%b0%d1%8f-%d0%b4%d0%be%d0%b1%d0%b0%d0%b2\/"},"modified":"2025-06-12T07:31:40","modified_gmt":"2025-06-12T07:31:40","slug":"%d0%b2%d0%b8%d1%82%d0%b0%d0%bc%d0%b8%d0%bd-d3-%d0%b1%d0%b8%d0%be%d0%bb%d0%be%d0%b3%d0%b8%d1%87%d0%b5%d1%81%d0%ba%d0%b8-%d0%b0%d0%ba%d1%82%d0%b8%d0%b2%d0%bd%d0%b0%d1%8f-%d0%b4%d0%be%d0%b1%d0%b0%d0%b2","status":"publish","type":"product","link":"https:\/\/beautysba.co.uk\/lt\/produktas\/%d0%b2%d0%b8%d1%82%d0%b0%d0%bc%d0%b8%d0%bd-d3-%d0%b1%d0%b8%d0%be%d0%bb%d0%be%d0%b3%d0%b8%d1%87%d0%b5%d1%81%d0%ba%d0%b8-%d0%b0%d0%ba%d1%82%d0%b8%d0%b2%d0%bd%d0%b0%d1%8f-%d0%b4%d0%be%d0%b1%d0%b0%d0%b2\/","title":{"rendered":"Vitaminas D3, maisto papildas, N90- VitalHarmony"},"content":{"rendered":"<p>Apra\u0161ymas: palaiko sveikus kaulus, dantis ir imunin\u0119 sistem\u0105. *Vitaminas D skatina sveikus kaulus ir dantis bei normali\u0105 imunin\u0117s sistemos veikl\u0105. <\/p>\n<p>Grynasis kiekis: 90 kapsuli\u0173<\/p>\n<p>Sudedamosios dalys: alyvuogi\u0173 aliejus, kapsul\u0117s apvalkalas: \u017eelatina, dr\u0117kiklis: glicerinas, i\u0161grynintas vanduo, vitaminas D3 (cholekalciferolis, gautas i\u0161 lanolino).<\/p>\n<p>Informacija apie alergenus: sud\u0117tyje gali b\u016bti: pieno (\u012fskaitant laktoz\u0119), sojos, \u017eem\u0117s rie\u0161ut\u0173, \u017eem\u0117s rie\u0161ut\u0173, kit\u0173 rie\u0161ut\u0173, sezamo s\u0117kl\u0173, glitimo turin\u010di\u0173 gr\u016bd\u0173, kiau\u0161ini\u0173, v\u0117\u017eiagyvi\u0173.<\/p>\n<p>Rekomenduojama paros doz\u0117 ir vartojimo b\u016bdas: Suaugusiesiems &#8211; 1 mink\u0161ta kapsul\u0117 per dien\u0105, u\u017egeriant vandeniu.<\/p>\n<p>Sud\u0117tis 1 kapsul\u0117je:<br \/>\nVitaminas D3 &#8211; 100 \u00b5g (4000 TV**) &#8211; 2000% *NRV<br \/>\n*NRV &#8211; rekomenduojama paros norma, **ME &#8211; tarptautiniai vienetai.<\/p>\n<p>\u012esp\u0117jimai:<\/p>\n<p>Nenaudokite, jei netoleruojate sudedam\u0173j\u0173 dali\u0173.<br \/>\nNerekomenduojama vartoti n\u0117\u0161tumo ir \u017eindymo laikotarpiu.<br \/>\nPrie\u0161 vartojim\u0105 rekomenduojama pasitarti su gydytoju.<br \/>\nNevir\u0161ykite rekomenduojamos paros doz\u0117s.<br \/>\nLaikyti vaikams nepasiekiamoje vietoje.<br \/>\nNevartokite kaip visavert\u0117s ir subalansuotos mitybos pakaitalo.<\/p>\n","protected":false},"excerpt":{"rendered":"<p>Apra\u0161ymas: palaiko sveikus kaulus, dantis ir imunin\u0119 sistem\u0105. *Vitaminas D skatina sveikus kaulus ir dantis bei normali\u0105 imunin\u0117s sistemos veikl\u0105. Grynasis kiekis: 90 kapsuli\u0173 Sudedamosios dalys: alyvuogi\u0173 aliejus, kapsul\u0117s apvalkalas: \u017eelatina, dr\u0117kiklis: glicerinas, i\u0161grynintas vanduo, vitaminas D3 (cholekalciferolis, gautas i\u0161 lanolino). Informacija apie alergenus: sud\u0117tyje gali b\u016bti: pieno (\u012fskaitant laktoz\u0119), sojos, \u017eem\u0117s rie\u0161ut\u0173, \u017eem\u0117s rie\u0161ut\u0173, [&hellip;]<\/p>\n","protected":false},"featured_media":17331,"comment_status":"open","ping_status":"closed","template":"","meta":[],"product_brand":[],"product_cat":[192,217,220],"product_tag":[],"class_list":{"0":"post-17333","1":"product","2":"type-product","3":"status-publish","4":"has-post-thumbnail","6":"product_cat-naujienos","7":"product_cat-sveikatos-prieziura","8":"product_cat-zarnyno-sveikata","10":"first","11":"instock","12":"shipping-taxable","13":"purchasable","14":"product-type-simple"},"_links":{"self":[{"href":"https:\/\/beautysba.co.uk\/lt\/wp-json\/wp\/v2\/product\/17333","targetHints":{"allow":["GET"]}}],"collection":[{"href":"https:\/\/beautysba.co.uk\/lt\/wp-json\/wp\/v2\/product"}],"about":[{"href":"https:\/\/beautysba.co.uk\/lt\/wp-json\/wp\/v2\/types\/product"}],"replies":[{"embeddable":true,"href":"https:\/\/beautysba.co.uk\/lt\/wp-json\/wp\/v2\/comments?post=17333"}],"wp:featuredmedia":[{"embeddable":true,"href":"https:\/\/beautysba.co.uk\/lt\/wp-json\/wp\/v2\/media\/17331"}],"wp:attachment":[{"href":"https:\/\/beautysba.co.uk\/lt\/wp-json\/wp\/v2\/media?parent=17333"}],"wp:term":[{"taxonomy":"product_brand","embeddable":true,"href":"https:\/\/beautysba.co.uk\/lt\/wp-json\/wp\/v2\/product_brand?post=17333"},{"taxonomy":"product_cat","embeddable":true,"href":"https:\/\/beautysba.co.uk\/lt\/wp-json\/wp\/v2\/product_cat?post=17333"},{"taxonomy":"product_tag","embeddable":true,"href":"https:\/\/beautysba.co.uk\/lt\/wp-json\/wp\/v2\/product_tag?post=17333"}],"curies":[{"name":"wp","href":"https:\/\/api.w.org\/{rel}","templated":true}]}}