{"id":17340,"date":"2025-06-12T07:16:37","date_gmt":"2025-06-12T07:16:37","guid":{"rendered":"https:\/\/beautysba.co.uk\/product\/biotin-90-caps-vitalharmony\/"},"modified":"2025-06-12T07:31:26","modified_gmt":"2025-06-12T07:31:26","slug":"biotin-90-caps-vitalharmony","status":"publish","type":"product","link":"https:\/\/beautysba.co.uk\/lt\/produktas\/biotin-90-caps-vitalharmony\/","title":{"rendered":"BIOTIN+ 90 kapsuli\u0173-VitalHarmony"},"content":{"rendered":"<p>Apra\u0161ymas: Plaukams, odai ir nagams. Biotinas padeda i\u0161laikyti sveikus plaukus ir od\u0105. Cinkas ir selenas padeda stiprinti nagus.  <\/p>\n<p>Grynasis kiekis: 90 kapsuli\u0173<\/p>\n<p>Sudedamosios dalys: u\u017epildas: mikrokristalin\u0117 celiulioz\u0117, vitaminas C (askorbo r\u016bg\u0161tis), cinkas (cinko citratas), biotinas (D-biotinas), selenas (natrio selenitas), kapsul\u0117s apvalkalas: hidroksipropilmetilceliulioz\u0117 (HPMC).<\/p>\n<p>Informacija alergijai: sud\u0117tyje gali b\u016bti: pieno (\u012fskaitant laktoz\u0119), sojos, \u017eem\u0117s rie\u0161ut\u0173, \u017eem\u0117s rie\u0161ut\u0173, kit\u0173 rie\u0161ut\u0173, sezamo, glitimo, kiau\u0161ini\u0173, v\u0117\u017eiagyvi\u0173 ir \u017euvies.<\/p>\n<p>Rekomenduojama paros doz\u0117 ir vartojimo b\u016bdas: suaugusiesiems gerti po 1 kapsul\u0119 per dien\u0105, u\u017egeriant pakankamu kiekiu vandens.<\/p>\n<p>Sud\u0117tis paros doz\u0117je:<br \/>\nVitaminas C &#8211; 80 mg (100,0%)<br \/>\nBiotinas &#8211; 2400 mcg (4800,0%)<br \/>\nCinko citratas &#8211; 47,9 mg (i\u0161 j\u0173 cinko &#8211; 15 mcg, 150,0%)<br \/>\nNatrio selenitas &#8211; 0,22 mg (i\u0161 j\u0173 seleno &#8211; 100 mcg, 181,8%)<br \/>\n*NRV &#8211; maistini\u0173 med\u017eiag\u0173 pamatin\u0117 vert\u0117.<\/p>\n<p>\u012esp\u0117jimai:<\/p>\n<p>Nenaudokite, jei netoleruojate sudedam\u0173j\u0173 dali\u0173.<br \/>\nN\u0117\u0161tumo ir \u017eindymo laikotarpiu rekomenduojama pasitarti su gydytoju.<br \/>\nNevir\u0161ykite rekomenduojamos paros doz\u0117s.<br \/>\nLaikyti vaikams nepasiekiamoje vietoje.<br \/>\nNegalima naudoti kaip visavert\u0117s ir subalansuotos mitybos ir sveiko gyvenimo b\u016bdo pakaital\u0105.<\/p>\n","protected":false},"excerpt":{"rendered":"<p>Apra\u0161ymas: Plaukams, odai ir nagams. Biotinas padeda i\u0161laikyti sveikus plaukus ir od\u0105. Cinkas ir selenas padeda stiprinti nagus. Grynasis kiekis: 90 kapsuli\u0173 Sudedamosios dalys: u\u017epildas: mikrokristalin\u0117 celiulioz\u0117, vitaminas C (askorbo r\u016bg\u0161tis), cinkas (cinko citratas), biotinas (D-biotinas), selenas (natrio selenitas), kapsul\u0117s apvalkalas: hidroksipropilmetilceliulioz\u0117 (HPMC). Informacija alergijai: sud\u0117tyje gali b\u016bti: pieno (\u012fskaitant laktoz\u0119), sojos, \u017eem\u0117s rie\u0161ut\u0173, \u017eem\u0117s [&hellip;]<\/p>\n","protected":false},"featured_media":17337,"comment_status":"open","ping_status":"closed","template":"","meta":[],"product_brand":[],"product_cat":[192,217,220],"product_tag":[],"class_list":{"0":"post-17340","1":"product","2":"type-product","3":"status-publish","4":"has-post-thumbnail","6":"product_cat-naujienos","7":"product_cat-sveikatos-prieziura","8":"product_cat-zarnyno-sveikata","10":"first","11":"instock","12":"shipping-taxable","13":"purchasable","14":"product-type-simple"},"_links":{"self":[{"href":"https:\/\/beautysba.co.uk\/lt\/wp-json\/wp\/v2\/product\/17340","targetHints":{"allow":["GET"]}}],"collection":[{"href":"https:\/\/beautysba.co.uk\/lt\/wp-json\/wp\/v2\/product"}],"about":[{"href":"https:\/\/beautysba.co.uk\/lt\/wp-json\/wp\/v2\/types\/product"}],"replies":[{"embeddable":true,"href":"https:\/\/beautysba.co.uk\/lt\/wp-json\/wp\/v2\/comments?post=17340"}],"wp:featuredmedia":[{"embeddable":true,"href":"https:\/\/beautysba.co.uk\/lt\/wp-json\/wp\/v2\/media\/17337"}],"wp:attachment":[{"href":"https:\/\/beautysba.co.uk\/lt\/wp-json\/wp\/v2\/media?parent=17340"}],"wp:term":[{"taxonomy":"product_brand","embeddable":true,"href":"https:\/\/beautysba.co.uk\/lt\/wp-json\/wp\/v2\/product_brand?post=17340"},{"taxonomy":"product_cat","embeddable":true,"href":"https:\/\/beautysba.co.uk\/lt\/wp-json\/wp\/v2\/product_cat?post=17340"},{"taxonomy":"product_tag","embeddable":true,"href":"https:\/\/beautysba.co.uk\/lt\/wp-json\/wp\/v2\/product_tag?post=17340"}],"curies":[{"name":"wp","href":"https:\/\/api.w.org\/{rel}","templated":true}]}}