{"id":17346,"date":"2025-06-12T07:19:00","date_gmt":"2025-06-12T07:19:00","guid":{"rendered":"https:\/\/beautysba.co.uk\/product\/%d0%bd%d0%b0%d1%80%d0%be%d0%b4%d0%bd%d1%8b%d0%b9-%d1%86%d0%b5%d0%bb%d0%b8%d1%82%d0%b5%d0%bb%d1%8c-10-%d1%82%d1%80%d0%b0%d0%b2-%d0%b3%d0%b5%d0%bb%d1%8c-%d0%b1%d0%b0%d0%bb%d1%8c%d0%b7%d0%b0\/"},"modified":"2025-06-12T07:31:40","modified_gmt":"2025-06-12T07:31:40","slug":"%d0%bd%d0%b0%d1%80%d0%be%d0%b4%d0%bd%d1%8b%d0%b9-%d1%86%d0%b5%d0%bb%d0%b8%d1%82%d0%b5%d0%bb%d1%8c-10-%d1%82%d1%80%d0%b0%d0%b2-%d0%b3%d0%b5%d0%bb%d1%8c-%d0%b1%d0%b0%d0%bb%d1%8c%d0%b7%d0%b0","status":"publish","type":"product","link":"https:\/\/beautysba.co.uk\/lt\/produktas\/%d0%bd%d0%b0%d1%80%d0%be%d0%b4%d0%bd%d1%8b%d0%b9-%d1%86%d0%b5%d0%bb%d0%b8%d1%82%d0%b5%d0%bb%d1%8c-10-%d1%82%d1%80%d0%b0%d0%b2-%d0%b3%d0%b5%d0%bb%d1%8c-%d0%b1%d0%b0%d0%bb%d1%8c%d0%b7%d0%b0\/","title":{"rendered":"10 \u017doleli\u0173 gelis &#8211; balzamas nuo nugaros skausmo, 40 g"},"content":{"rendered":"<p>Gelis-balzamas nuo stuburo skausmo yra veiksminga priemon\u0117, sukurta i\u0161 nat\u016brali\u0173 ingredient\u0173, kurie kartu mal\u0161ina nugaros skausm\u0105.<\/p>\n<p>Grynasis svoris: 40 g<\/p>\n<p>Sudedamosios dalys (INCI): \u017dr. pakuot\u0119.<\/p>\n<p>Kaip naudoti: nedidel\u012f kiek\u012f tepkite ant problemini\u0173 viet\u0173 ir \u012ftrinkite 2-3 kartus per dien\u0105. Rekomenduojama naudoti iki visi\u0161ko odos atsigavimo. <\/p>\n<p>\u012esp\u0117jimai:<\/p>\n<p>Nenaudokite, jei netoleruojate sudedam\u0173j\u0173 dali\u0173.<br \/>\nTik i\u0161oriniam naudojimui.<br \/>\nJei pasirei\u0161kia alergin\u0117 reakcija, nutraukite vartojim\u0105 ir kreipkit\u0117s \u012f gydytoj\u0105.<br \/>\nVengti patekimo \u012f akis. Patekus \u012f s\u0105lyt\u012f, kruop\u0161\u010diai nuplaukite vandeniu.<\/p>\n","protected":false},"excerpt":{"rendered":"<p>Gelis-balzamas nuo stuburo skausmo yra veiksminga priemon\u0117, sukurta i\u0161 nat\u016brali\u0173 ingredient\u0173, kurie kartu mal\u0161ina nugaros skausm\u0105. Grynasis svoris: 40 g Sudedamosios dalys (INCI): \u017dr. pakuot\u0119. Kaip naudoti: nedidel\u012f kiek\u012f tepkite ant problemini\u0173 viet\u0173 ir \u012ftrinkite 2-3 kartus per dien\u0105. Rekomenduojama naudoti iki visi\u0161ko odos atsigavimo. \u012esp\u0117jimai: Nenaudokite, jei netoleruojate sudedam\u0173j\u0173 dali\u0173. Tik i\u0161oriniam naudojimui. Jei [&hellip;]<\/p>\n","protected":false},"featured_media":17344,"comment_status":"open","ping_status":"closed","template":"","meta":[],"product_brand":[],"product_cat":[201,217],"product_tag":[],"class_list":{"0":"post-17346","1":"product","2":"type-product","3":"status-publish","4":"has-post-thumbnail","6":"product_cat-skausmo-malsinimas","7":"product_cat-sveikatos-prieziura","9":"first","10":"instock","11":"shipping-taxable","12":"purchasable","13":"product-type-simple"},"_links":{"self":[{"href":"https:\/\/beautysba.co.uk\/lt\/wp-json\/wp\/v2\/product\/17346","targetHints":{"allow":["GET"]}}],"collection":[{"href":"https:\/\/beautysba.co.uk\/lt\/wp-json\/wp\/v2\/product"}],"about":[{"href":"https:\/\/beautysba.co.uk\/lt\/wp-json\/wp\/v2\/types\/product"}],"replies":[{"embeddable":true,"href":"https:\/\/beautysba.co.uk\/lt\/wp-json\/wp\/v2\/comments?post=17346"}],"wp:featuredmedia":[{"embeddable":true,"href":"https:\/\/beautysba.co.uk\/lt\/wp-json\/wp\/v2\/media\/17344"}],"wp:attachment":[{"href":"https:\/\/beautysba.co.uk\/lt\/wp-json\/wp\/v2\/media?parent=17346"}],"wp:term":[{"taxonomy":"product_brand","embeddable":true,"href":"https:\/\/beautysba.co.uk\/lt\/wp-json\/wp\/v2\/product_brand?post=17346"},{"taxonomy":"product_cat","embeddable":true,"href":"https:\/\/beautysba.co.uk\/lt\/wp-json\/wp\/v2\/product_cat?post=17346"},{"taxonomy":"product_tag","embeddable":true,"href":"https:\/\/beautysba.co.uk\/lt\/wp-json\/wp\/v2\/product_tag?post=17346"}],"curies":[{"name":"wp","href":"https:\/\/api.w.org\/{rel}","templated":true}]}}