{"id":17358,"date":"2025-06-12T07:24:44","date_gmt":"2025-06-12T07:24:44","guid":{"rendered":"https:\/\/beautysba.co.uk\/product\/%d0%bd%d0%b0%d1%80%d0%be%d0%b4%d0%bd%d1%8b%d0%b9-%d1%86%d0%b5%d0%bb%d0%b8%d1%82%d0%b5%d0%bb%d1%8c-%d0%b3%d0%b5%d0%bb%d1%8c-%d0%b1%d0%b0%d0%bb%d1%8c%d0%b7%d0%b0%d0%bc-%d0%b4%d0%bb%d1%8f-%d0%b2%d0%be-2\/"},"modified":"2025-06-12T07:31:34","modified_gmt":"2025-06-12T07:31:34","slug":"%d0%bd%d0%b0%d1%80%d0%be%d0%b4%d0%bd%d1%8b%d0%b9-%d1%86%d0%b5%d0%bb%d0%b8%d1%82%d0%b5%d0%bb%d1%8c-%d0%b3%d0%b5%d0%bb%d1%8c-%d0%b1%d0%b0%d0%bb%d1%8c%d0%b7%d0%b0%d0%bc-%d0%b4%d0%bb%d1%8f-%d0%b2%d0%be-2","status":"publish","type":"product","link":"https:\/\/beautysba.co.uk\/lt\/produktas\/%d0%bd%d0%b0%d1%80%d0%be%d0%b4%d0%bd%d1%8b%d0%b9-%d1%86%d0%b5%d0%bb%d0%b8%d1%82%d0%b5%d0%bb%d1%8c-%d0%b3%d0%b5%d0%bb%d1%8c-%d0%b1%d0%b0%d0%bb%d1%8c%d0%b7%d0%b0%d0%bc-%d0%b4%d0%bb%d1%8f-%d0%b2%d0%be-2\/","title":{"rendered":"Herbal Healer Gel-balzamas mink\u0161t\u0173j\u0173 audini\u0173 ir hematom\u0173 atstatymui \u201e17 \u017eoleli\u0173\u201c, 40 g"},"content":{"rendered":"<p>Gelis-balzamas praturtintas 17 vaistini\u0173 \u017eoleli\u0173, kurios padeda pa\u0161alinti hematomas ir suma\u017einti raumen\u0173 bei sausgysli\u0173 traum\u0173 simptomus.<\/p>\n<p>Grynasis svoris: 40 g<\/p>\n<p>Sudedamosios dalys (INCI): \u017dr. pakuot\u0119.<\/p>\n<p>Kaip naudoti: \u0161velniais masa\u017euojamaisiais judesiais u\u017etepkite gelio balzamo ant pa\u017eeistos odos. Kartokite 2-3 kartus per dien\u0105. Naudokite tol, kol oda visi\u0161kai atsigaus ir i\u0161nyks skausmingi simptomai. Nenaudoti jaunesniems nei 3 met\u0173 vaikams.   <\/p>\n<p>\u012esp\u0117jimai:<\/p>\n<p>Nenaudoti esant padid\u0117jusiam jautrumui sudedamosioms dalims.<br \/>\nTik i\u0161oriniam naudojimui.<br \/>\nJei pasirei\u0161kia alergin\u0117 reakcija, nutraukite vartojim\u0105 ir kreipkit\u0117s \u012f gydytoj\u0105.<br \/>\nVengti patekimo \u012f akis. Patekus \u012f s\u0105lyt\u012f, kruop\u0161\u010diai nuplaukite vandeniu.<\/p>\n","protected":false},"excerpt":{"rendered":"<p>Gelis-balzamas praturtintas 17 vaistini\u0173 \u017eoleli\u0173, kurios padeda pa\u0161alinti hematomas ir suma\u017einti raumen\u0173 bei sausgysli\u0173 traum\u0173 simptomus. Grynasis svoris: 40 g Sudedamosios dalys (INCI): \u017dr. pakuot\u0119. Kaip naudoti: \u0161velniais masa\u017euojamaisiais judesiais u\u017etepkite gelio balzamo ant pa\u017eeistos odos. Kartokite 2-3 kartus per dien\u0105. Naudokite tol, kol oda visi\u0161kai atsigaus ir i\u0161nyks skausmingi simptomai. Nenaudoti jaunesniems nei 3 [&hellip;]<\/p>\n","protected":false},"featured_media":17356,"comment_status":"open","ping_status":"closed","template":"","meta":[],"product_brand":[],"product_cat":[218,192,201,217],"product_tag":[],"class_list":{"0":"post-17358","1":"product","2":"type-product","3":"status-publish","4":"has-post-thumbnail","6":"product_cat-kuno-prieziura","7":"product_cat-naujienos","8":"product_cat-skausmo-malsinimas","9":"product_cat-sveikatos-prieziura","11":"first","12":"instock","13":"shipping-taxable","14":"purchasable","15":"product-type-simple"},"_links":{"self":[{"href":"https:\/\/beautysba.co.uk\/lt\/wp-json\/wp\/v2\/product\/17358","targetHints":{"allow":["GET"]}}],"collection":[{"href":"https:\/\/beautysba.co.uk\/lt\/wp-json\/wp\/v2\/product"}],"about":[{"href":"https:\/\/beautysba.co.uk\/lt\/wp-json\/wp\/v2\/types\/product"}],"replies":[{"embeddable":true,"href":"https:\/\/beautysba.co.uk\/lt\/wp-json\/wp\/v2\/comments?post=17358"}],"wp:featuredmedia":[{"embeddable":true,"href":"https:\/\/beautysba.co.uk\/lt\/wp-json\/wp\/v2\/media\/17356"}],"wp:attachment":[{"href":"https:\/\/beautysba.co.uk\/lt\/wp-json\/wp\/v2\/media?parent=17358"}],"wp:term":[{"taxonomy":"product_brand","embeddable":true,"href":"https:\/\/beautysba.co.uk\/lt\/wp-json\/wp\/v2\/product_brand?post=17358"},{"taxonomy":"product_cat","embeddable":true,"href":"https:\/\/beautysba.co.uk\/lt\/wp-json\/wp\/v2\/product_cat?post=17358"},{"taxonomy":"product_tag","embeddable":true,"href":"https:\/\/beautysba.co.uk\/lt\/wp-json\/wp\/v2\/product_tag?post=17358"}],"curies":[{"name":"wp","href":"https:\/\/api.w.org\/{rel}","templated":true}]}}