{"id":17363,"date":"2025-06-12T07:11:03","date_gmt":"2025-06-12T07:11:03","guid":{"rendered":"https:\/\/beautysba.co.uk\/product\/appetite-control-%d0%bf%d0%b8%d1%89%d0%b5%d0%b2%d0%b0%d1%8f-%d0%b4%d0%be%d0%b1%d0%b0%d0%b2%d0%ba%d0%b0-60-%d0%ba%d0%b0%d0%bf%d1%81%d1%83%d0%bb-vitalharmony\/"},"modified":"2025-06-12T07:31:30","modified_gmt":"2025-06-12T07:31:30","slug":"appetite-control-%d0%bf%d0%b8%d1%89%d0%b5%d0%b2%d0%b0%d1%8f-%d0%b4%d0%be%d0%b1%d0%b0%d0%b2%d0%ba%d0%b0-60-%d0%ba%d0%b0%d0%bf%d1%81%d1%83%d0%bb-vitalharmony","status":"publish","type":"product","link":"https:\/\/beautysba.co.uk\/lt\/produktas\/appetite-control-%d0%bf%d0%b8%d1%89%d0%b5%d0%b2%d0%b0%d1%8f-%d0%b4%d0%be%d0%b1%d0%b0%d0%b2%d0%ba%d0%b0-60-%d0%ba%d0%b0%d0%bf%d1%81%d1%83%d0%bb-vitalharmony\/","title":{"rendered":"Apetito kontrol\u0117, maisto papildas, 60 kapsuli\u0173 &#8211; VitalHarmony"},"content":{"rendered":"<p>VitalHarmony Appetite Control, maisto papildas, 60 kapsuli\u0173<br \/>\nApra\u0161ymas: Standartizuotas Garcinia cambogia vaisi\u0173 ekstraktas (Malabar tamarindas) skatina svorio kontrol\u0119 ir apetito ma\u017einim\u0105.<\/p>\n<p>Grynasis svoris: 60 kapsuli\u0173<\/p>\n<p>Sudedamosios dalys: Garcinia cambogia vaisi\u0173 ekstraktas, standartizuotas iki 60 % hidroksilcitrin\u0173 r\u016bg\u0161ties (HCA), afrikinio mango s\u0117kl\u0173 ekstraktas (Irvingia gabonensis), gimnemos lap\u0173 ekstraktas (Gymnema sylvestris L.), standartizuotas iki 25 % gimnemos r\u016bg\u0161ties, dilg\u0117li\u0173 lap\u0173 ekstraktas (Urtica dioica L.), kapsul\u0117s apvalkalas: \u017eelatina (jautiena), i\u0161grynintas vanduo.<\/p>\n<p>Informacija apie alergenus: sud\u0117tyje gali b\u016bti pieno (\u012fskaitant laktoz\u0119), sojos, \u017eem\u0117s rie\u0161ut\u0173, \u017eem\u0117s rie\u0161ut\u0173, kit\u0173 rie\u0161ut\u0173, sezamo s\u0117kl\u0173, glitimo, kiau\u0161ini\u0173, v\u0117\u017eiagyvi\u0173 ir \u017euvies.<\/p>\n<p>Rekomenduojama paros doz\u0117 ir vartojimo b\u016bdas: Suaugusiesiems &#8211; 1 kapsul\u0117 per dien\u0105, u\u017egeriant vandeniu.<\/p>\n<p>Sud\u0117tis 1 kapsul\u0117je:<br \/>\nGarcinia cambogia vaisi\u0173 ekstraktas &#8211; 200 mg<br \/>\n &#8211; \u012fskaitant hidroksilcitrinos r\u016bg\u0161t\u012f (HCA) &#8211; 120 mg<br \/>\nAfrikinio mango s\u0117kl\u0173 ekstraktas &#8211; 200 mg<br \/>\nGymnema lap\u0173 ekstraktas &#8211; 50 mg<br \/>\n &#8211; \u012fskaitant gymnemo r\u016bg\u0161tis &#8211; 12,5 mg<br \/>\nDilg\u0117li\u0173 lap\u0173 ekstraktas &#8211; 50 mg<\/p>\n<p>\u012esp\u0117jimai:<\/p>\n<p>Nenaudokite, jei netoleruojate sudedam\u0173j\u0173 dali\u0173.<br \/>\nN\u0117\u0161tumo ir \u017eindymo laikotarpiu pasitarkite su gydytoju.<br \/>\nNevir\u0161ykite rekomenduojamos paros doz\u0117s.<br \/>\nLaikyti vaikams nepasiekiamoje vietoje.<br \/>\nNenaudokite kaip visavert\u0117s mitybos pakaitalo.<\/p>\n","protected":false},"excerpt":{"rendered":"<p>VitalHarmony Appetite Control, maisto papildas, 60 kapsuli\u0173 Apra\u0161ymas: Standartizuotas Garcinia cambogia vaisi\u0173 ekstraktas (Malabar tamarindas) skatina svorio kontrol\u0119 ir apetito ma\u017einim\u0105. Grynasis svoris: 60 kapsuli\u0173 Sudedamosios dalys: Garcinia cambogia vaisi\u0173 ekstraktas, standartizuotas iki 60 % hidroksilcitrin\u0173 r\u016bg\u0161ties (HCA), afrikinio mango s\u0117kl\u0173 ekstraktas (Irvingia gabonensis), gimnemos lap\u0173 ekstraktas (Gymnema sylvestris L.), standartizuotas iki 25 % gimnemos [&hellip;]<\/p>\n","protected":false},"featured_media":17315,"comment_status":"open","ping_status":"closed","template":"","meta":[],"product_brand":[],"product_cat":[192,217,220],"product_tag":[],"class_list":{"0":"post-17363","1":"product","2":"type-product","3":"status-publish","4":"has-post-thumbnail","6":"product_cat-naujienos","7":"product_cat-sveikatos-prieziura","8":"product_cat-zarnyno-sveikata","10":"first","11":"instock","12":"shipping-taxable","13":"purchasable","14":"product-type-simple"},"_links":{"self":[{"href":"https:\/\/beautysba.co.uk\/lt\/wp-json\/wp\/v2\/product\/17363","targetHints":{"allow":["GET"]}}],"collection":[{"href":"https:\/\/beautysba.co.uk\/lt\/wp-json\/wp\/v2\/product"}],"about":[{"href":"https:\/\/beautysba.co.uk\/lt\/wp-json\/wp\/v2\/types\/product"}],"replies":[{"embeddable":true,"href":"https:\/\/beautysba.co.uk\/lt\/wp-json\/wp\/v2\/comments?post=17363"}],"wp:featuredmedia":[{"embeddable":true,"href":"https:\/\/beautysba.co.uk\/lt\/wp-json\/wp\/v2\/media\/17315"}],"wp:attachment":[{"href":"https:\/\/beautysba.co.uk\/lt\/wp-json\/wp\/v2\/media?parent=17363"}],"wp:term":[{"taxonomy":"product_brand","embeddable":true,"href":"https:\/\/beautysba.co.uk\/lt\/wp-json\/wp\/v2\/product_brand?post=17363"},{"taxonomy":"product_cat","embeddable":true,"href":"https:\/\/beautysba.co.uk\/lt\/wp-json\/wp\/v2\/product_cat?post=17363"},{"taxonomy":"product_tag","embeddable":true,"href":"https:\/\/beautysba.co.uk\/lt\/wp-json\/wp\/v2\/product_tag?post=17363"}],"curies":[{"name":"wp","href":"https:\/\/api.w.org\/{rel}","templated":true}]}}