{"id":17695,"date":"2025-07-10T10:00:48","date_gmt":"2025-07-10T10:00:48","guid":{"rendered":"https:\/\/beautysba.co.uk\/product\/%d0%bd%d0%b0%d1%82%d1%83%d1%80%d0%b0%d0%bb%d1%8c%d0%bd%d0%be%d0%b5-%d1%81%d0%ba%d0%b8%d0%bf%d0%b8%d0%b4%d0%b0%d1%80%d0%bd%d0%be%d0%b5-%d0%bc%d1%8b%d0%bb%d0%be-80g-aroma-saules\/"},"modified":"2025-07-10T11:52:14","modified_gmt":"2025-07-10T11:52:14","slug":"%d0%bd%d0%b0%d1%82%d1%83%d1%80%d0%b0%d0%bb%d1%8c%d0%bd%d0%be%d0%b5-%d1%81%d0%ba%d0%b8%d0%bf%d0%b8%d0%b4%d0%b0%d1%80%d0%bd%d0%be%d0%b5-%d0%bc%d1%8b%d0%bb%d0%be-80g-aroma-saules","status":"publish","type":"product","link":"https:\/\/beautysba.co.uk\/lt\/produktas\/%d0%bd%d0%b0%d1%82%d1%83%d1%80%d0%b0%d0%bb%d1%8c%d0%bd%d0%be%d0%b5-%d1%81%d0%ba%d0%b8%d0%bf%d0%b8%d0%b4%d0%b0%d1%80%d0%bd%d0%be%d0%b5-%d0%bc%d1%8b%d0%bb%d0%be-80g-aroma-saules\/","title":{"rendered":"Nat\u016bralus terpentino muilas 80g &#8220;Aroma Saules"},"content":{"rendered":"<p>Idealiai tinka kasdienei odos prie\u017ei\u016brai ir tinka vis\u0173 tip\u0173 odai. Giliai valo od\u0105, stimuliuoja kraujotak\u0105, suteikia gaivumo ir \u017evalumo poj\u016bt\u012f. <\/p>\n<p>Grynasis svoris: 80 g<\/p>\n<p>Sud\u0117tis (INCI): \u017er. ant pakuot\u0117s.<\/p>\n<p>Kaip naudoti: Sudr\u0117kinkite od\u0105, u\u017etepkite muilo, \u0161velniai i\u0161skalaukite ir nuplaukite vandeniu, kad oda b\u016bt\u0173 \u0161vari ir sudr\u0117kinta.<\/p>\n<p>\u012esp\u0117jimai:<\/p>\n<p>Nenaudokite, jei netoleruojate sudedam\u0173j\u0173 dali\u0173.<br \/>\nJei pasirei\u0161kia alergin\u0117s reakcijos, nutraukite vartojim\u0105 ir kreipkit\u0117s \u012f gydytoj\u0105.<br \/>\nTik i\u0161oriniam naudojimui.<br \/>\nVengti patekimo \u012f akis. Patekus \u012f akis, kruop\u0161\u010diai nuplaukite vandeniu.<br \/>\nLaikymo s\u0105lygos: Laikyti +5\u00baC &#8211; +25\u00baC temperat\u016broje, sausoje, tamsioje, vaikams nepasiekiamoje vietoje.<\/p>\n<p>Galiojimo laikas: 3 metai nuo pagaminimo datos.<\/p>\n<p>Gamintojas: &#8220;Saules Sapnis&#8221;, Baltarusija<\/p>\n","protected":false},"excerpt":{"rendered":"<p>Idealiai tinka kasdienei odos prie\u017ei\u016brai ir tinka vis\u0173 tip\u0173 odai. Giliai valo od\u0105, stimuliuoja kraujotak\u0105, suteikia gaivumo ir \u017evalumo poj\u016bt\u012f. Grynasis svoris: 80 g Sud\u0117tis (INCI): \u017er. ant pakuot\u0117s. Kaip naudoti: Sudr\u0117kinkite od\u0105, u\u017etepkite muilo, \u0161velniai i\u0161skalaukite ir nuplaukite vandeniu, kad oda b\u016bt\u0173 \u0161vari ir sudr\u0117kinta. \u012esp\u0117jimai: Nenaudokite, jei netoleruojate sudedam\u0173j\u0173 dali\u0173. Jei pasirei\u0161kia alergin\u0117s [&hellip;]<\/p>\n","protected":false},"featured_media":17693,"comment_status":"open","ping_status":"closed","template":"","meta":[],"product_brand":[],"product_cat":[200,192,191,310,311],"product_tag":[],"class_list":{"0":"post-17695","1":"product","2":"type-product","3":"status-publish","4":"has-post-thumbnail","6":"product_cat-namams","7":"product_cat-naujienos","8":"product_cat-tualeto-reikmenys","9":"product_cat----lt","10":"product_cat--lt-2","12":"first","13":"instock","14":"shipping-taxable","15":"purchasable","16":"product-type-simple"},"_links":{"self":[{"href":"https:\/\/beautysba.co.uk\/lt\/wp-json\/wp\/v2\/product\/17695","targetHints":{"allow":["GET"]}}],"collection":[{"href":"https:\/\/beautysba.co.uk\/lt\/wp-json\/wp\/v2\/product"}],"about":[{"href":"https:\/\/beautysba.co.uk\/lt\/wp-json\/wp\/v2\/types\/product"}],"replies":[{"embeddable":true,"href":"https:\/\/beautysba.co.uk\/lt\/wp-json\/wp\/v2\/comments?post=17695"}],"wp:featuredmedia":[{"embeddable":true,"href":"https:\/\/beautysba.co.uk\/lt\/wp-json\/wp\/v2\/media\/17693"}],"wp:attachment":[{"href":"https:\/\/beautysba.co.uk\/lt\/wp-json\/wp\/v2\/media?parent=17695"}],"wp:term":[{"taxonomy":"product_brand","embeddable":true,"href":"https:\/\/beautysba.co.uk\/lt\/wp-json\/wp\/v2\/product_brand?post=17695"},{"taxonomy":"product_cat","embeddable":true,"href":"https:\/\/beautysba.co.uk\/lt\/wp-json\/wp\/v2\/product_cat?post=17695"},{"taxonomy":"product_tag","embeddable":true,"href":"https:\/\/beautysba.co.uk\/lt\/wp-json\/wp\/v2\/product_tag?post=17695"}],"curies":[{"name":"wp","href":"https:\/\/api.w.org\/{rel}","templated":true}]}}