{"id":17719,"date":"2025-07-10T10:14:02","date_gmt":"2025-07-10T10:14:02","guid":{"rendered":"https:\/\/beautysba.co.uk\/product\/%d1%80%d0%be%d0%b7%d0%be%d0%b2%d0%b0%d1%8f-%d0%b2%d0%be%d0%b4%d0%b0-%d0%b4%d0%bb%d1%8f-%d0%bb%d0%b8%d1%86%d0%b0-250-%d0%bc%d0%bb-sattva\/"},"modified":"2025-07-10T11:52:15","modified_gmt":"2025-07-10T11:52:15","slug":"%d1%80%d0%be%d0%b7%d0%be%d0%b2%d0%b0%d1%8f-%d0%b2%d0%be%d0%b4%d0%b0-%d0%b4%d0%bb%d1%8f-%d0%bb%d0%b8%d1%86%d0%b0-250-%d0%bc%d0%bb-sattva","status":"publish","type":"product","link":"https:\/\/beautysba.co.uk\/lt\/produktas\/%d1%80%d0%be%d0%b7%d0%be%d0%b2%d0%b0%d1%8f-%d0%b2%d0%be%d0%b4%d0%b0-%d0%b4%d0%bb%d1%8f-%d0%bb%d0%b8%d1%86%d0%b0-250-%d0%bc%d0%bb-sattva\/","title":{"rendered":"Ro\u017ei\u0173 vanduo veidui 250 ML &#8211; SATTVA"},"content":{"rendered":"<p>&#8220;Sattva&#8221; ro\u017einis veido vanduo suteikia odai elastingumo, \u0161velnumo ir gaivaus ro\u017ei\u0173 kvapo.<\/p>\n<p>Tinka vis\u0173 tip\u0173 odai, ypa\u010d senstan\u010diai, sausai ir jautriai.Ro\u017ei\u0173 vandens sud\u0117tyje esantis nat\u016bralus ro\u017ei\u0173 aliejaus ekstraktas yra nat\u016bralus tonikas, gerinantis veido spalv\u0105. Jis apsaugo nuo rauk\u0161li\u0173 ir spuog\u0173 atsiradimo. \u0160i ajurvedin\u0117 priemon\u0117 pa\u0161alina rieb\u0173 blizges\u012f ir padeda i\u0161laikyti od\u0105 skais\u010di\u0105, \u0161velni\u0105 ir elasting\u0105.<\/p>\n<p>RIE\u0160UT\u0172 SKAI\u010cIUS: 250 ml.<\/p>\n<p>NAUDOJIMO INSTRUKCIJOS: ro\u017ei\u0173 vanden\u012f galima naudoti ir kaip veido valom\u0105j\u012f krem\u0105, ir kaip pudros pagrind\u0105 kosmetin\u0117ms kauk\u0117ms, \u012fpilti \u012f vanden\u012f maudantis vonioje.<\/p>\n<p>SUDEDAMOSIOS DALYS: er\u0161k\u0117tuogi\u0173 vanduo, damaskini\u0173 ro\u017ei\u0173 aliejus.<\/p>\n<p>\u012eSP\u0116JIMAS: Nenaudoti esant padid\u0117jusiam jautrumui bet kuriai sudedamajai daliai. Jei pasirei\u0161kia alergin\u0117s reakcijos, nutraukite vartojim\u0105 ir kreipkit\u0117s \u012f gydytoj\u0105. Tik i\u0161oriniam naudojimui. Venkite aki\u0173 kontakto. Patekus \u012f akis, kruop\u0161\u010diai nuplaukite vandeniu. Laikyti nuo +5\u00baC iki +25\u00baC temperat\u016broje, sausoje, tamsioje, vaikams nepasiekiamoje vietoje.<\/p>\n<p>Met\u0173 metai: \u017er. butel\u012f.<\/p>\n<p>PRODUKTO VADOVAS: Indija.<\/p>\n","protected":false},"excerpt":{"rendered":"<p>&#8220;Sattva&#8221; ro\u017einis veido vanduo suteikia odai elastingumo, \u0161velnumo ir gaivaus ro\u017ei\u0173 kvapo. Tinka vis\u0173 tip\u0173 odai, ypa\u010d senstan\u010diai, sausai ir jautriai.Ro\u017ei\u0173 vandens sud\u0117tyje esantis nat\u016bralus ro\u017ei\u0173 aliejaus ekstraktas yra nat\u016bralus tonikas, gerinantis veido spalv\u0105. Jis apsaugo nuo rauk\u0161li\u0173 ir spuog\u0173 atsiradimo. \u0160i ajurvedin\u0117 priemon\u0117 pa\u0161alina rieb\u0173 blizges\u012f ir padeda i\u0161laikyti od\u0105 skais\u010di\u0105, \u0161velni\u0105 ir elasting\u0105. [&hellip;]<\/p>\n","protected":false},"featured_media":17717,"comment_status":"open","ping_status":"closed","template":"","meta":[],"product_brand":[],"product_cat":[192,130,127,206],"product_tag":[],"class_list":{"0":"post-17719","1":"product","2":"type-product","3":"status-publish","4":"has-post-thumbnail","6":"product_cat-naujienos","7":"product_cat-valomieji-kremai","8":"product_cat-veidas","9":"product_cat-veido-toneriai","11":"first","12":"instock","13":"shipping-taxable","14":"purchasable","15":"product-type-simple"},"_links":{"self":[{"href":"https:\/\/beautysba.co.uk\/lt\/wp-json\/wp\/v2\/product\/17719","targetHints":{"allow":["GET"]}}],"collection":[{"href":"https:\/\/beautysba.co.uk\/lt\/wp-json\/wp\/v2\/product"}],"about":[{"href":"https:\/\/beautysba.co.uk\/lt\/wp-json\/wp\/v2\/types\/product"}],"replies":[{"embeddable":true,"href":"https:\/\/beautysba.co.uk\/lt\/wp-json\/wp\/v2\/comments?post=17719"}],"wp:featuredmedia":[{"embeddable":true,"href":"https:\/\/beautysba.co.uk\/lt\/wp-json\/wp\/v2\/media\/17717"}],"wp:attachment":[{"href":"https:\/\/beautysba.co.uk\/lt\/wp-json\/wp\/v2\/media?parent=17719"}],"wp:term":[{"taxonomy":"product_brand","embeddable":true,"href":"https:\/\/beautysba.co.uk\/lt\/wp-json\/wp\/v2\/product_brand?post=17719"},{"taxonomy":"product_cat","embeddable":true,"href":"https:\/\/beautysba.co.uk\/lt\/wp-json\/wp\/v2\/product_cat?post=17719"},{"taxonomy":"product_tag","embeddable":true,"href":"https:\/\/beautysba.co.uk\/lt\/wp-json\/wp\/v2\/product_tag?post=17719"}],"curies":[{"name":"wp","href":"https:\/\/api.w.org\/{rel}","templated":true}]}}