{"id":17731,"date":"2025-07-10T10:20:50","date_gmt":"2025-07-10T10:20:50","guid":{"rendered":"https:\/\/beautysba.co.uk\/product\/%d0%ba%d0%bb%d0%b5%d1%82%d1%87%d0%b0%d1%82%d0%ba%d0%b0-c%d0%b8%d0%b1%d0%b8%d1%80%d1%81%d0%ba%d0%b0%d1%8f-%d1%80%d0%b6%d0%b0%d0%bd%d0%b0%d1%8f-%d1%81-%d1%84%d1%80%d1%83%d0%ba%d1%82%d0%b0%d0%bc%d0%b8-35\/"},"modified":"2025-07-10T11:52:22","modified_gmt":"2025-07-10T11:52:22","slug":"%d0%ba%d0%bb%d0%b5%d1%82%d1%87%d0%b0%d1%82%d0%ba%d0%b0-c%d0%b8%d0%b1%d0%b8%d1%80%d1%81%d0%ba%d0%b0%d1%8f-%d1%80%d0%b6%d0%b0%d0%bd%d0%b0%d1%8f-%d1%81-%d1%84%d1%80%d1%83%d0%ba%d1%82%d0%b0%d0%bc%d0%b8-35","status":"publish","type":"product","link":"https:\/\/beautysba.co.uk\/lt\/produktas\/%d0%ba%d0%bb%d0%b5%d1%82%d1%87%d0%b0%d1%82%d0%ba%d0%b0-c%d0%b8%d0%b1%d0%b8%d1%80%d1%81%d0%ba%d0%b0%d1%8f-%d1%80%d0%b6%d0%b0%d0%bd%d0%b0%d1%8f-%d1%81-%d1%84%d1%80%d1%83%d0%ba%d1%82%d0%b0%d0%bc%d0%b8-35\/","title":{"rendered":"Sibiro rugi\u0173 skaidulos su vaisiais 350g"},"content":{"rendered":"<p>Daug skaidulini\u0173 med\u017eiag\u0173 turintis maisto produktas, kurio sud\u0117tyje yra kvie\u010di\u0173 ir rugi\u0173 gr\u016bd\u0173 luk\u0161t\u0173 su d\u017eiovintais obuoliais ir abrikosais. Rekomenduojamas vir\u0161kinimui palaikyti. <\/p>\n<p>Grynasis svoris: 350 g<\/p>\n<p>Sud\u0117tis: kvie\u010di\u0173 gr\u016bd\u0173 luk\u0161tai &#8211; 47,1 %, rugi\u0173 gr\u016bd\u0173 luk\u0161tai &#8211; 47,1 %, d\u017eiovinti obuoliai &#8211; 1 %, d\u017eiovinti abrikosai &#8211; 4,8 %.<\/p>\n<p>Naudojimo instrukcijos: paruo\u0161tas naudoti. 1-2 valgomuosius \u0161auk\u0161tus sumai\u0161yti su kefyru, jogurtu arba tir\u0161tomis sultimis. Vartoti 1-3 kartus per dien\u0105.  <\/p>\n<p>Maistin\u0117 vert\u0117 100 g:<\/p>\n<p>Energin\u0117 vert\u0117: 580 kJ \/ 140 kcal<br \/>\nRiebalai: 4 g<br \/>\n&#8211; i\u0161 j\u0173 so\u010di\u0173j\u0173 riebal\u0173 r\u016bg\u0161\u010di\u0173: 0 g<br \/>\nAngliavandeniai: 11 g<br \/>\n&#8211; i\u0161 j\u0173 cukr\u0173: 0 g<br \/>\nBaltym\u0173: 16 g<br \/>\nSkaidul\u0173: 50 g<br \/>\n\u012esp\u0117jimai:<\/p>\n<p>Nenaudokite, jei netoleruojate sudedam\u0173j\u0173 dali\u0173.<br \/>\nJei pasirei\u0161kia alergin\u0117 reakcija, nutraukite vartojim\u0105 ir kreipkit\u0117s \u012f gydytoj\u0105.<br \/>\nLaikymo s\u0105lygos: Laikyti sausoje, tamsioje vietoje, nuo +5 \u00b0C iki +25 \u00b0C temperat\u016broje, apsaugotoje nuo dr\u0117gm\u0117s ir \u0161viesos. Laikyti vaikams nepasiekiamoje vietoje.<\/p>\n","protected":false},"excerpt":{"rendered":"<p>Daug skaidulini\u0173 med\u017eiag\u0173 turintis maisto produktas, kurio sud\u0117tyje yra kvie\u010di\u0173 ir rugi\u0173 gr\u016bd\u0173 luk\u0161t\u0173 su d\u017eiovintais obuoliais ir abrikosais. Rekomenduojamas vir\u0161kinimui palaikyti. Grynasis svoris: 350 g Sud\u0117tis: kvie\u010di\u0173 gr\u016bd\u0173 luk\u0161tai &#8211; 47,1 %, rugi\u0173 gr\u016bd\u0173 luk\u0161tai &#8211; 47,1 %, d\u017eiovinti obuoliai &#8211; 1 %, d\u017eiovinti abrikosai &#8211; 4,8 %. Naudojimo instrukcijos: paruo\u0161tas naudoti. 1-2 valgomuosius [&hellip;]<\/p>\n","protected":false},"featured_media":17729,"comment_status":"open","ping_status":"closed","template":"","meta":[],"product_brand":[],"product_cat":[192,217,329,220,270],"product_tag":[],"class_list":{"0":"post-17731","1":"product","2":"type-product","3":"status-publish","4":"has-post-thumbnail","6":"product_cat-naujienos","7":"product_cat-sveikatos-prieziura","8":"product_cat-svorio-metimui","9":"product_cat-zarnyno-sveikata","10":"product_cat----lt","12":"first","13":"instock","14":"shipping-taxable","15":"purchasable","16":"product-type-simple"},"_links":{"self":[{"href":"https:\/\/beautysba.co.uk\/lt\/wp-json\/wp\/v2\/product\/17731","targetHints":{"allow":["GET"]}}],"collection":[{"href":"https:\/\/beautysba.co.uk\/lt\/wp-json\/wp\/v2\/product"}],"about":[{"href":"https:\/\/beautysba.co.uk\/lt\/wp-json\/wp\/v2\/types\/product"}],"replies":[{"embeddable":true,"href":"https:\/\/beautysba.co.uk\/lt\/wp-json\/wp\/v2\/comments?post=17731"}],"wp:featuredmedia":[{"embeddable":true,"href":"https:\/\/beautysba.co.uk\/lt\/wp-json\/wp\/v2\/media\/17729"}],"wp:attachment":[{"href":"https:\/\/beautysba.co.uk\/lt\/wp-json\/wp\/v2\/media?parent=17731"}],"wp:term":[{"taxonomy":"product_brand","embeddable":true,"href":"https:\/\/beautysba.co.uk\/lt\/wp-json\/wp\/v2\/product_brand?post=17731"},{"taxonomy":"product_cat","embeddable":true,"href":"https:\/\/beautysba.co.uk\/lt\/wp-json\/wp\/v2\/product_cat?post=17731"},{"taxonomy":"product_tag","embeddable":true,"href":"https:\/\/beautysba.co.uk\/lt\/wp-json\/wp\/v2\/product_tag?post=17731"}],"curies":[{"name":"wp","href":"https:\/\/api.w.org\/{rel}","templated":true}]}}