{"id":17737,"date":"2025-07-10T10:23:16","date_gmt":"2025-07-10T10:23:16","guid":{"rendered":"https:\/\/beautysba.co.uk\/product\/%d1%81%d0%b8%d0%b1%d0%b8%d1%80%d1%81%d0%ba%d0%b0%d1%8f-%d0%bf%d1%88%d0%b5%d0%bd%d0%b8%d1%87%d0%bd%d0%b0%d1%8f-%d0%ba%d0%bb%d0%b5%d1%82%d1%87%d0%b0%d1%82%d0%ba%d0%b0-%d0%ba%d0%b5%d0%b4%d1%80%d0%be\/"},"modified":"2025-07-10T11:52:23","modified_gmt":"2025-07-10T11:52:23","slug":"%d1%81%d0%b8%d0%b1%d0%b8%d1%80%d1%81%d0%ba%d0%b0%d1%8f-%d0%bf%d1%88%d0%b5%d0%bd%d0%b8%d1%87%d0%bd%d0%b0%d1%8f-%d0%ba%d0%bb%d0%b5%d1%82%d1%87%d0%b0%d1%82%d0%ba%d0%b0-%d0%ba%d0%b5%d0%b4%d1%80%d0%be","status":"publish","type":"product","link":"https:\/\/beautysba.co.uk\/lt\/produktas\/%d1%81%d0%b8%d0%b1%d0%b8%d1%80%d1%81%d0%ba%d0%b0%d1%8f-%d0%bf%d1%88%d0%b5%d0%bd%d0%b8%d1%87%d0%bd%d0%b0%d1%8f-%d0%ba%d0%bb%d0%b5%d1%82%d1%87%d0%b0%d1%82%d0%ba%d0%b0-%d0%ba%d0%b5%d0%b4%d1%80%d0%be\/","title":{"rendered":"Sibiro kvie\u010di\u0173 skaidulos &#8220;Kedro rie\u0161utas&#8221; 280g"},"content":{"rendered":"<p>Pluo\u0161tas, kurio sud\u0117tyje yra i\u0161skirtinis Sibiro produktas &#8211; pu\u0161ies rie\u0161uto branduolys, auksinis Sibiro mi\u0161k\u0173 rezervatas!<\/p>\n<p>Reguliarus kedro rie\u0161ut\u0173 vartojimas didina organizmo atsparum\u0105 ligoms ir ilgina gyvenimo trukm\u0119.<\/p>\n<p>Rie\u0161utai atkuria vyr\u0173 j\u0117gas ir gr\u0105\u017eina jaunyst\u0119. Kedro rie\u0161utai ypa\u010d naudingi sergant imunodeficitin\u0117mis b\u016bkl\u0117mis, alergin\u0117mis ligomis, ateroskleroze, i\u0161emine \u0161irdies liga, vir\u0161kinamojo trakto ligomis, \u012fskaitant pepsin\u0119 op\u0105 ir tul\u017eies p\u016bsl\u0117s akmenlig\u0119. <\/p>\n<p>Naudojimo b\u016bdas<\/p>\n<p>skaidulos su kedro rie\u0161ut\u0173 branduoliais yra paruo\u0161tos vartoti, j\u0173 nereikia virti.<br \/>\nrekomenduojama vartoti u\u017egeriant dideliu kiekiu skys\u010dio 1-2 valgomuosius \u0161auk\u0161tus produkto 1 stiklinei skys\u010dio<br \/>\nskaidulas patogu mai\u0161yti su kefyru, jogurtu ar kitais rauginto pieno produktais, d\u0117ti \u012f tir\u0161tas sultis ar r\u016bgpien\u012f<br \/>\nskaidulas galima gerti su skys\u010diu arba d\u0117ti \u012f pirmuosius, antruosius patiekalus, kepinius.<br \/>\nVartojimo rekomendacijos:<\/p>\n<p>Vartokite po porcij\u0105 2-3 kartus per dien\u0105 prie\u0161 valg\u012f arba vietoj u\u017ekand\u017eio, kad numal\u0161intum\u0117te alk\u012f.<br \/>\nSud\u0117tyje n\u0117ra cukraus, konservant\u0173, chemini\u0173 kvapi\u0173j\u0173 med\u017eiag\u0173 ir da\u017eikli\u0173. N\u0117\u0161tumo ir \u017eindymo laikotarpiu prie\u0161 vartojim\u0105 pasitarkite su gydytoju.<br \/>\nLaikymo s\u0105lygos: laikyti nuo -25 \u00b0C iki +25 \u00b0C temperat\u016broje, esant ne didesnei kaip (80\u00b15) % santykinei oro dr\u0117gmei. Atidaryt\u0105 produkt\u0105 laikyti u\u017edaryt\u0105. <\/p>\n<p>Kontraindikacijos: atvira skrand\u017eio opa, kolitas, infekcin\u0117s etiologijos enterokolitas, individualus produkto netoleravimas.<\/p>\n<p>Puikios sveikos skaidulos su vertingais kedro rie\u0161utais &#8211; tikra Sibiro dovana j\u016bs\u0173 sveikatai!<\/p>\n<p>Maistin\u0117 vert\u0117 100 g produkto: baltym\u0173 &#8211; 8 g, riebal\u0173 &#8211; 2 g, angliavandeni\u0173 &#8211; 9 g.<\/p>\n<p>Energin\u0117 vert\u0117 100 g produkto: 100 kCal \/ 410 kJ.<\/p>\n<p>Sud\u0117tis: kvie\u010di\u0173 gr\u016bd\u0173 luk\u0161tas, obuoli\u0173 vaisiai, kedro rie\u0161uto branduolys.<\/p>\n","protected":false},"excerpt":{"rendered":"<p>Pluo\u0161tas, kurio sud\u0117tyje yra i\u0161skirtinis Sibiro produktas &#8211; pu\u0161ies rie\u0161uto branduolys, auksinis Sibiro mi\u0161k\u0173 rezervatas! Reguliarus kedro rie\u0161ut\u0173 vartojimas didina organizmo atsparum\u0105 ligoms ir ilgina gyvenimo trukm\u0119. Rie\u0161utai atkuria vyr\u0173 j\u0117gas ir gr\u0105\u017eina jaunyst\u0119. Kedro rie\u0161utai ypa\u010d naudingi sergant imunodeficitin\u0117mis b\u016bkl\u0117mis, alergin\u0117mis ligomis, ateroskleroze, i\u0161emine \u0161irdies liga, vir\u0161kinamojo trakto ligomis, \u012fskaitant pepsin\u0119 op\u0105 ir tul\u017eies [&hellip;]<\/p>\n","protected":false},"featured_media":17735,"comment_status":"open","ping_status":"closed","template":"","meta":[],"product_brand":[],"product_cat":[192,217,220],"product_tag":[],"class_list":{"0":"post-17737","1":"product","2":"type-product","3":"status-publish","4":"has-post-thumbnail","6":"product_cat-naujienos","7":"product_cat-sveikatos-prieziura","8":"product_cat-zarnyno-sveikata","10":"first","11":"outofstock","12":"shipping-taxable","13":"purchasable","14":"product-type-simple"},"_links":{"self":[{"href":"https:\/\/beautysba.co.uk\/lt\/wp-json\/wp\/v2\/product\/17737","targetHints":{"allow":["GET"]}}],"collection":[{"href":"https:\/\/beautysba.co.uk\/lt\/wp-json\/wp\/v2\/product"}],"about":[{"href":"https:\/\/beautysba.co.uk\/lt\/wp-json\/wp\/v2\/types\/product"}],"replies":[{"embeddable":true,"href":"https:\/\/beautysba.co.uk\/lt\/wp-json\/wp\/v2\/comments?post=17737"}],"wp:featuredmedia":[{"embeddable":true,"href":"https:\/\/beautysba.co.uk\/lt\/wp-json\/wp\/v2\/media\/17735"}],"wp:attachment":[{"href":"https:\/\/beautysba.co.uk\/lt\/wp-json\/wp\/v2\/media?parent=17737"}],"wp:term":[{"taxonomy":"product_brand","embeddable":true,"href":"https:\/\/beautysba.co.uk\/lt\/wp-json\/wp\/v2\/product_brand?post=17737"},{"taxonomy":"product_cat","embeddable":true,"href":"https:\/\/beautysba.co.uk\/lt\/wp-json\/wp\/v2\/product_cat?post=17737"},{"taxonomy":"product_tag","embeddable":true,"href":"https:\/\/beautysba.co.uk\/lt\/wp-json\/wp\/v2\/product_tag?post=17737"}],"curies":[{"name":"wp","href":"https:\/\/api.w.org\/{rel}","templated":true}]}}