{"id":17743,"date":"2025-07-10T10:25:45","date_gmt":"2025-07-10T10:25:45","guid":{"rendered":"https:\/\/beautysba.co.uk\/product\/%d0%ba%d0%bb%d0%b5%d1%82%d1%87%d0%b0%d1%82%d0%ba%d0%b0-%d1%81-%d1%8f%d0%b3%d0%be%d0%b4%d0%b0%d0%bc%d0%b8-%d1%81%d0%b8%d0%b1%d0%b8%d1%80%d1%81%d0%ba%d0%b0%d1%8f-%d1%80%d0%b6%d0%b0%d0%bd%d0%b0%d1%8f-350\/"},"modified":"2025-07-10T11:52:22","modified_gmt":"2025-07-10T11:52:22","slug":"%d0%ba%d0%bb%d0%b5%d1%82%d1%87%d0%b0%d1%82%d0%ba%d0%b0-%d1%81-%d1%8f%d0%b3%d0%be%d0%b4%d0%b0%d0%bc%d0%b8-%d1%81%d0%b8%d0%b1%d0%b8%d1%80%d1%81%d0%ba%d0%b0%d1%8f-%d1%80%d0%b6%d0%b0%d0%bd%d0%b0%d1%8f-350","status":"publish","type":"product","link":"https:\/\/beautysba.co.uk\/lt\/produktas\/%d0%ba%d0%bb%d0%b5%d1%82%d1%87%d0%b0%d1%82%d0%ba%d0%b0-%d1%81-%d1%8f%d0%b3%d0%be%d0%b4%d0%b0%d0%bc%d0%b8-%d1%81%d0%b8%d0%b1%d0%b8%d1%80%d1%81%d0%ba%d0%b0%d1%8f-%d1%80%d0%b6%d0%b0%d0%bd%d0%b0%d1%8f-350\/","title":{"rendered":"Sibiro rugi\u0173 uog\u0173 skaidulos 350g"},"content":{"rendered":"<p>Pluo\u0161tas paruo\u0161tas naudojant unikali\u0105 technologij\u0105, \u012f kuri\u0105 prid\u0117ta rugi\u0173 gr\u016bd\u0173 luk\u0161t\u0173.<\/p>\n<p>Ruginiai produktai yra \u017einomi kaip dietiniai produktai, tod\u0117l prad\u0117jome gaminti ir tok\u012f pluo\u0161tini\u0173 produkt\u0173 asortiment\u0105.<\/p>\n<p>Kaip naudoti:rugi\u0173 pluo\u0161tas paruo\u0161tas naudoti, jo nereikia virti.<\/p>\n<p>rekomenduojama vartoti u\u017egeriant dideliu kiekiu skys\u010dio 1-2 valgomieji \u0161auk\u0161tai produkto 1 stiklinei skys\u010dio<\/p>\n<p>L\u0105stelien\u0105 patogu mai\u0161yti su kefyru, jogurtu ar kitais rauginto pieno produktais, d\u0117ti \u012f tir\u0161tas sultis ar r\u016bg\u0161\u010dias sriubas, gerti l\u0105stelien\u0105 su skys\u010diu arba d\u0117ti \u012f pirmuosius, antruosius patiekalus, kepinius.<\/p>\n<p>Pri\u0117mimo rekomendacijos:<\/p>\n<p>Vartokite po porcij\u0105 2-3 kartus per dien\u0105 prie\u0161 valg\u012f arba vietoj u\u017ekand\u017eio, kad numal\u0161intum\u0117te alk\u012f.<\/p>\n<p>Sud\u0117tyje n\u0117ra cukraus, konservant\u0173, chemini\u0173 kvapi\u0173j\u0173 med\u017eiag\u0173 ir da\u017eikli\u0173. N\u0117\u0161tumo ir \u017eindymo laikotarpiu prie\u0161 vartojim\u0105 pasitarkite su gydytoju. <\/p>\n","protected":false},"excerpt":{"rendered":"<p>Pluo\u0161tas paruo\u0161tas naudojant unikali\u0105 technologij\u0105, \u012f kuri\u0105 prid\u0117ta rugi\u0173 gr\u016bd\u0173 luk\u0161t\u0173. Ruginiai produktai yra \u017einomi kaip dietiniai produktai, tod\u0117l prad\u0117jome gaminti ir tok\u012f pluo\u0161tini\u0173 produkt\u0173 asortiment\u0105. Kaip naudoti:rugi\u0173 pluo\u0161tas paruo\u0161tas naudoti, jo nereikia virti. rekomenduojama vartoti u\u017egeriant dideliu kiekiu skys\u010dio 1-2 valgomieji \u0161auk\u0161tai produkto 1 stiklinei skys\u010dio L\u0105stelien\u0105 patogu mai\u0161yti su kefyru, jogurtu ar kitais [&hellip;]<\/p>\n","protected":false},"featured_media":17741,"comment_status":"open","ping_status":"closed","template":"","meta":[],"product_brand":[],"product_cat":[192,217,220],"product_tag":[],"class_list":{"0":"post-17743","1":"product","2":"type-product","3":"status-publish","4":"has-post-thumbnail","6":"product_cat-naujienos","7":"product_cat-sveikatos-prieziura","8":"product_cat-zarnyno-sveikata","10":"first","11":"instock","12":"shipping-taxable","13":"purchasable","14":"product-type-simple"},"_links":{"self":[{"href":"https:\/\/beautysba.co.uk\/lt\/wp-json\/wp\/v2\/product\/17743","targetHints":{"allow":["GET"]}}],"collection":[{"href":"https:\/\/beautysba.co.uk\/lt\/wp-json\/wp\/v2\/product"}],"about":[{"href":"https:\/\/beautysba.co.uk\/lt\/wp-json\/wp\/v2\/types\/product"}],"replies":[{"embeddable":true,"href":"https:\/\/beautysba.co.uk\/lt\/wp-json\/wp\/v2\/comments?post=17743"}],"wp:featuredmedia":[{"embeddable":true,"href":"https:\/\/beautysba.co.uk\/lt\/wp-json\/wp\/v2\/media\/17741"}],"wp:attachment":[{"href":"https:\/\/beautysba.co.uk\/lt\/wp-json\/wp\/v2\/media?parent=17743"}],"wp:term":[{"taxonomy":"product_brand","embeddable":true,"href":"https:\/\/beautysba.co.uk\/lt\/wp-json\/wp\/v2\/product_brand?post=17743"},{"taxonomy":"product_cat","embeddable":true,"href":"https:\/\/beautysba.co.uk\/lt\/wp-json\/wp\/v2\/product_cat?post=17743"},{"taxonomy":"product_tag","embeddable":true,"href":"https:\/\/beautysba.co.uk\/lt\/wp-json\/wp\/v2\/product_tag?post=17743"}],"curies":[{"name":"wp","href":"https:\/\/api.w.org\/{rel}","templated":true}]}}