{"id":17755,"date":"2025-07-10T10:53:26","date_gmt":"2025-07-10T10:53:26","guid":{"rendered":"https:\/\/beautysba.co.uk\/product\/%d0%b6%d0%b8%d0%b2%d0%be%d1%82%d0%bd%d1%8b%d0%b9-%d0%ba%d0%be%d0%bb%d0%bb%d0%b0%d0%b3%d0%b5%d0%bd-10-000-300%d0%b3%d1%80-vitateka\/"},"modified":"2025-07-10T11:52:29","modified_gmt":"2025-07-10T11:52:29","slug":"%d0%b6%d0%b8%d0%b2%d0%be%d1%82%d0%bd%d1%8b%d0%b9-%d0%ba%d0%be%d0%bb%d0%bb%d0%b0%d0%b3%d0%b5%d0%bd-10-000-300%d0%b3%d1%80-vitateka","status":"publish","type":"product","link":"https:\/\/beautysba.co.uk\/lt\/produktas\/%d0%b6%d0%b8%d0%b2%d0%be%d1%82%d0%bd%d1%8b%d0%b9-%d0%ba%d0%be%d0%bb%d0%bb%d0%b0%d0%b3%d0%b5%d0%bd-10-000-300%d0%b3%d1%80-vitateka\/","title":{"rendered":"Gyv\u016bninis kolagenas 10 000 300g &#8211; VITATEKA"},"content":{"rendered":"<p>Pristatome m\u016bs\u0173 produkt\u0105 &#8211; gryn\u0105 hidrolizuot\u0105 kolagen\u0105, kuris yra tikras stebuklas j\u016bs\u0173 odai! Vos vienoje porcijoje yra net 10 000 mg galvij\u0173 kolageno, tod\u0117l jis yra ekonomi\u0161kiausias i\u0161 vis\u0173 rinkoje esan\u010di\u0173 analog\u0173. <\/p>\n<p>\u0160io unikalaus produkto tikslas &#8211; kovoti su smulkiomis linijomis ir rauk\u0161l\u0117mis, taip pat pagerinti odos stangrum\u0105 ir elastingum\u0105. Nepriekai\u0161tinga kokyb\u0117 u\u017etikrinama naudojant tik nat\u016bralius ingredientus &#8211; 1 ir 3 tip\u0173 kolagen\u0105, kuris hidrolizuojamas \u012f sudedam\u0105sias peptid\u0173 dalis, kad organizmas j\u012f geriau \u012fsisavint\u0173. <\/p>\n<p>M\u016bs\u0173 kolageno milteliuose n\u0117ra konservant\u0173, GMO, glitimo, glitimo, laktoz\u0117s, kvie\u010di\u0173, sojos, kiau\u0161ini\u0173, rie\u0161ut\u0173, pieno ir cukraus, tod\u0117l jie visi\u0161kai saug\u016bs ir tinkami visiems. Be to, kad pasiektum\u0117te did\u017eiausi\u0105 efekt\u0105, galite j\u012f naudoti kartu su bet kuriuo multivitaminu! <\/p>\n<p>Nepraleiskite progos d\u017eiaugtis jaunatvi\u0161ka ir gra\u017eia oda &#8211; rinkit\u0117s m\u016bs\u0173 hidrolizuot\u0105 kolagen\u0105 jau \u0161iandien!<\/p>\n<p>Vartojimas: 2 \u0161auk\u0161teliai (10 000 mg) per dien\u0105, i\u0161tirpinti vandenyje arba sultyse.<\/p>\n<p>Sudedamosios dalys: 1 ir 3 tipo hidrolizuotas kolagenas (1 ir 3 tipo hidrolizuotame kolagene yra \u0161i\u0173 aminor\u016bg\u0161\u010di\u0173: L-glicinas, L-prolinas, L-alaninas, L-hidroksiprolinas, L-glutamo r\u016bg\u0161tis, L-argininas, L-asparagino r\u016bg\u0161tis, L-serinas, L-lizinas, L-leucinas, L-valinas, L-tirozinas, L-fenilalaninas, L-izoleucinas, L-hidroksilizinas, L-metioninas, L-histidinas, L-cisteinas).<\/p>\n<p>Jei esate n\u0117\u0161\u010dia, maitinate kr\u016btimi arba turite koki\u0173 nors sveikatos sutrikim\u0173, prie\u0161 vartodami pasitarkite su gydytoju.<\/p>\n<p>Jei pasirei\u0161kia alergin\u0117s reakcijos, nutraukite vartojim\u0105. Maisto papildas nepakei\u010dia \u012fvairios mitybos ir sveiko gyvenimo b\u016bdo. <\/p>\n<p>Laikykite v\u0117sioje, tamsioje, vaikams nepasiekiamoje vietoje. Atidarius, sunaudoti per 2 m\u0117nesius. <\/p>\n<p>Produktas yra geneti\u0161kai nemodifikuotas, jame n\u0117ra glitimo, sojos, kiau\u0161ini\u0173, rie\u0161ut\u0173 ir laktoz\u0117s.<\/p>\n<p>2 \u0161auk\u0161teliai (10 000 mg) %*<\/p>\n<p>Hidrolizuotas 1 ir 3 tipo kolagenas 10 000 mg **<br \/>\n%* &#8211; Rekomenduojama paros doz\u0117 suaugusiesiems.<\/p>\n","protected":false},"excerpt":{"rendered":"<p>Pristatome m\u016bs\u0173 produkt\u0105 &#8211; gryn\u0105 hidrolizuot\u0105 kolagen\u0105, kuris yra tikras stebuklas j\u016bs\u0173 odai! Vos vienoje porcijoje yra net 10 000 mg galvij\u0173 kolageno, tod\u0117l jis yra ekonomi\u0161kiausias i\u0161 vis\u0173 rinkoje esan\u010di\u0173 analog\u0173. \u0160io unikalaus produkto tikslas &#8211; kovoti su smulkiomis linijomis ir rauk\u0161l\u0117mis, taip pat pagerinti odos stangrum\u0105 ir elastingum\u0105. Nepriekai\u0161tinga kokyb\u0117 u\u017etikrinama naudojant tik [&hellip;]<\/p>\n","protected":false},"featured_media":17753,"comment_status":"open","ping_status":"closed","template":"","meta":[],"product_brand":[],"product_cat":[217,220],"product_tag":[],"class_list":{"0":"post-17755","1":"product","2":"type-product","3":"status-publish","4":"has-post-thumbnail","6":"product_cat-sveikatos-prieziura","7":"product_cat-zarnyno-sveikata","9":"first","10":"outofstock","11":"shipping-taxable","12":"purchasable","13":"product-type-simple"},"_links":{"self":[{"href":"https:\/\/beautysba.co.uk\/lt\/wp-json\/wp\/v2\/product\/17755","targetHints":{"allow":["GET"]}}],"collection":[{"href":"https:\/\/beautysba.co.uk\/lt\/wp-json\/wp\/v2\/product"}],"about":[{"href":"https:\/\/beautysba.co.uk\/lt\/wp-json\/wp\/v2\/types\/product"}],"replies":[{"embeddable":true,"href":"https:\/\/beautysba.co.uk\/lt\/wp-json\/wp\/v2\/comments?post=17755"}],"wp:featuredmedia":[{"embeddable":true,"href":"https:\/\/beautysba.co.uk\/lt\/wp-json\/wp\/v2\/media\/17753"}],"wp:attachment":[{"href":"https:\/\/beautysba.co.uk\/lt\/wp-json\/wp\/v2\/media?parent=17755"}],"wp:term":[{"taxonomy":"product_brand","embeddable":true,"href":"https:\/\/beautysba.co.uk\/lt\/wp-json\/wp\/v2\/product_brand?post=17755"},{"taxonomy":"product_cat","embeddable":true,"href":"https:\/\/beautysba.co.uk\/lt\/wp-json\/wp\/v2\/product_cat?post=17755"},{"taxonomy":"product_tag","embeddable":true,"href":"https:\/\/beautysba.co.uk\/lt\/wp-json\/wp\/v2\/product_tag?post=17755"}],"curies":[{"name":"wp","href":"https:\/\/api.w.org\/{rel}","templated":true}]}}