{"id":17761,"date":"2025-07-10T10:55:01","date_gmt":"2025-07-10T10:55:01","guid":{"rendered":"https:\/\/beautysba.co.uk\/product\/%d0%bd%d0%b0%d1%81%d1%82%d0%be%d0%b9%d0%ba%d0%b0-%d0%bf%d1%83%d1%81%d1%82%d1%80%d1%8b%d0%bd%d0%b8%d0%ba%d0%b0-25%d0%bc%d0%bb-vitateka\/"},"modified":"2025-07-10T11:52:30","modified_gmt":"2025-07-10T11:52:30","slug":"%d0%bd%d0%b0%d1%81%d1%82%d0%be%d0%b9%d0%ba%d0%b0-%d0%bf%d1%83%d1%81%d1%82%d1%80%d1%8b%d0%bd%d0%b8%d0%ba%d0%b0-25%d0%bc%d0%bb-vitateka","status":"publish","type":"product","link":"https:\/\/beautysba.co.uk\/lt\/produktas\/%d0%bd%d0%b0%d1%81%d1%82%d0%be%d0%b9%d0%ba%d0%b0-%d0%bf%d1%83%d1%81%d1%82%d1%80%d1%8b%d0%bd%d0%b8%d0%ba%d0%b0-25%d0%bc%d0%bb-vitateka\/","title":{"rendered":"Pustrynikos tinkt\u016bra 25ml &#8211; Vitateka"},"content":{"rendered":"<p>Augalin\u0117s kilm\u0117s raminamoji med\u017eiaga. Jis pasi\u017eymi ry\u0161kiu raminamuoju, vidutinio stiprumo kardiotoniniu (l\u0117tina \u0161irdies susitraukim\u0173 ritm\u0105 ir stiprina \u0161irdies susitraukimus), vidutinio stiprumo hipotenziniu poveikiu. <\/p>\n<p>Sud\u0117tis<\/p>\n<p>vanduo, etanolis (etilo alkoholis), motinin\u0117s dilg\u0117l\u0117s (Leonurus cardiaca) ekstraktas 1:5. Sud\u0117tyje yra alk. 38 t\u016brio proc.<\/p>\n<p>Rekomenduojama paros doz\u0117<\/p>\n<p>1 ml (32 la\u0161ai)<\/p>\n<p>Naudojimo rekomendacijos:<\/p>\n<p>32 la\u0161us i\u0161tirpinkite 50 ml vandens.<\/p>\n<p>\u012esp\u0117jimai<\/p>\n<p>Nevartokite maisto papildo kaip visavert\u0117s ir subalansuotos mitybos pakaitalo. Nevir\u0161ykite rekomenduojamos paros doz\u0117s. Laikyti vaikams nepasiekiamoje vietoje. Nenaudokite, jei netoleruojate sudedam\u0173j\u0173 dali\u0173. N\u0117\u0161\u010dios ir maitinan\u010dios motinos prie\u0161 vartojim\u0105 tur\u0117t\u0173 pasitarti su gydytoju.<\/p>\n<p>Saugykla<\/p>\n<p>Laikyti kambario temperat\u016broje, nuo \u0161viesos apsaugotoje vietoje, gerai u\u017edarytoje originalioje pakuot\u0117je, vaikams nepasiekiamoje vietoje.<\/p>\n<p>Galiojimo laikas 3 metai<\/p>\n","protected":false},"excerpt":{"rendered":"<p>Augalin\u0117s kilm\u0117s raminamoji med\u017eiaga. Jis pasi\u017eymi ry\u0161kiu raminamuoju, vidutinio stiprumo kardiotoniniu (l\u0117tina \u0161irdies susitraukim\u0173 ritm\u0105 ir stiprina \u0161irdies susitraukimus), vidutinio stiprumo hipotenziniu poveikiu. Sud\u0117tis vanduo, etanolis (etilo alkoholis), motinin\u0117s dilg\u0117l\u0117s (Leonurus cardiaca) ekstraktas 1:5. Sud\u0117tyje yra alk. 38 t\u016brio proc. Rekomenduojama paros doz\u0117 1 ml (32 la\u0161ai) Naudojimo rekomendacijos: 32 la\u0161us i\u0161tirpinkite 50 ml vandens. [&hellip;]<\/p>\n","protected":false},"featured_media":17759,"comment_status":"open","ping_status":"closed","template":"","meta":[],"product_brand":[],"product_cat":[332,217,220],"product_tag":[],"class_list":{"0":"post-17761","1":"product","2":"type-product","3":"status-publish","4":"has-post-thumbnail","6":"product_cat-ramybe-ir-geras-miegas","7":"product_cat-sveikatos-prieziura","8":"product_cat-zarnyno-sveikata","10":"first","11":"instock","12":"shipping-taxable","13":"purchasable","14":"product-type-simple"},"_links":{"self":[{"href":"https:\/\/beautysba.co.uk\/lt\/wp-json\/wp\/v2\/product\/17761","targetHints":{"allow":["GET"]}}],"collection":[{"href":"https:\/\/beautysba.co.uk\/lt\/wp-json\/wp\/v2\/product"}],"about":[{"href":"https:\/\/beautysba.co.uk\/lt\/wp-json\/wp\/v2\/types\/product"}],"replies":[{"embeddable":true,"href":"https:\/\/beautysba.co.uk\/lt\/wp-json\/wp\/v2\/comments?post=17761"}],"wp:featuredmedia":[{"embeddable":true,"href":"https:\/\/beautysba.co.uk\/lt\/wp-json\/wp\/v2\/media\/17759"}],"wp:attachment":[{"href":"https:\/\/beautysba.co.uk\/lt\/wp-json\/wp\/v2\/media?parent=17761"}],"wp:term":[{"taxonomy":"product_brand","embeddable":true,"href":"https:\/\/beautysba.co.uk\/lt\/wp-json\/wp\/v2\/product_brand?post=17761"},{"taxonomy":"product_cat","embeddable":true,"href":"https:\/\/beautysba.co.uk\/lt\/wp-json\/wp\/v2\/product_cat?post=17761"},{"taxonomy":"product_tag","embeddable":true,"href":"https:\/\/beautysba.co.uk\/lt\/wp-json\/wp\/v2\/product_tag?post=17761"}],"curies":[{"name":"wp","href":"https:\/\/api.w.org\/{rel}","templated":true}]}}