{"id":17789,"date":"2025-08-14T06:10:44","date_gmt":"2025-08-14T06:10:44","guid":{"rendered":"https:\/\/beautysba.co.uk\/product\/%d0%bd%d0%b0%d1%81%d1%82%d0%be%d0%b9%d0%ba%d0%b0-5-%d1%82%d1%80%d0%b0%d0%b2-%d1%83%d1%81%d0%bf%d0%be%d0%ba%d0%be%d0%b8%d1%82%d0%b5%d0%bb%d1%8c%d0%bd%d0%b0%d1%8f-250-%d0%bc%d0%bb-farm-group\/"},"modified":"2025-08-14T06:31:22","modified_gmt":"2025-08-14T06:31:22","slug":"%d0%bd%d0%b0%d1%81%d1%82%d0%be%d0%b9%d0%ba%d0%b0-5-%d1%82%d1%80%d0%b0%d0%b2-%d1%83%d1%81%d0%bf%d0%be%d0%ba%d0%be%d0%b8%d1%82%d0%b5%d0%bb%d1%8c%d0%bd%d0%b0%d1%8f-250-%d0%bc%d0%bb-farm-group","status":"publish","type":"product","link":"https:\/\/beautysba.co.uk\/lt\/produktas\/%d0%bd%d0%b0%d1%81%d1%82%d0%be%d0%b9%d0%ba%d0%b0-5-%d1%82%d1%80%d0%b0%d0%b2-%d1%83%d1%81%d0%bf%d0%be%d0%ba%d0%be%d0%b8%d1%82%d0%b5%d0%bb%d1%8c%d0%bd%d0%b0%d1%8f-250-%d0%bc%d0%bb-farm-group\/","title":{"rendered":"5 vaista\u017eoli\u0173 tinkt\u016bra &#8220;Raminanti&#8221; 250 ml &#8211; Farm Group"},"content":{"rendered":"<p>Parduodamas visuomenei kaip biologi\u0161kai aktyvus maisto papildas &#8211; tanin\u0173 (raugini\u0173 med\u017eiag\u0173) ir hidroksicinamini\u0173 r\u016bg\u0161\u010di\u0173 \u0161altinis.<\/p>\n<p>Naudojimo rekomendacijos<\/p>\n<p>Suaugusiesiems gerti po 1 valgom\u0105j\u012f \u0161auk\u0161t\u0105 (15 ml) 3 kartus per dien\u0105 valgio metu, \u012fpilant \u012f vanden\u012f, arbat\u0105, mineralin\u012f vanden\u012f. Vartojimo trukm\u0117 &#8211; 1 m\u0117nuo. <\/p>\n<p>Sud\u0117tis<\/p>\n<p>Gyslo\u010dio \u017eol\u0117, vaistinio valerijono \u0161akniastiebiai su \u0161aknimis, gudobel\u0117s kraujo raudonumo vaisiai, pipirm\u0117\u010di\u0173 lapai, raudon\u0117lio \u017eol\u0117, E200, geriamasis vanduo.<\/p>\n<p>Kontraindikacijos<\/p>\n<p>Padid\u0117j\u0119s jautrumas produkto sudedamosioms dalims, n\u0117\u0161tumas, \u017eindymas, atsargiai vairuoti transporto priemones, dirbti su ma\u0161inomis ir \u012frenginiais.<\/p>\n<p>Special\u016bs nurodymai<\/p>\n<p>Prie\u0161 vartojim\u0105 rekomenduojama pasitarti su gydytoju.<\/p>\n<p>Laikymo s\u0105lygos<\/p>\n<p>Laikyti sausoje, apsaugotoje nuo tiesiogini\u0173 saul\u0117s spinduli\u0173 ir vaikams nepasiekiamoje vietoje, ne auk\u0161tesn\u0117je kaip 25 \u00b0C temperat\u016broje.<\/p>\n","protected":false},"excerpt":{"rendered":"<p>Parduodamas visuomenei kaip biologi\u0161kai aktyvus maisto papildas &#8211; tanin\u0173 (raugini\u0173 med\u017eiag\u0173) ir hidroksicinamini\u0173 r\u016bg\u0161\u010di\u0173 \u0161altinis. Naudojimo rekomendacijos Suaugusiesiems gerti po 1 valgom\u0105j\u012f \u0161auk\u0161t\u0105 (15 ml) 3 kartus per dien\u0105 valgio metu, \u012fpilant \u012f vanden\u012f, arbat\u0105, mineralin\u012f vanden\u012f. Vartojimo trukm\u0117 &#8211; 1 m\u0117nuo. Sud\u0117tis Gyslo\u010dio \u017eol\u0117, vaistinio valerijono \u0161akniastiebiai su \u0161aknimis, gudobel\u0117s kraujo raudonumo vaisiai, pipirm\u0117\u010di\u0173 [&hellip;]<\/p>\n","protected":false},"featured_media":17787,"comment_status":"open","ping_status":"closed","template":"","meta":[],"product_brand":[],"product_cat":[192,217,220],"product_tag":[],"class_list":{"0":"post-17789","1":"product","2":"type-product","3":"status-publish","4":"has-post-thumbnail","6":"product_cat-naujienos","7":"product_cat-sveikatos-prieziura","8":"product_cat-zarnyno-sveikata","10":"first","11":"instock","12":"shipping-taxable","13":"purchasable","14":"product-type-simple"},"_links":{"self":[{"href":"https:\/\/beautysba.co.uk\/lt\/wp-json\/wp\/v2\/product\/17789","targetHints":{"allow":["GET"]}}],"collection":[{"href":"https:\/\/beautysba.co.uk\/lt\/wp-json\/wp\/v2\/product"}],"about":[{"href":"https:\/\/beautysba.co.uk\/lt\/wp-json\/wp\/v2\/types\/product"}],"replies":[{"embeddable":true,"href":"https:\/\/beautysba.co.uk\/lt\/wp-json\/wp\/v2\/comments?post=17789"}],"wp:featuredmedia":[{"embeddable":true,"href":"https:\/\/beautysba.co.uk\/lt\/wp-json\/wp\/v2\/media\/17787"}],"wp:attachment":[{"href":"https:\/\/beautysba.co.uk\/lt\/wp-json\/wp\/v2\/media?parent=17789"}],"wp:term":[{"taxonomy":"product_brand","embeddable":true,"href":"https:\/\/beautysba.co.uk\/lt\/wp-json\/wp\/v2\/product_brand?post=17789"},{"taxonomy":"product_cat","embeddable":true,"href":"https:\/\/beautysba.co.uk\/lt\/wp-json\/wp\/v2\/product_cat?post=17789"},{"taxonomy":"product_tag","embeddable":true,"href":"https:\/\/beautysba.co.uk\/lt\/wp-json\/wp\/v2\/product_tag?post=17789"}],"curies":[{"name":"wp","href":"https:\/\/api.w.org\/{rel}","templated":true}]}}