{"id":17795,"date":"2025-08-14T06:12:36","date_gmt":"2025-08-14T06:12:36","guid":{"rendered":"https:\/\/beautysba.co.uk\/product\/%d0%b0%d0%bb%d1%82%d0%b5%d1%8f-%d1%81%d0%b8%d1%80%d0%be%d0%bf-%d0%b4%d0%bb%d1%8f-%d0%b4%d0%b5%d1%82%d0%b5%d0%b9-%d0%b8-%d0%b2%d0%b7%d1%80%d0%be%d1%81%d0%bb%d1%8b%d1%85-250%d0%bc%d0%bb-farm-group\/"},"modified":"2025-08-14T06:31:35","modified_gmt":"2025-08-14T06:31:35","slug":"%d0%b0%d0%bb%d1%82%d0%b5%d1%8f-%d1%81%d0%b8%d1%80%d0%be%d0%bf-%d0%b4%d0%bb%d1%8f-%d0%b4%d0%b5%d1%82%d0%b5%d0%b9-%d0%b8-%d0%b2%d0%b7%d1%80%d0%be%d1%81%d0%bb%d1%8b%d1%85-250%d0%bc%d0%bb-farm-group","status":"publish","type":"product","link":"https:\/\/beautysba.co.uk\/lt\/produktas\/%d0%b0%d0%bb%d1%82%d0%b5%d1%8f-%d1%81%d0%b8%d1%80%d0%be%d0%bf-%d0%b4%d0%bb%d1%8f-%d0%b4%d0%b5%d1%82%d0%b5%d0%b9-%d0%b8-%d0%b2%d0%b7%d1%80%d0%be%d1%81%d0%bb%d1%8b%d1%85-250%d0%bc%d0%bb-farm-group\/","title":{"rendered":"Althea sirupas vaikams ir suaugusiesiems, 250 ml Farm Group"},"content":{"rendered":"<p>Augalinis sirupas su althea \u0161akn\u0173 ekstraktu yra skanus papildas, pagamintas i\u0161 nat\u016brali\u0173 \u017ealiav\u0173. Tinka suaugusiesiems ir vaikams nuo 3 met\u0173. Vartojamas kaip mitybos papildas per\u0161alimo lig\u0173 ir sauso oro sezonu.  <\/p>\n<p>Sudedamosios dalys: cukrus, althea \u0161akn\u0173 ekstraktas, askorbo r\u016bg\u0161tis (vitaminas C), citrin\u0173 r\u016bg\u0161tis (r\u016bg\u0161tingum\u0105 reguliuojanti med\u017eiaga), vanduo.<\/p>\n<p>Grynasis t\u016bris: 250 ml<\/p>\n<p>Rekomenduojama paros doz\u0117 ir vartojimo b\u016bdas:<\/p>\n<p>3-10 met\u0173 vaikams: 5 ml (1 arbatinis \u0161auk\u0161telis) 2 kartus per dien\u0105 valgio metu<br \/>\n11 met\u0173 vaikams ir suaugusiesiems: 5 ml (1 arbatinis \u0161auk\u0161telis) 3 kartus per dien\u0105 valgio metu<br \/>\nVartojimo kursas: iki 14 dien\u0173.<\/p>\n<p>Sud\u0117tis paros doz\u0117je: paros doz\u0117je (5 ml) yra: vitamino C &#8211; 15 mg (atitinka 50-75 % rekomenduojamos paros normos, priklausomai nuo am\u017eiaus ir lyties).<\/p>\n<p>\u012esp\u0117jimai:<\/p>\n<p>Nenaudokite, jei netoleruojate sudedam\u0173j\u0173 dali\u0173.<br \/>\nN\u0117\u0161tumo ir \u017eindymo laikotarpiu.<br \/>\nPrie\u0161 vartojim\u0105 rekomenduojama pasitarti su gydytoju.<br \/>\nNerekomenduojama jaunesniems nei 3 met\u0173 vaikams.<br \/>\nNevir\u0161ykite rekomenduojamos paros doz\u0117s.<br \/>\nLaikyti vaikams nepasiekiamoje vietoje.<br \/>\nNevartokite kaip visavert\u0117s ir subalansuotos mitybos pakaitalo.<br \/>\nSvarbu maitintis \u012fvairiapusi\u0161kai ir subalansuotai bei laikytis sveikos gyvensenos.<br \/>\nLaikymo s\u0105lygos: Laikyti sausoje vietoje nuo +5 \u00b0C iki +25 \u00b0C temperat\u016broje. Saugoti nuo tiesiogini\u0173 saul\u0117s spinduli\u0173. Atidarius laikyti \u0161aldytuve ir suvartoti per 14 dien\u0173. Galiojimo laikas: 18 m\u0117nesi\u0173.   <\/p>\n<p>Paruo\u0161ta iki: \u017er. pakuot\u0119.<\/p>\n","protected":false},"excerpt":{"rendered":"<p>Augalinis sirupas su althea \u0161akn\u0173 ekstraktu yra skanus papildas, pagamintas i\u0161 nat\u016brali\u0173 \u017ealiav\u0173. Tinka suaugusiesiems ir vaikams nuo 3 met\u0173. Vartojamas kaip mitybos papildas per\u0161alimo lig\u0173 ir sauso oro sezonu. Sudedamosios dalys: cukrus, althea \u0161akn\u0173 ekstraktas, askorbo r\u016bg\u0161tis (vitaminas C), citrin\u0173 r\u016bg\u0161tis (r\u016bg\u0161tingum\u0105 reguliuojanti med\u017eiaga), vanduo. Grynasis t\u016bris: 250 ml Rekomenduojama paros doz\u0117 ir vartojimo [&hellip;]<\/p>\n","protected":false},"featured_media":17793,"comment_status":"open","ping_status":"closed","template":"","meta":[],"product_brand":[],"product_cat":[192,217,220],"product_tag":[],"class_list":{"0":"post-17795","1":"product","2":"type-product","3":"status-publish","4":"has-post-thumbnail","6":"product_cat-naujienos","7":"product_cat-sveikatos-prieziura","8":"product_cat-zarnyno-sveikata","10":"first","11":"outofstock","12":"shipping-taxable","13":"purchasable","14":"product-type-simple"},"_links":{"self":[{"href":"https:\/\/beautysba.co.uk\/lt\/wp-json\/wp\/v2\/product\/17795","targetHints":{"allow":["GET"]}}],"collection":[{"href":"https:\/\/beautysba.co.uk\/lt\/wp-json\/wp\/v2\/product"}],"about":[{"href":"https:\/\/beautysba.co.uk\/lt\/wp-json\/wp\/v2\/types\/product"}],"replies":[{"embeddable":true,"href":"https:\/\/beautysba.co.uk\/lt\/wp-json\/wp\/v2\/comments?post=17795"}],"wp:featuredmedia":[{"embeddable":true,"href":"https:\/\/beautysba.co.uk\/lt\/wp-json\/wp\/v2\/media\/17793"}],"wp:attachment":[{"href":"https:\/\/beautysba.co.uk\/lt\/wp-json\/wp\/v2\/media?parent=17795"}],"wp:term":[{"taxonomy":"product_brand","embeddable":true,"href":"https:\/\/beautysba.co.uk\/lt\/wp-json\/wp\/v2\/product_brand?post=17795"},{"taxonomy":"product_cat","embeddable":true,"href":"https:\/\/beautysba.co.uk\/lt\/wp-json\/wp\/v2\/product_cat?post=17795"},{"taxonomy":"product_tag","embeddable":true,"href":"https:\/\/beautysba.co.uk\/lt\/wp-json\/wp\/v2\/product_tag?post=17795"}],"curies":[{"name":"wp","href":"https:\/\/api.w.org\/{rel}","templated":true}]}}