{"id":17801,"date":"2025-08-14T06:14:19","date_gmt":"2025-08-14T06:14:19","guid":{"rendered":"https:\/\/beautysba.co.uk\/product\/%d1%88%d0%b8%d0%bf%d0%be%d0%b2%d0%bd%d0%b8%d0%ba%d0%b0-%d1%81%d0%b8%d1%80%d0%be%d0%bf-250ml-farm-group\/"},"modified":"2025-08-14T06:32:14","modified_gmt":"2025-08-14T06:32:14","slug":"%d1%88%d0%b8%d0%bf%d0%be%d0%b2%d0%bd%d0%b8%d0%ba%d0%b0-%d1%81%d0%b8%d1%80%d0%be%d0%bf-250ml-farm-group","status":"publish","type":"product","link":"https:\/\/beautysba.co.uk\/lt\/produktas\/%d1%88%d0%b8%d0%bf%d0%be%d0%b2%d0%bd%d0%b8%d0%ba%d0%b0-%d1%81%d0%b8%d1%80%d0%be%d0%bf-250ml-farm-group\/","title":{"rendered":"Ro\u017ei\u0173 sirupas 250ml &#8211; FARM Group"},"content":{"rendered":"<p>Augalinis vaistas, pasi\u017eymi tonizuojamuoju poveikiu, stimuliuoja nespecifin\u012f atsparum\u0105, skatina audini\u0173 regeneracij\u0105, ma\u017eina kraujagysli\u0173 pralaidum\u0105, dalyvauja angliavandeni\u0173 ir mineralini\u0173 med\u017eiag\u0173 apykaitoje, pasi\u017eymi prie\u0161u\u017edegiminiu poveikiu. Pasi\u017eymi imunomoduliaciniu poveikiu (tiek humoraliniam, tiek l\u0105steliniam imunitetui) ir choleretiniu poveikiu (d\u0117l sud\u0117tyje esan\u010di\u0173 organini\u0173 r\u016bg\u0161\u010di\u0173 ir flavonoid\u0173). <\/p>\n<p>Kontraindikacijos: padid\u0117j\u0119s jautrumas er\u0161k\u0117tuogi\u0173 sirupo sudedamosioms dalims, tul\u017eies p\u016bsl\u0117s akmenlig\u0117.<\/p>\n<p>Vartojimo b\u016bdas ir dozavimas: Suaugusiesiems: 1-2 valgomieji \u0161auk\u0161tai er\u0161k\u0117tuogi\u0173 sirupo 2-3 kartus per dien\u0105. 2-3 met\u0173 vaikams: 1\/2 arbatinio \u0161auk\u0161telio. 3-6 met\u0173 vaikams: 1 arbatinis \u0161auk\u0161telis. 6-12 met\u0173 vaikai: 1 desertinis \u0161auk\u0161telis 2-3 kartus per dien\u0105. Sirupas vaikams: 2,5-10 ml sirupo (priklausomai nuo am\u017eiaus) 2-3 kartus per dien\u0105 u\u017egeriant vandeniu.    <\/p>\n<p>Farmakologinis veikimas: augalinis vaistas, pasi\u017eymi tonizuojamuoju poveikiu, stimuliuoja nespecifin\u012f atsparum\u0105, skatina audini\u0173 regeneracij\u0105, ma\u017eina kraujagysli\u0173 pralaidum\u0105, dalyvauja angliavandeni\u0173 ir mineralini\u0173 med\u017eiag\u0173 apykaitoje, pasi\u017eymi prie\u0161u\u017edegiminiu poveikiu. Pasi\u017eymi imunomoduliaciniu poveikiu (tiek humoraliniam, tiek l\u0105steliniam imunitetui) ir choleretiniu poveikiu (d\u0117l sud\u0117tyje esan\u010di\u0173 organini\u0173 r\u016bg\u0161\u010di\u0173 ir flavonoid\u0173). <\/p>\n<p>\u0160alutinis poveikis: Alergin\u0117s reakcijos.<\/p>\n<p>Special\u016bs nurodymai: Did\u017eiausia vienkartin\u0117 er\u0161k\u0117tuogi\u0173 sirupo doz\u0117 yra 3 duonos vienetai (BU).<\/p>\n<p>S\u0105veika: Askorbo r\u016bg\u0161ties kiekis sirupe gali:<\/p>\n<p>Padidina penicilino, tetraciklino ir gele\u017eies absorbcij\u0105.<br \/>\nsusilpnina klinikin\u012f heparino ir netiesiogini\u0173 antikoaguliant\u0173 poveik\u012f.<br \/>\nGydant salicilatais ir sulfonamidais, padid\u0117ja kristalurijos rizika.<br \/>\nL\u0117tina r\u016bg\u0161\u010di\u0173, \u012fskaitant acetilsalicilo r\u016bg\u0161t\u012f, i\u0161siskyrim\u0105 inkstuose.<br \/>\nPagreitina \u0161armams jautri\u0173 vaist\u0173, \u012fskaitant alkaloidus, i\u0161siskyrim\u0105.<br \/>\nSuma\u017einti geriam\u0173j\u0173 kontraceptik\u0173 koncentracij\u0105 kraujyje.<\/p>\n","protected":false},"excerpt":{"rendered":"<p>Augalinis vaistas, pasi\u017eymi tonizuojamuoju poveikiu, stimuliuoja nespecifin\u012f atsparum\u0105, skatina audini\u0173 regeneracij\u0105, ma\u017eina kraujagysli\u0173 pralaidum\u0105, dalyvauja angliavandeni\u0173 ir mineralini\u0173 med\u017eiag\u0173 apykaitoje, pasi\u017eymi prie\u0161u\u017edegiminiu poveikiu. Pasi\u017eymi imunomoduliaciniu poveikiu (tiek humoraliniam, tiek l\u0105steliniam imunitetui) ir choleretiniu poveikiu (d\u0117l sud\u0117tyje esan\u010di\u0173 organini\u0173 r\u016bg\u0161\u010di\u0173 ir flavonoid\u0173). Kontraindikacijos: padid\u0117j\u0119s jautrumas er\u0161k\u0117tuogi\u0173 sirupo sudedamosioms dalims, tul\u017eies p\u016bsl\u0117s akmenlig\u0117. Vartojimo b\u016bdas ir dozavimas: [&hellip;]<\/p>\n","protected":false},"featured_media":17799,"comment_status":"open","ping_status":"closed","template":"","meta":[],"product_brand":[],"product_cat":[192,333,217,220],"product_tag":[],"class_list":{"0":"post-17801","1":"product","2":"type-product","3":"status-publish","4":"has-post-thumbnail","6":"product_cat-naujienos","7":"product_cat-persalimo-ligoms-ir-psichinei-sveikatai","8":"product_cat-sveikatos-prieziura","9":"product_cat-zarnyno-sveikata","11":"first","12":"instock","13":"shipping-taxable","14":"purchasable","15":"product-type-simple"},"_links":{"self":[{"href":"https:\/\/beautysba.co.uk\/lt\/wp-json\/wp\/v2\/product\/17801","targetHints":{"allow":["GET"]}}],"collection":[{"href":"https:\/\/beautysba.co.uk\/lt\/wp-json\/wp\/v2\/product"}],"about":[{"href":"https:\/\/beautysba.co.uk\/lt\/wp-json\/wp\/v2\/types\/product"}],"replies":[{"embeddable":true,"href":"https:\/\/beautysba.co.uk\/lt\/wp-json\/wp\/v2\/comments?post=17801"}],"wp:featuredmedia":[{"embeddable":true,"href":"https:\/\/beautysba.co.uk\/lt\/wp-json\/wp\/v2\/media\/17799"}],"wp:attachment":[{"href":"https:\/\/beautysba.co.uk\/lt\/wp-json\/wp\/v2\/media?parent=17801"}],"wp:term":[{"taxonomy":"product_brand","embeddable":true,"href":"https:\/\/beautysba.co.uk\/lt\/wp-json\/wp\/v2\/product_brand?post=17801"},{"taxonomy":"product_cat","embeddable":true,"href":"https:\/\/beautysba.co.uk\/lt\/wp-json\/wp\/v2\/product_cat?post=17801"},{"taxonomy":"product_tag","embeddable":true,"href":"https:\/\/beautysba.co.uk\/lt\/wp-json\/wp\/v2\/product_tag?post=17801"}],"curies":[{"name":"wp","href":"https:\/\/api.w.org\/{rel}","templated":true}]}}