{"id":17807,"date":"2025-08-14T06:16:01","date_gmt":"2025-08-14T06:16:01","guid":{"rendered":"https:\/\/beautysba.co.uk\/product\/%d0%bc%d0%b5%d0%bb%d0%b0%d1%82%d0%be%d0%bd%d0%b8%d0%bd-keep-sleep-300-%d1%88%d1%82-ostrovit\/"},"modified":"2025-08-14T06:32:15","modified_gmt":"2025-08-14T06:32:15","slug":"%d0%bc%d0%b5%d0%bb%d0%b0%d1%82%d0%be%d0%bd%d0%b8%d0%bd-keep-sleep-300-%d1%88%d1%82-ostrovit","status":"publish","type":"product","link":"https:\/\/beautysba.co.uk\/lt\/produktas\/%d0%bc%d0%b5%d0%bb%d0%b0%d1%82%d0%be%d0%bd%d0%b8%d0%bd-keep-sleep-300-%d1%88%d1%82-ostrovit\/","title":{"rendered":"Melatoninas &#8220;Laikykite mieg\u0105&#8221; 300 vnt. &#8211; OstroVit"},"content":{"rendered":"<p>&#8220;OstroVit Keep Sleep Melatonin&#8221; yra auk\u0161tos kokyb\u0117s maisto papildas, kuris yra melatonino \u0161altinis. Jis yra lengvai nuryjam\u0173 table\u010di\u0173 pavidalo ir ypa\u010d rekomenduojamas \u017emon\u0117ms, dirbantiems pamainomis, taip pat tiems, kurie da\u017enai keliauja ir kei\u010dia laiko juostas. <\/p>\n<p>Grynasis svoris: 29 g<\/p>\n<p>Sud\u0117tis: \u017er. pakuot\u0119<\/p>\n<p>Dozavimas: gerti po 1 porcij\u0105 (1 tablet\u0119) per dien\u0105 30 minu\u010di\u0173 prie\u0161 mieg\u0105. Palankus poveikis pasiekiamas vartojant 1 mg melatonino prie\u0161 pat mieg\u0105 arba 0,5 mg prie\u0161 mieg\u0105 pirm\u0105j\u0105 kelion\u0117s dien\u0105 ir kitomis dienomis po atvykimo. <\/p>\n<p>\u012eSP\u0116JIMAI:<br \/>\nProduktas n\u0117ra vaistinis preparatas.<br \/>\nGydytojo receptas nereikalingas.<br \/>\nProduktas skirtas suaugusiesiems.<br \/>\nNevir\u0161ykite rekomenduojamos paros doz\u0117s.<br \/>\nNevartokite papildo kaip \u012fvairios mitybos pakaitalo.<br \/>\nRekomenduojama subalansuota mityba ir sveikas gyvenimo b\u016bdas.<br \/>\nNevartokite produkto, jei esate alergi\u0161ki bet kuriai sudedamajai daliai.<br \/>\nProduktas neskirtas vaikams, n\u0117\u0161\u010dioms ir \u017eindan\u010dioms moterims.<br \/>\nLaikyti vaikams nepasiekiamoje vietoje.<br \/>\nNevartoti vairuojant ar dirbant su mechanizmais, nemai\u0161yti su alkoholiu ar kitais vaistais, \u012fskaitant augalinius preparatus.<br \/>\nPakuot\u0119 laikyti sandariai u\u017edaryt\u0105 sausoje vietoje, 15-25 \u00b0C temperat\u016broje.<br \/>\nSaugoti nuo tiesiogini\u0173 saul\u0117s spinduli\u0173.<\/p>\n","protected":false},"excerpt":{"rendered":"<p>&#8220;OstroVit Keep Sleep Melatonin&#8221; yra auk\u0161tos kokyb\u0117s maisto papildas, kuris yra melatonino \u0161altinis. Jis yra lengvai nuryjam\u0173 table\u010di\u0173 pavidalo ir ypa\u010d rekomenduojamas \u017emon\u0117ms, dirbantiems pamainomis, taip pat tiems, kurie da\u017enai keliauja ir kei\u010dia laiko juostas. Grynasis svoris: 29 g Sud\u0117tis: \u017er. pakuot\u0119 Dozavimas: gerti po 1 porcij\u0105 (1 tablet\u0119) per dien\u0105 30 minu\u010di\u0173 prie\u0161 mieg\u0105. [&hellip;]<\/p>\n","protected":false},"featured_media":17805,"comment_status":"open","ping_status":"closed","template":"","meta":[],"product_brand":[],"product_cat":[192,217,220],"product_tag":[],"class_list":{"0":"post-17807","1":"product","2":"type-product","3":"status-publish","4":"has-post-thumbnail","6":"product_cat-naujienos","7":"product_cat-sveikatos-prieziura","8":"product_cat-zarnyno-sveikata","10":"first","11":"outofstock","12":"shipping-taxable","13":"purchasable","14":"product-type-simple"},"_links":{"self":[{"href":"https:\/\/beautysba.co.uk\/lt\/wp-json\/wp\/v2\/product\/17807","targetHints":{"allow":["GET"]}}],"collection":[{"href":"https:\/\/beautysba.co.uk\/lt\/wp-json\/wp\/v2\/product"}],"about":[{"href":"https:\/\/beautysba.co.uk\/lt\/wp-json\/wp\/v2\/types\/product"}],"replies":[{"embeddable":true,"href":"https:\/\/beautysba.co.uk\/lt\/wp-json\/wp\/v2\/comments?post=17807"}],"wp:featuredmedia":[{"embeddable":true,"href":"https:\/\/beautysba.co.uk\/lt\/wp-json\/wp\/v2\/media\/17805"}],"wp:attachment":[{"href":"https:\/\/beautysba.co.uk\/lt\/wp-json\/wp\/v2\/media?parent=17807"}],"wp:term":[{"taxonomy":"product_brand","embeddable":true,"href":"https:\/\/beautysba.co.uk\/lt\/wp-json\/wp\/v2\/product_brand?post=17807"},{"taxonomy":"product_cat","embeddable":true,"href":"https:\/\/beautysba.co.uk\/lt\/wp-json\/wp\/v2\/product_cat?post=17807"},{"taxonomy":"product_tag","embeddable":true,"href":"https:\/\/beautysba.co.uk\/lt\/wp-json\/wp\/v2\/product_tag?post=17807"}],"curies":[{"name":"wp","href":"https:\/\/api.w.org\/{rel}","templated":true}]}}