{"id":17819,"date":"2025-08-14T06:21:23","date_gmt":"2025-08-14T06:21:23","guid":{"rendered":"https:\/\/beautysba.co.uk\/product\/%d0%b2%d0%b8%d1%82%d0%b0%d0%bc%d0%b8%d0%bd-c-%d0%bf%d0%b8%d1%89%d0%b5%d0%b2%d0%b0%d1%8f-%d0%b4%d0%be%d0%b1%d0%b0%d0%b2%d0%ba%d0%b0-90-%d0%ba%d0%b0%d0%bf%d1%81%d1%83%d0%bb-vitalharmony\/"},"modified":"2025-08-14T06:32:14","modified_gmt":"2025-08-14T06:32:14","slug":"%d0%b2%d0%b8%d1%82%d0%b0%d0%bc%d0%b8%d0%bd-c-%d0%bf%d0%b8%d1%89%d0%b5%d0%b2%d0%b0%d1%8f-%d0%b4%d0%be%d0%b1%d0%b0%d0%b2%d0%ba%d0%b0-90-%d0%ba%d0%b0%d0%bf%d1%81%d1%83%d0%bb-vitalharmony","status":"publish","type":"product","link":"https:\/\/beautysba.co.uk\/lt\/produktas\/%d0%b2%d0%b8%d1%82%d0%b0%d0%bc%d0%b8%d0%bd-c-%d0%bf%d0%b8%d1%89%d0%b5%d0%b2%d0%b0%d1%8f-%d0%b4%d0%be%d0%b1%d0%b0%d0%b2%d0%ba%d0%b0-90-%d0%ba%d0%b0%d0%bf%d1%81%d1%83%d0%bb-vitalharmony\/","title":{"rendered":"Vitaminas C, maisto papildas, 90 kapsuli\u0173 &#8211; VitalHarmony"},"content":{"rendered":"<p>Vitaminas C palaiko normali\u0105 imunin\u0117s ir nerv\u0173 sistem\u0173 veikl\u0105 ir padeda apsaugoti l\u0105steles nuo oksidacinio streso. Padeda palaikyti imunin\u0117s sistemos funkcij\u0105 intensyvios fizin\u0117s veiklos metu ir po jos. Padeda ma\u017einti nuovarg\u012f ir pavargim\u0105. Skatina normal\u0173 kolageno, svarbaus normaliam kraujagysli\u0173, kaul\u0173, kremzli\u0173, danten\u0173, odos ir dant\u0173 b\u016bklei, susidarym\u0105.   <\/p>\n<p>Grynasis kiekis: 90 kapsuli\u0173<\/p>\n<p>Sudedamosios dalys: vitaminas C (L-askorbo r\u016bg\u0161tis), kapsul\u0117: \u017eelatina (jautiena), i\u0161grynintas vanduo.<\/p>\n<p>Informacija alergijai: sud\u0117tyje gali b\u016bti: pieno (\u012fskaitant laktoz\u0119), sojos, \u017eem\u0117s rie\u0161ut\u0173, \u017eem\u0117s rie\u0161ut\u0173, rie\u0161ut\u0173, sezamo, glitimo, kiau\u0161ini\u0173, v\u0117\u017eiagyvi\u0173, \u017euvies.<\/p>\n<p>Rekomenduojama paros doz\u0117 ir vartojimo b\u016bdas: Suaugusiesiems &#8211; 1 kapsul\u0117 per dien\u0105, u\u017egeriant pakankamu kiekiu vandens.<\/p>\n<p>Sud\u0117tis paros doz\u0117je: Vitaminas C &#8211; 1000 mg (1250 % NRV*)<br \/>\n*NRV &#8211; paros referencin\u0117 suvartojimo norma<\/p>\n<p>\u012esp\u0117jimai:<\/p>\n<p>Nenaudokite, jei netoleruojate sudedam\u0173j\u0173 dali\u0173.<br \/>\nNenaudokite n\u0117\u0161tumo ir \u017eindymo laikotarpiu nepasitar\u0119 su gydytoju.<br \/>\nNevir\u0161ykite rekomenduojamos paros doz\u0117s.<br \/>\nLaikyti vaikams nepasiekiamoje vietoje.<br \/>\nNenaudokite kaip visavert\u0117s mitybos pakaitalo.<br \/>\nLaikymo s\u0105lygos: Laikyti sausoje, tamsioje vietoje, nuo +5 \u00b0C iki +25 \u00b0C temperat\u016broje, atokiau nuo \u0161viesos. Atidaryt\u0105 sunaudoti per 6 m\u0117nesius. <\/p>\n<p>Galiojimo laikas: 24 m\u0117nesiai.<br \/>\nParuo\u0161ta prie\u0161: \u017er. ant pakuot\u0117s.<\/p>\n","protected":false},"excerpt":{"rendered":"<p>Vitaminas C palaiko normali\u0105 imunin\u0117s ir nerv\u0173 sistem\u0173 veikl\u0105 ir padeda apsaugoti l\u0105steles nuo oksidacinio streso. Padeda palaikyti imunin\u0117s sistemos funkcij\u0105 intensyvios fizin\u0117s veiklos metu ir po jos. Padeda ma\u017einti nuovarg\u012f ir pavargim\u0105. Skatina normal\u0173 kolageno, svarbaus normaliam kraujagysli\u0173, kaul\u0173, kremzli\u0173, danten\u0173, odos ir dant\u0173 b\u016bklei, susidarym\u0105. Grynasis kiekis: 90 kapsuli\u0173 Sudedamosios dalys: vitaminas C [&hellip;]<\/p>\n","protected":false},"featured_media":17817,"comment_status":"open","ping_status":"closed","template":"","meta":[],"product_brand":[],"product_cat":[192,217,220],"product_tag":[],"class_list":{"0":"post-17819","1":"product","2":"type-product","3":"status-publish","4":"has-post-thumbnail","6":"product_cat-naujienos","7":"product_cat-sveikatos-prieziura","8":"product_cat-zarnyno-sveikata","10":"first","11":"instock","12":"shipping-taxable","13":"purchasable","14":"product-type-simple"},"_links":{"self":[{"href":"https:\/\/beautysba.co.uk\/lt\/wp-json\/wp\/v2\/product\/17819","targetHints":{"allow":["GET"]}}],"collection":[{"href":"https:\/\/beautysba.co.uk\/lt\/wp-json\/wp\/v2\/product"}],"about":[{"href":"https:\/\/beautysba.co.uk\/lt\/wp-json\/wp\/v2\/types\/product"}],"replies":[{"embeddable":true,"href":"https:\/\/beautysba.co.uk\/lt\/wp-json\/wp\/v2\/comments?post=17819"}],"wp:featuredmedia":[{"embeddable":true,"href":"https:\/\/beautysba.co.uk\/lt\/wp-json\/wp\/v2\/media\/17817"}],"wp:attachment":[{"href":"https:\/\/beautysba.co.uk\/lt\/wp-json\/wp\/v2\/media?parent=17819"}],"wp:term":[{"taxonomy":"product_brand","embeddable":true,"href":"https:\/\/beautysba.co.uk\/lt\/wp-json\/wp\/v2\/product_brand?post=17819"},{"taxonomy":"product_cat","embeddable":true,"href":"https:\/\/beautysba.co.uk\/lt\/wp-json\/wp\/v2\/product_cat?post=17819"},{"taxonomy":"product_tag","embeddable":true,"href":"https:\/\/beautysba.co.uk\/lt\/wp-json\/wp\/v2\/product_tag?post=17819"}],"curies":[{"name":"wp","href":"https:\/\/api.w.org\/{rel}","templated":true}]}}