{"id":17855,"date":"2025-08-14T06:29:26","date_gmt":"2025-08-14T06:29:26","guid":{"rendered":"https:\/\/beautysba.co.uk\/product\/%d0%bf%d0%b5%d1%80%d0%b5%d0%ba%d0%b8%d1%81%d1%8c-%d0%b2%d0%be%d0%b4%d0%be%d1%80%d0%be%d0%b4%d0%b0-3-100-%d0%bc%d0%bb-vitateka\/"},"modified":"2025-08-14T06:31:16","modified_gmt":"2025-08-14T06:31:16","slug":"%d0%bf%d0%b5%d1%80%d0%b5%d0%ba%d0%b8%d1%81%d1%8c-%d0%b2%d0%be%d0%b4%d0%be%d1%80%d0%be%d0%b4%d0%b0-3-100-%d0%bc%d0%bb-vitateka","status":"publish","type":"product","link":"https:\/\/beautysba.co.uk\/lt\/produktas\/%d0%bf%d0%b5%d1%80%d0%b5%d0%ba%d0%b8%d1%81%d1%8c-%d0%b2%d0%be%d0%b4%d0%be%d1%80%d0%be%d0%b4%d0%b0-3-100-%d0%bc%d0%bb-vitateka\/","title":{"rendered":"Vandenilio peroksidas 3% 100 ml-VITATEKA"},"content":{"rendered":"<p>Vandenilio peroksido tirpalas naudojamas odai valyti, pavir\u0161iams ir \u012frankiams apdoroti. Jis turi antiseptini\u0173 savybi\u0173. Jis naudojamas i\u0161ori\u0161kai. Tinka naudoti reguliariai.   <\/p>\n<p>Grynasis svoris<br \/>\n100 ml<\/p>\n<p>Sud\u0117tis<br \/>\nVandenilio peroksidas 3 % (10 g\/100 g), stabilizatorius (natrio benzoatas), i\u0161grynintas vanduo iki 100 g<\/p>\n<p>Kaip naudoti<br \/>\nNuvalykite od\u0105 tirpale pamirkytu medvilniniu ar marl\u0117s tamponu. Pavir\u0161i\u0173 ir \u012frankius galima nuvalyti tirpale suvilgyta \u0161luoste arba apdoroti panardinant. <\/p>\n<p>\u012esp\u0117jimai<br \/>\nTik i\u0161oriniam naudojimui<br \/>\nNenaudoti esant individualiam vandenilio peroksido netoleravimui<br \/>\nVengti patekimo \u012f akis<br \/>\nLaikyti vaikams nepasiekiamoje vietoje<br \/>\nAtsargumo priemon\u0117s ir pirmoji pagalba<br \/>\nPatekus \u012f akis: Nedelsiant plauti akis dideliu kiekiu vandens bent 15 minu\u010di\u0173, laikant atmerktus aki\u0173 vokus<br \/>\nPrarijus: Nesukelti v\u0117mimo. Skalauti burn\u0105, duoti i\u0161gerti 1-2 stiklines vandens. Nedelsiant kreiptis \u012f gydytoj\u0105<br \/>\nLaikymo s\u0105lygos<br \/>\nLaikyti v\u0117sioje, tamsioje vietoje, apsaugotoje nuo tiesiogini\u0173 saul\u0117s spinduli\u0173, ne auk\u0161tesn\u0117je kaip +25 \u00b0C temperat\u016broje.  <\/p>\n<p>\u0160alinimas<br \/>\nTurin\u012f ir pakuot\u0119 i\u0161meskite vadovaudamiesi vietos teis\u0117s aktais.<\/p>\n","protected":false},"excerpt":{"rendered":"<p>Vandenilio peroksido tirpalas naudojamas odai valyti, pavir\u0161iams ir \u012frankiams apdoroti. Jis turi antiseptini\u0173 savybi\u0173. Jis naudojamas i\u0161ori\u0161kai. Tinka naudoti reguliariai. Grynasis svoris 100 ml Sud\u0117tis Vandenilio peroksidas 3 % (10 g\/100 g), stabilizatorius (natrio benzoatas), i\u0161grynintas vanduo iki 100 g Kaip naudoti Nuvalykite od\u0105 tirpale pamirkytu medvilniniu ar marl\u0117s tamponu. Pavir\u0161i\u0173 ir \u012frankius galima nuvalyti [&hellip;]<\/p>\n","protected":false},"featured_media":17853,"comment_status":"open","ping_status":"closed","template":"","meta":[],"product_brand":[],"product_cat":[218,192,217],"product_tag":[],"class_list":{"0":"post-17855","1":"product","2":"type-product","3":"status-publish","4":"has-post-thumbnail","6":"product_cat-kuno-prieziura","7":"product_cat-naujienos","8":"product_cat-sveikatos-prieziura","10":"first","11":"outofstock","12":"shipping-taxable","13":"purchasable","14":"product-type-simple"},"_links":{"self":[{"href":"https:\/\/beautysba.co.uk\/lt\/wp-json\/wp\/v2\/product\/17855","targetHints":{"allow":["GET"]}}],"collection":[{"href":"https:\/\/beautysba.co.uk\/lt\/wp-json\/wp\/v2\/product"}],"about":[{"href":"https:\/\/beautysba.co.uk\/lt\/wp-json\/wp\/v2\/types\/product"}],"replies":[{"embeddable":true,"href":"https:\/\/beautysba.co.uk\/lt\/wp-json\/wp\/v2\/comments?post=17855"}],"wp:featuredmedia":[{"embeddable":true,"href":"https:\/\/beautysba.co.uk\/lt\/wp-json\/wp\/v2\/media\/17853"}],"wp:attachment":[{"href":"https:\/\/beautysba.co.uk\/lt\/wp-json\/wp\/v2\/media?parent=17855"}],"wp:term":[{"taxonomy":"product_brand","embeddable":true,"href":"https:\/\/beautysba.co.uk\/lt\/wp-json\/wp\/v2\/product_brand?post=17855"},{"taxonomy":"product_cat","embeddable":true,"href":"https:\/\/beautysba.co.uk\/lt\/wp-json\/wp\/v2\/product_cat?post=17855"},{"taxonomy":"product_tag","embeddable":true,"href":"https:\/\/beautysba.co.uk\/lt\/wp-json\/wp\/v2\/product_tag?post=17855"}],"curies":[{"name":"wp","href":"https:\/\/api.w.org\/{rel}","templated":true}]}}