{"id":18084,"date":"2025-09-08T09:03:14","date_gmt":"2025-09-08T09:03:14","guid":{"rendered":"https:\/\/beautysba.co.uk\/product\/%d0%b8%d1%81%d0%bb%d0%b0%d0%bd%d0%b4%d1%81%d0%ba%d0%b8%d0%b9-m%d0%be%d1%85-%d1%8d%d0%bb%d0%b8%d0%ba%d1%81%d0%b8%d1%80-120ml-vitateka\/"},"modified":"2025-09-10T06:48:54","modified_gmt":"2025-09-10T06:48:54","slug":"%d0%b8%d1%81%d0%bb%d0%b0%d0%bd%d0%b4%d1%81%d0%ba%d0%b8%d0%b9-m%d0%be%d1%85-%d1%8d%d0%bb%d0%b8%d0%ba%d1%81%d0%b8%d1%80-120ml-vitateka","status":"publish","type":"product","link":"https:\/\/beautysba.co.uk\/lt\/produktas\/%d0%b8%d1%81%d0%bb%d0%b0%d0%bd%d0%b4%d1%81%d0%ba%d0%b8%d0%b9-m%d0%be%d1%85-%d1%8d%d0%bb%d0%b8%d0%ba%d1%81%d0%b8%d1%80-120ml-vitateka\/","title":{"rendered":"Islandijos saman\u0173 eliksyras 120ml Vitateka"},"content":{"rendered":"<p>Islandini\u0173 saman\u0173 sirupas (vanduo, cukrus, islandini\u0173 saman\u0173 ekstraktas, etanolis), pipirm\u0117\u010di\u0173 ekstraktas, askorbo r\u016bg\u0161tis, tir\u0161tiklis &#8211; natrio karboksimetilceliulioz\u0117, konservantas &#8211; natrio benzoatas, emulsiklis &#8211; polisorbatas 20, mentolis\/.<\/p>\n<p>Naudojimo rekomendacijos:<\/p>\n<p>Paaugliai ir suaugusieji vartoja po 10 ml 3 kartus per dien\u0105.  <\/p>\n<p>Kaip vartoti: dozuokite prid\u0117tu matavimo puodeliu ir \u0161auk\u0161tu.Kadangi eliksyras pagamintas i\u0161 nat\u016bralios kilm\u0117s ingredient\u0173, produkte gali susidaryti nedidel\u0117s nuos\u0117dos. Prie\u0161 vartojim\u0105 rekomenduojama turin\u012f suplakti!<\/p>\n<p>\u012esp\u0117jimai:<\/p>\n<p>Nevartokite maisto papildo kaip visavert\u0117s mitybos pakaitalo.Nevir\u0161ykite rekomenduojamos doz\u0117s. Laikyti vaikams nepasiekiamoje vietoje.<\/p>\n<p>Nevartokite, jei yra individualus ingredient\u0173 netoleravimas.N\u0117\u0161\u010dioms moterims prie\u0161 vartojim\u0105 pasitarkite su gydytoju arba vaistininku.<\/p>\n<p>Laikykite kambario temperat\u016broje, tamsioje vietoje, kruop\u0161\u010diai u\u017edarytoje originalioje pakuot\u0117je. Atidaryt\u0105 pakuot\u0119 sunaudokite per 2 m\u0117nesius. <\/p>\n","protected":false},"excerpt":{"rendered":"<p>Islandini\u0173 saman\u0173 sirupas (vanduo, cukrus, islandini\u0173 saman\u0173 ekstraktas, etanolis), pipirm\u0117\u010di\u0173 ekstraktas, askorbo r\u016bg\u0161tis, tir\u0161tiklis &#8211; natrio karboksimetilceliulioz\u0117, konservantas &#8211; natrio benzoatas, emulsiklis &#8211; polisorbatas 20, mentolis\/. Naudojimo rekomendacijos: Paaugliai ir suaugusieji vartoja po 10 ml 3 kartus per dien\u0105. Kaip vartoti: dozuokite prid\u0117tu matavimo puodeliu ir \u0161auk\u0161tu.Kadangi eliksyras pagamintas i\u0161 nat\u016bralios kilm\u0117s ingredient\u0173, produkte gali [&hellip;]<\/p>\n","protected":false},"featured_media":18082,"comment_status":"open","ping_status":"closed","template":"","meta":[],"product_brand":[],"product_cat":[192,217,220],"product_tag":[],"class_list":{"0":"post-18084","1":"product","2":"type-product","3":"status-publish","4":"has-post-thumbnail","6":"product_cat-naujienos","7":"product_cat-sveikatos-prieziura","8":"product_cat-zarnyno-sveikata","10":"first","11":"instock","12":"shipping-taxable","13":"purchasable","14":"product-type-simple"},"_links":{"self":[{"href":"https:\/\/beautysba.co.uk\/lt\/wp-json\/wp\/v2\/product\/18084","targetHints":{"allow":["GET"]}}],"collection":[{"href":"https:\/\/beautysba.co.uk\/lt\/wp-json\/wp\/v2\/product"}],"about":[{"href":"https:\/\/beautysba.co.uk\/lt\/wp-json\/wp\/v2\/types\/product"}],"replies":[{"embeddable":true,"href":"https:\/\/beautysba.co.uk\/lt\/wp-json\/wp\/v2\/comments?post=18084"}],"wp:featuredmedia":[{"embeddable":true,"href":"https:\/\/beautysba.co.uk\/lt\/wp-json\/wp\/v2\/media\/18082"}],"wp:attachment":[{"href":"https:\/\/beautysba.co.uk\/lt\/wp-json\/wp\/v2\/media?parent=18084"}],"wp:term":[{"taxonomy":"product_brand","embeddable":true,"href":"https:\/\/beautysba.co.uk\/lt\/wp-json\/wp\/v2\/product_brand?post=18084"},{"taxonomy":"product_cat","embeddable":true,"href":"https:\/\/beautysba.co.uk\/lt\/wp-json\/wp\/v2\/product_cat?post=18084"},{"taxonomy":"product_tag","embeddable":true,"href":"https:\/\/beautysba.co.uk\/lt\/wp-json\/wp\/v2\/product_tag?post=18084"}],"curies":[{"name":"wp","href":"https:\/\/api.w.org\/{rel}","templated":true}]}}