{"id":18097,"date":"2025-09-08T09:06:35","date_gmt":"2025-09-08T09:06:35","guid":{"rendered":"https:\/\/beautysba.co.uk\/product\/%d0%bc%d0%b0%d1%81%d0%bb%d0%be-%d1%80%d0%b0%d1%81%d1%82%d0%be%d1%80%d0%be%d0%bf%d1%88%d0%b8-200-%d0%ba%d0%b0%d0%bf%d1%81%d1%83%d0%bb-vitateka\/"},"modified":"2025-09-10T06:48:54","modified_gmt":"2025-09-10T06:48:54","slug":"%d0%bc%d0%b0%d1%81%d0%bb%d0%be-%d1%80%d0%b0%d1%81%d1%82%d0%be%d1%80%d0%be%d0%bf%d1%88%d0%b8-200-%d0%ba%d0%b0%d0%bf%d1%81%d1%83%d0%bb-vitateka","status":"publish","type":"product","link":"https:\/\/beautysba.co.uk\/lt\/produktas\/%d0%bc%d0%b0%d1%81%d0%bb%d0%be-%d1%80%d0%b0%d1%81%d1%82%d0%be%d1%80%d0%be%d0%bf%d1%88%d0%b8-200-%d0%ba%d0%b0%d0%bf%d1%81%d1%83%d0%bb-vitateka\/","title":{"rendered":"Pieno rakta\u017eoli\u0173 aliejus, 200 kapsuli\u0173 &#8211; Vitateka"},"content":{"rendered":"<p>Taikymo sritis: linolo r\u016bg\u0161ties \u0161altinis.<\/p>\n<p>Sudedamosios dalys: nerafinuotas pienini\u0173 er\u0161k\u0117tuogi\u0173 aliejus, \u017eelatinos kapsul\u0117, natrio benzoatas, etilvanilinas, tokoferoliai. Linolo r\u016bg\u0161tis &#8211; ne ma\u017eiau kaip 45 %, vitaminas E &#8211; ne ma\u017eiau kaip 25 mg\/100 g. <\/p>\n<p>I\u0161leidimo forma: 300 mg \u017eelatinos kapsul\u0117s.<\/p>\n<p>Vartojimo b\u016bdas: suaugusiesiems 2-4 kapsul\u0117s 2 kartus per dien\u0105 valgio metu, 4-6 savai\u010di\u0173 kursas. Prie\u0161 vartojim\u0105 pasitarkite su gydytoju. N\u0117\u0161\u010diosioms ir \u017eindyv\u0117ms &#8211; gydytojo patarimu.  <\/p>\n<p>Kontraindikacijos:<\/p>\n<p>Individualus nepakantumas.<br \/>\nGaliojimo laikas: 24 m\u0117nesiai.<\/p>\n<p>Pieno er\u0161k\u0117tuogi\u0173 aliejus n\u0117ra vaistas.<\/p>\n","protected":false},"excerpt":{"rendered":"<p>Taikymo sritis: linolo r\u016bg\u0161ties \u0161altinis. Sudedamosios dalys: nerafinuotas pienini\u0173 er\u0161k\u0117tuogi\u0173 aliejus, \u017eelatinos kapsul\u0117, natrio benzoatas, etilvanilinas, tokoferoliai. Linolo r\u016bg\u0161tis &#8211; ne ma\u017eiau kaip 45 %, vitaminas E &#8211; ne ma\u017eiau kaip 25 mg\/100 g. I\u0161leidimo forma: 300 mg \u017eelatinos kapsul\u0117s. Vartojimo b\u016bdas: suaugusiesiems 2-4 kapsul\u0117s 2 kartus per dien\u0105 valgio metu, 4-6 savai\u010di\u0173 kursas. Prie\u0161 [&hellip;]<\/p>\n","protected":false},"featured_media":18094,"comment_status":"open","ping_status":"closed","template":"","meta":[],"product_brand":[],"product_cat":[192,217,220],"product_tag":[],"class_list":{"0":"post-18097","1":"product","2":"type-product","3":"status-publish","4":"has-post-thumbnail","6":"product_cat-naujienos","7":"product_cat-sveikatos-prieziura","8":"product_cat-zarnyno-sveikata","10":"first","11":"instock","12":"shipping-taxable","13":"purchasable","14":"product-type-simple"},"_links":{"self":[{"href":"https:\/\/beautysba.co.uk\/lt\/wp-json\/wp\/v2\/product\/18097","targetHints":{"allow":["GET"]}}],"collection":[{"href":"https:\/\/beautysba.co.uk\/lt\/wp-json\/wp\/v2\/product"}],"about":[{"href":"https:\/\/beautysba.co.uk\/lt\/wp-json\/wp\/v2\/types\/product"}],"replies":[{"embeddable":true,"href":"https:\/\/beautysba.co.uk\/lt\/wp-json\/wp\/v2\/comments?post=18097"}],"wp:featuredmedia":[{"embeddable":true,"href":"https:\/\/beautysba.co.uk\/lt\/wp-json\/wp\/v2\/media\/18094"}],"wp:attachment":[{"href":"https:\/\/beautysba.co.uk\/lt\/wp-json\/wp\/v2\/media?parent=18097"}],"wp:term":[{"taxonomy":"product_brand","embeddable":true,"href":"https:\/\/beautysba.co.uk\/lt\/wp-json\/wp\/v2\/product_brand?post=18097"},{"taxonomy":"product_cat","embeddable":true,"href":"https:\/\/beautysba.co.uk\/lt\/wp-json\/wp\/v2\/product_cat?post=18097"},{"taxonomy":"product_tag","embeddable":true,"href":"https:\/\/beautysba.co.uk\/lt\/wp-json\/wp\/v2\/product_tag?post=18097"}],"curies":[{"name":"wp","href":"https:\/\/api.w.org\/{rel}","templated":true}]}}