{"id":18103,"date":"2025-09-08T09:09:06","date_gmt":"2025-09-08T09:09:06","guid":{"rendered":"https:\/\/beautysba.co.uk\/product\/%d1%81%d0%b8%d1%80%d0%be%d0%bf-%d0%b8%d0%b7-%d1%81%d0%be%d1%81%d0%bd%d0%be%d0%b2%d1%8b%d1%85-%d0%bf%d0%be%d1%87%d0%b5%d0%ba-120-ml-vitateka\/"},"modified":"2025-09-10T06:48:55","modified_gmt":"2025-09-10T06:48:55","slug":"%d1%81%d0%b8%d1%80%d0%be%d0%bf-%d0%b8%d0%b7-%d1%81%d0%be%d1%81%d0%bd%d0%be%d0%b2%d1%8b%d1%85-%d0%bf%d0%be%d1%87%d0%b5%d0%ba-120-ml-vitateka","status":"publish","type":"product","link":"https:\/\/beautysba.co.uk\/lt\/produktas\/%d1%81%d0%b8%d1%80%d0%be%d0%bf-%d0%b8%d0%b7-%d1%81%d0%be%d1%81%d0%bd%d0%be%d0%b2%d1%8b%d1%85-%d0%bf%d0%be%d1%87%d0%b5%d0%ba-120-ml-vitateka\/","title":{"rendered":"Pu\u0161\u0173 pumpur\u0173 sirupas 120 ml Vitateka"},"content":{"rendered":"<p>NAUDOJIMAS: vyresniems nei 4 met\u0173 vaikams: 2,5 ml 2-3 kartus per dien\u0105, vyresniems nei 12 met\u0173 ir suaugusiesiems: 5 ml suplakti 2-3 kartus per dien\u0105. Per 5-6 dienas po vartojimo. <\/p>\n<p>Atidaryt\u0105 produkt\u0105 naudokite 1 m\u0117nes\u012f.<\/p>\n<p>SUDEDAMOSIOS DALYS: i\u0161grynintas vanduo, pu\u0161\u0173 sirupas, skystas vir\u017ei\u0173 ir sm\u0117lio arbatos ekstraktas, mentolis.<\/p>\n<p>KONTRAINDIKACIJOS: individualus produkto sudedam\u0173j\u0173 dali\u0173 netoleravimas, n\u0117\u0161tumas ir \u017eindymas. Nevir\u0161yti paros <\/p>\n<p>rekomenduojama doz\u0117. Laikymo s\u0105lygos: laikyti nuo \u0161viesos apsaugotoje vietoje, ne auk\u0161tesn\u0117je kaip +20 \u00b0C temperat\u016broje.  Laikyti vaikams nepasiekiamoje vietoje.<\/p>\n<p>SUDEDAMOSIOS DALYS: PINUS SYRUP (Pinus sylvestris), NOMM (Thymus serpyllum), MENTOLIS.<\/p>\n","protected":false},"excerpt":{"rendered":"<p>NAUDOJIMAS: vyresniems nei 4 met\u0173 vaikams: 2,5 ml 2-3 kartus per dien\u0105, vyresniems nei 12 met\u0173 ir suaugusiesiems: 5 ml suplakti 2-3 kartus per dien\u0105. Per 5-6 dienas po vartojimo. Atidaryt\u0105 produkt\u0105 naudokite 1 m\u0117nes\u012f. SUDEDAMOSIOS DALYS: i\u0161grynintas vanduo, pu\u0161\u0173 sirupas, skystas vir\u017ei\u0173 ir sm\u0117lio arbatos ekstraktas, mentolis. KONTRAINDIKACIJOS: individualus produkto sudedam\u0173j\u0173 dali\u0173 netoleravimas, n\u0117\u0161tumas [&hellip;]<\/p>\n","protected":false},"featured_media":18101,"comment_status":"open","ping_status":"closed","template":"","meta":[],"product_brand":[],"product_cat":[192,217,220],"product_tag":[],"class_list":{"0":"post-18103","1":"product","2":"type-product","3":"status-publish","4":"has-post-thumbnail","6":"product_cat-naujienos","7":"product_cat-sveikatos-prieziura","8":"product_cat-zarnyno-sveikata","10":"first","11":"instock","12":"shipping-taxable","13":"purchasable","14":"product-type-simple"},"_links":{"self":[{"href":"https:\/\/beautysba.co.uk\/lt\/wp-json\/wp\/v2\/product\/18103","targetHints":{"allow":["GET"]}}],"collection":[{"href":"https:\/\/beautysba.co.uk\/lt\/wp-json\/wp\/v2\/product"}],"about":[{"href":"https:\/\/beautysba.co.uk\/lt\/wp-json\/wp\/v2\/types\/product"}],"replies":[{"embeddable":true,"href":"https:\/\/beautysba.co.uk\/lt\/wp-json\/wp\/v2\/comments?post=18103"}],"wp:featuredmedia":[{"embeddable":true,"href":"https:\/\/beautysba.co.uk\/lt\/wp-json\/wp\/v2\/media\/18101"}],"wp:attachment":[{"href":"https:\/\/beautysba.co.uk\/lt\/wp-json\/wp\/v2\/media?parent=18103"}],"wp:term":[{"taxonomy":"product_brand","embeddable":true,"href":"https:\/\/beautysba.co.uk\/lt\/wp-json\/wp\/v2\/product_brand?post=18103"},{"taxonomy":"product_cat","embeddable":true,"href":"https:\/\/beautysba.co.uk\/lt\/wp-json\/wp\/v2\/product_cat?post=18103"},{"taxonomy":"product_tag","embeddable":true,"href":"https:\/\/beautysba.co.uk\/lt\/wp-json\/wp\/v2\/product_tag?post=18103"}],"curies":[{"name":"wp","href":"https:\/\/api.w.org\/{rel}","templated":true}]}}