{"id":18109,"date":"2025-09-08T09:10:52","date_gmt":"2025-09-08T09:10:52","guid":{"rendered":"https:\/\/beautysba.co.uk\/product\/%d1%88%d0%b0%d0%bc%d0%bf%d1%83%d0%bd%d1%8c-%d1%81-%d0%bd%d0%b8%d0%ba%d0%be%d1%82%d0%b8%d0%bd%d0%be%d0%b2%d0%be%d0%b9-%d0%ba%d0%b8%d1%81%d0%bb%d0%be%d1%82%d0%be%d0%b9-%d0%b8-%d1%8d%d0%ba%d1%81%d1%82\/"},"modified":"2025-09-10T06:49:01","modified_gmt":"2025-09-10T06:49:01","slug":"%d1%88%d0%b0%d0%bc%d0%bf%d1%83%d0%bd%d1%8c-%d1%81-%d0%bd%d0%b8%d0%ba%d0%be%d1%82%d0%b8%d0%bd%d0%be%d0%b2%d0%be%d0%b9-%d0%ba%d0%b8%d1%81%d0%bb%d0%be%d1%82%d0%be%d0%b9-%d0%b8-%d1%8d%d0%ba%d1%81%d1%82","status":"publish","type":"product","link":"https:\/\/beautysba.co.uk\/lt\/produktas\/%d1%88%d0%b0%d0%bc%d0%bf%d1%83%d0%bd%d1%8c-%d1%81-%d0%bd%d0%b8%d0%ba%d0%be%d1%82%d0%b8%d0%bd%d0%be%d0%b2%d0%be%d0%b9-%d0%ba%d0%b8%d1%81%d0%bb%d0%be%d1%82%d0%be%d0%b9-%d0%b8-%d1%8d%d0%ba%d1%81%d1%82\/","title":{"rendered":"\u0160amp\u016bnas su nikotino r\u016bg\u0161timi ir raudon\u0173j\u0173 pipir\u0173 ekstraktu, 300 ml &#8211; VITATEKA"},"content":{"rendered":"<p>VITATEKA pristato stiprinam\u0105j\u012f \u0161amp\u016bn\u0105 su nikotinamidu (vitaminu B3), pantenoliu ir augal\u0173 ekstrakt\u0173 kompleksu, \u012fskaitant raudon\u0173j\u0173 pipir\u0173 ekstrakt\u0105. Veikliosios med\u017eiagos padeda stimuliuoti galvos od\u0105, gerina mikrocirkuliacij\u0105, stiprina plauk\u0173 \u0161aknis ir atkuria j\u0173 strukt\u016br\u0105. <\/p>\n<p>Savyb\u0117s<br \/>\nSud\u0117tyje esantis nikotinamidas (vitaminas B3) maitina ir stiprina plaukus<br \/>\nRaudon\u0173j\u0173 pipir\u0173 ekstraktas stimuliuoja galvos odos kraujotak\u0105<br \/>\nPantenolis padeda atkurti pa\u017eeistus plaukus ir suteikia jiems \u0161velnumo<br \/>\nTinka vis\u0173 tip\u0173 plaukams<br \/>\nIdealiai tinka naudoti reguliariai<br \/>\nSud\u0117tis (INCI)<br \/>\nVanduo, natrio laureto sulfatas, kokamidopropil betainas, kokamidas DEA, glicerinas, kokamidas MEA, natrio benzoatas, niacinamidas, pantenolis, Capsicum Frutescens vaisi\u0173 ekstraktas, Eucalyptus Globulus lap\u0173 aliejus, mentolis, citrinos r\u016bg\u0161tis, parfumas, CI 14720, CI 16035.<\/p>\n<p>Naudojimas<br \/>\nNedidel\u012f kiek\u012f \u0161amp\u016bno u\u017etepkite ant dr\u0117gn\u0173 plauk\u0173, i\u0161plaukite lengvais masa\u017euojamaisiais judesiais, tada kruop\u0161\u010diai i\u0161skalaukite vandeniu. Jei reikia, pakartokite. <\/p>\n<p>T\u016bris: 300 ml<\/p>\n<p>Gamintojas: VITATEKA<\/p>\n<p>Gamybos \u0161alis: Estija<\/p>\n","protected":false},"excerpt":{"rendered":"<p>VITATEKA pristato stiprinam\u0105j\u012f \u0161amp\u016bn\u0105 su nikotinamidu (vitaminu B3), pantenoliu ir augal\u0173 ekstrakt\u0173 kompleksu, \u012fskaitant raudon\u0173j\u0173 pipir\u0173 ekstrakt\u0105. Veikliosios med\u017eiagos padeda stimuliuoti galvos od\u0105, gerina mikrocirkuliacij\u0105, stiprina plauk\u0173 \u0161aknis ir atkuria j\u0173 strukt\u016br\u0105. Savyb\u0117s Sud\u0117tyje esantis nikotinamidas (vitaminas B3) maitina ir stiprina plaukus Raudon\u0173j\u0173 pipir\u0173 ekstraktas stimuliuoja galvos odos kraujotak\u0105 Pantenolis padeda atkurti pa\u017eeistus plaukus ir [&hellip;]<\/p>\n","protected":false},"featured_media":18107,"comment_status":"open","ping_status":"closed","template":"","meta":[],"product_brand":[],"product_cat":[211,192,216],"product_tag":[],"class_list":{"0":"post-18109","1":"product","2":"type-product","3":"status-publish","4":"has-post-thumbnail","6":"product_cat-hair-lt","7":"product_cat-naujienos","8":"product_cat-sampunai","10":"first","11":"instock","12":"shipping-taxable","13":"purchasable","14":"product-type-simple"},"_links":{"self":[{"href":"https:\/\/beautysba.co.uk\/lt\/wp-json\/wp\/v2\/product\/18109","targetHints":{"allow":["GET"]}}],"collection":[{"href":"https:\/\/beautysba.co.uk\/lt\/wp-json\/wp\/v2\/product"}],"about":[{"href":"https:\/\/beautysba.co.uk\/lt\/wp-json\/wp\/v2\/types\/product"}],"replies":[{"embeddable":true,"href":"https:\/\/beautysba.co.uk\/lt\/wp-json\/wp\/v2\/comments?post=18109"}],"wp:featuredmedia":[{"embeddable":true,"href":"https:\/\/beautysba.co.uk\/lt\/wp-json\/wp\/v2\/media\/18107"}],"wp:attachment":[{"href":"https:\/\/beautysba.co.uk\/lt\/wp-json\/wp\/v2\/media?parent=18109"}],"wp:term":[{"taxonomy":"product_brand","embeddable":true,"href":"https:\/\/beautysba.co.uk\/lt\/wp-json\/wp\/v2\/product_brand?post=18109"},{"taxonomy":"product_cat","embeddable":true,"href":"https:\/\/beautysba.co.uk\/lt\/wp-json\/wp\/v2\/product_cat?post=18109"},{"taxonomy":"product_tag","embeddable":true,"href":"https:\/\/beautysba.co.uk\/lt\/wp-json\/wp\/v2\/product_tag?post=18109"}],"curies":[{"name":"wp","href":"https:\/\/api.w.org\/{rel}","templated":true}]}}