{"id":18127,"date":"2025-09-08T09:14:56","date_gmt":"2025-09-08T09:14:56","guid":{"rendered":"https:\/\/beautysba.co.uk\/product\/%d0%b8%d0%b2%d0%b0%d0%bd-%d1%87%d0%b0%d0%b9-%d1%81-%d0%ba%d0%bb%d1%83%d0%b1%d0%bd%d0%b8%d0%ba%d0%be%d0%b9-100g\/"},"modified":"2025-09-10T06:49:02","modified_gmt":"2025-09-10T06:49:02","slug":"%d0%b8%d0%b2%d0%b0%d0%bd-%d1%87%d0%b0%d0%b9-%d1%81-%d0%ba%d0%bb%d1%83%d0%b1%d0%bd%d0%b8%d0%ba%d0%be%d0%b9-100g","status":"publish","type":"product","link":"https:\/\/beautysba.co.uk\/lt\/produktas\/%d0%b8%d0%b2%d0%b0%d0%bd-%d1%87%d0%b0%d0%b9-%d1%81-%d0%ba%d0%bb%d1%83%d0%b1%d0%bd%d0%b8%d0%ba%d0%be%d0%b9-100g\/","title":{"rendered":"Ivano arbata su bra\u0161k\u0117mis 100g"},"content":{"rendered":"<p>Unikalus bra\u0161ki\u0173 arbatos aromatas ir kvapas \u017eadina aistring\u0105 nor\u0105 paragauti \u0161io nuostabaus g\u0117rimo. Gaivinan\u010dios m\u0117tos padaro g\u0117rimo skon\u012f rafinuotesn\u012f ir ry\u0161kesn\u012f. Kiekvien\u0105 kart\u0105 m\u0117gaudamiesi \u0161iuo g\u0117rimu gerinate savo sveikat\u0105 ir stiprinate imunitet\u0105.  <\/p>\n<p>Tai ne narkotikas.  <\/p>\n<p>Grynasis svoris &#8211; 100 +\/-3 g.<\/p>\n<p>Paruo\u0161imas: 2-3 \u0161auk\u0161telius produkto supilkite \u012f virdul\u012f.   <\/p>\n<p>500 ml vandens, u\u017epilkite verdan\u010diu vandeniu. Virkite 5-7 minutes. <\/p>\n<p>Sud\u0117tis: fermentuoti kiparisai, bra\u0161ki\u0173 vaisiai, bra\u0161ki\u0173 lapai, m\u0117tos.<\/p>\n<p>Maistin\u0117 vert\u0117 100 gr produkto\/ Energin\u0117 vert\u0117:<\/p>\n<p>150 kcal\/628 kJ. Baltymai: 4,6 g. Riebalai: 0 g. Angliavandeniai: 31,6 \u0433. <\/p>\n<p>Laikymo s\u0105lygos: sausoje vietoje, esant ne didesnei kaip 70 % santykinei oro dr\u0117gmei. Galiojimo laikas &#8211; 2 metai. <\/p>\n","protected":false},"excerpt":{"rendered":"<p>Unikalus bra\u0161ki\u0173 arbatos aromatas ir kvapas \u017eadina aistring\u0105 nor\u0105 paragauti \u0161io nuostabaus g\u0117rimo. Gaivinan\u010dios m\u0117tos padaro g\u0117rimo skon\u012f rafinuotesn\u012f ir ry\u0161kesn\u012f. Kiekvien\u0105 kart\u0105 m\u0117gaudamiesi \u0161iuo g\u0117rimu gerinate savo sveikat\u0105 ir stiprinate imunitet\u0105. Tai ne narkotikas. Grynasis svoris &#8211; 100 +\/-3 g. Paruo\u0161imas: 2-3 \u0161auk\u0161telius produkto supilkite \u012f virdul\u012f. 500 ml vandens, u\u017epilkite verdan\u010diu vandeniu. Virkite [&hellip;]<\/p>\n","protected":false},"featured_media":18125,"comment_status":"open","ping_status":"closed","template":"","meta":[],"product_brand":[],"product_cat":[192,217,270],"product_tag":[],"class_list":{"0":"post-18127","1":"product","2":"type-product","3":"status-publish","4":"has-post-thumbnail","6":"product_cat-naujienos","7":"product_cat-sveikatos-prieziura","8":"product_cat----lt","10":"first","11":"instock","12":"shipping-taxable","13":"purchasable","14":"product-type-simple"},"_links":{"self":[{"href":"https:\/\/beautysba.co.uk\/lt\/wp-json\/wp\/v2\/product\/18127","targetHints":{"allow":["GET"]}}],"collection":[{"href":"https:\/\/beautysba.co.uk\/lt\/wp-json\/wp\/v2\/product"}],"about":[{"href":"https:\/\/beautysba.co.uk\/lt\/wp-json\/wp\/v2\/types\/product"}],"replies":[{"embeddable":true,"href":"https:\/\/beautysba.co.uk\/lt\/wp-json\/wp\/v2\/comments?post=18127"}],"wp:featuredmedia":[{"embeddable":true,"href":"https:\/\/beautysba.co.uk\/lt\/wp-json\/wp\/v2\/media\/18125"}],"wp:attachment":[{"href":"https:\/\/beautysba.co.uk\/lt\/wp-json\/wp\/v2\/media?parent=18127"}],"wp:term":[{"taxonomy":"product_brand","embeddable":true,"href":"https:\/\/beautysba.co.uk\/lt\/wp-json\/wp\/v2\/product_brand?post=18127"},{"taxonomy":"product_cat","embeddable":true,"href":"https:\/\/beautysba.co.uk\/lt\/wp-json\/wp\/v2\/product_cat?post=18127"},{"taxonomy":"product_tag","embeddable":true,"href":"https:\/\/beautysba.co.uk\/lt\/wp-json\/wp\/v2\/product_tag?post=18127"}],"curies":[{"name":"wp","href":"https:\/\/api.w.org\/{rel}","templated":true}]}}