{"id":18169,"date":"2025-10-07T06:07:39","date_gmt":"2025-10-07T06:07:39","guid":{"rendered":"https:\/\/beautysba.co.uk\/product\/%d0%bc%d0%b8%d1%86%d0%b5%d0%bb%d0%bb%d1%8f%d1%80%d0%bd%d0%b0%d1%8f-%d0%b2%d0%be%d0%b4%d0%b0-%d1%81-%d0%b0%d0%bb%d0%be%d1%8d-%d0%b2%d0%b5%d1%80%d0%b0-%d0%b8-%d0%b3%d0%b8%d0%b0%d0%bb%d1%83%d1%80%d0%be\/"},"modified":"2025-12-17T06:58:28","modified_gmt":"2025-12-17T06:58:28","slug":"%d0%bc%d0%b8%d1%86%d0%b5%d0%bb%d0%bb%d1%8f%d1%80%d0%bd%d0%b0%d1%8f-%d0%b2%d0%be%d0%b4%d0%b0-%d1%81-%d0%b0%d0%bb%d0%be%d1%8d-%d0%b2%d0%b5%d1%80%d0%b0-%d0%b8-%d0%b3%d0%b8%d0%b0%d0%bb%d1%83%d1%80%d0%be","status":"publish","type":"product","link":"https:\/\/beautysba.co.uk\/lt\/produktas\/%d0%bc%d0%b8%d1%86%d0%b5%d0%bb%d0%bb%d1%8f%d1%80%d0%bd%d0%b0%d1%8f-%d0%b2%d0%be%d0%b4%d0%b0-%d1%81-%d0%b0%d0%bb%d0%be%d1%8d-%d0%b2%d0%b5%d1%80%d0%b0-%d0%b8-%d0%b3%d0%b8%d0%b0%d0%bb%d1%83%d1%80%d0%be\/","title":{"rendered":"Micelinis vanduo su alijo\u0161iumi ir hialurono r\u016bg\u0161timi &#8220;Hydra Shot Hyaluron Victoria Beauty&#8221; 350ml"},"content":{"rendered":"<p>\u0160velnus micelinis vanduo, specialiai sukurtas sausai ir jautriai odai. Jis veiksmingai pa\u0161alina makia\u017e\u0105 ir ne\u0161varumus, nesausindamas odos, o prie\u0161ingai &#8211; dr\u0117kina, ramina ir gaivina. Idealiai tinka kasdieniam naudojimui.  <\/p>\n<p>Veikliosios med\u017eiagos ir j\u0173 savyb\u0117s:<br \/>\nHialurono r\u016bg\u0161tis (natrio hialuronatas) &#8211; giliai dr\u0117kina od\u0105 ir sulaiko dr\u0117gm\u0119.<\/p>\n<p>Alavijo sultys &#8211; ramina, mal\u0161ina sudirgimus, palaiko sveik\u0105 odos pusiausvyr\u0105.<\/p>\n<p>Niacinamidas (vitaminas B3) &#8211; suvienodina odos spalv\u0105, ma\u017eina paraudim\u0105 ir gerina gynybines funkcijas.<\/p>\n<p>Sprend\u017eia problemas:<br \/>\nOdos dehidratacija po valymo<\/p>\n<p>Padid\u0117j\u0119s jautrumas<\/p>\n<p>Nuobodus veido atspalvis<\/p>\n<p>Deginimas ar \u012fsitempimas<\/p>\n<p>Polinkis \u012f paraudim\u0105 ir u\u017edegim\u0105<\/p>\n<p>Privalumai:<br \/>\nNereikia skalavimo<\/p>\n<p>Tinka akims ir l\u016bpoms<\/p>\n<p>Be alkoholio<\/p>\n<p>Vegani\u0161ka formul\u0117<\/p>\n<p>98 % nat\u016brali\u0173 ingredient\u0173<\/p>\n<p>Dermatologi\u0161kai i\u0161bandyta<\/p>\n","protected":false},"excerpt":{"rendered":"<p>\u0160velnus micelinis vanduo, specialiai sukurtas sausai ir jautriai odai. Jis veiksmingai pa\u0161alina makia\u017e\u0105 ir ne\u0161varumus, nesausindamas odos, o prie\u0161ingai &#8211; dr\u0117kina, ramina ir gaivina. Idealiai tinka kasdieniam naudojimui. Veikliosios med\u017eiagos ir j\u0173 savyb\u0117s: Hialurono r\u016bg\u0161tis (natrio hialuronatas) &#8211; giliai dr\u0117kina od\u0105 ir sulaiko dr\u0117gm\u0119. Alavijo sultys &#8211; ramina, mal\u0161ina sudirgimus, palaiko sveik\u0105 odos pusiausvyr\u0105. Niacinamidas [&hellip;]<\/p>\n","protected":false},"featured_media":18167,"comment_status":"open","ping_status":"closed","template":"","meta":[],"product_brand":[],"product_cat":[208,192,127],"product_tag":[],"class_list":{"0":"post-18169","1":"product","2":"type-product","3":"status-publish","4":"has-post-thumbnail","6":"product_cat-micelinis-vanduo","7":"product_cat-naujienos","8":"product_cat-veidas","10":"first","11":"instock","12":"shipping-taxable","13":"purchasable","14":"product-type-simple"},"_links":{"self":[{"href":"https:\/\/beautysba.co.uk\/lt\/wp-json\/wp\/v2\/product\/18169","targetHints":{"allow":["GET"]}}],"collection":[{"href":"https:\/\/beautysba.co.uk\/lt\/wp-json\/wp\/v2\/product"}],"about":[{"href":"https:\/\/beautysba.co.uk\/lt\/wp-json\/wp\/v2\/types\/product"}],"replies":[{"embeddable":true,"href":"https:\/\/beautysba.co.uk\/lt\/wp-json\/wp\/v2\/comments?post=18169"}],"wp:featuredmedia":[{"embeddable":true,"href":"https:\/\/beautysba.co.uk\/lt\/wp-json\/wp\/v2\/media\/18167"}],"wp:attachment":[{"href":"https:\/\/beautysba.co.uk\/lt\/wp-json\/wp\/v2\/media?parent=18169"}],"wp:term":[{"taxonomy":"product_brand","embeddable":true,"href":"https:\/\/beautysba.co.uk\/lt\/wp-json\/wp\/v2\/product_brand?post=18169"},{"taxonomy":"product_cat","embeddable":true,"href":"https:\/\/beautysba.co.uk\/lt\/wp-json\/wp\/v2\/product_cat?post=18169"},{"taxonomy":"product_tag","embeddable":true,"href":"https:\/\/beautysba.co.uk\/lt\/wp-json\/wp\/v2\/product_tag?post=18169"}],"curies":[{"name":"wp","href":"https:\/\/api.w.org\/{rel}","templated":true}]}}