{"id":18188,"date":"2025-10-07T06:14:38","date_gmt":"2025-10-07T06:14:38","guid":{"rendered":"https:\/\/beautysba.co.uk\/product\/%d0%b3%d0%b8%d0%b4%d1%80%d0%be%d0%b3%d0%b5%d0%bb%d0%b5%d0%b2%d1%8b%d0%b5-%d0%bf%d0%be%d0%b4%d1%83%d1%88%d0%b5%d1%87%d0%ba%d0%b8-%d0%bf%d0%be%d0%b4-%d0%b3%d0%bb%d0%b0%d0%b7%d0%b0-%d0%b3%d0%b8%d0%b0\/"},"modified":"2025-12-17T06:58:29","modified_gmt":"2025-12-17T06:58:29","slug":"%d0%b3%d0%b8%d0%b4%d1%80%d0%be%d0%b3%d0%b5%d0%bb%d0%b5%d0%b2%d1%8b%d0%b5-%d0%bf%d0%be%d0%b4%d1%83%d1%88%d0%b5%d1%87%d0%ba%d0%b8-%d0%bf%d0%be%d0%b4-%d0%b3%d0%bb%d0%b0%d0%b7%d0%b0-%d0%b3%d0%b8%d0%b0","status":"publish","type":"product","link":"https:\/\/beautysba.co.uk\/lt\/produktas\/%d0%b3%d0%b8%d0%b4%d1%80%d0%be%d0%b3%d0%b5%d0%bb%d0%b5%d0%b2%d1%8b%d0%b5-%d0%bf%d0%be%d0%b4%d1%83%d1%88%d0%b5%d1%87%d0%ba%d0%b8-%d0%bf%d0%be%d0%b4-%d0%b3%d0%bb%d0%b0%d0%b7%d0%b0-%d0%b3%d0%b8%d0%b0\/","title":{"rendered":"Hialurono ir anglies hidrogelio aki\u0173 \u012fklotai, 30 por\u0173 .DIZAO"},"content":{"rendered":"<p>  Gra\u017ei mergina su perl\u0173 auskarais renkasi Dizao juodus sandalus &#8211; \u0161vytin\u010dius tyrumu. Juodi pleistrai puikiai priglunda, valo, stangrina ir intensyviai dr\u0117kina od\u0105. \u0160iuos pleistrus galima naudoti aki\u0173 sri\u010diai, kaktai ir kitoms veido sritims. Reguliariai naudojant pleistrai duoda akivaizd\u017ei\u0173 rezultat\u0173 &#8211; oda po akimis tampa \u0161varesn\u0117, stangresn\u0117 ir tiesiog spinduliuoja gaivumu.   <\/p>\n<p>TILPUMAS: 60 vnt.<\/p>\n<p>INCI: Sud\u0117tyje yra veikli\u0173j\u0173 med\u017eiag\u0173: glicerino, karagenino, aktyvuotos anglies milteli\u0173, hialurono r\u016bg\u0161ties.<\/p>\n","protected":false},"excerpt":{"rendered":"<p>Gra\u017ei mergina su perl\u0173 auskarais renkasi Dizao juodus sandalus &#8211; \u0161vytin\u010dius tyrumu. Juodi pleistrai puikiai priglunda, valo, stangrina ir intensyviai dr\u0117kina od\u0105. \u0160iuos pleistrus galima naudoti aki\u0173 sri\u010diai, kaktai ir kitoms veido sritims. Reguliariai naudojant pleistrai duoda akivaizd\u017ei\u0173 rezultat\u0173 &#8211; oda po akimis tampa \u0161varesn\u0117, stangresn\u0117 ir tiesiog spinduliuoja gaivumu. TILPUMAS: 60 vnt. INCI: Sud\u0117tyje [&hellip;]<\/p>\n","protected":false},"featured_media":18186,"comment_status":"open","ping_status":"closed","template":"","meta":[],"product_brand":[],"product_cat":[203,127],"product_tag":[],"class_list":{"0":"post-18188","1":"product","2":"type-product","3":"status-publish","4":"has-post-thumbnail","6":"product_cat-akiu-kaukes-arba-pleistrai","7":"product_cat-veidas","9":"first","10":"outofstock","11":"shipping-taxable","12":"purchasable","13":"product-type-simple"},"_links":{"self":[{"href":"https:\/\/beautysba.co.uk\/lt\/wp-json\/wp\/v2\/product\/18188","targetHints":{"allow":["GET"]}}],"collection":[{"href":"https:\/\/beautysba.co.uk\/lt\/wp-json\/wp\/v2\/product"}],"about":[{"href":"https:\/\/beautysba.co.uk\/lt\/wp-json\/wp\/v2\/types\/product"}],"replies":[{"embeddable":true,"href":"https:\/\/beautysba.co.uk\/lt\/wp-json\/wp\/v2\/comments?post=18188"}],"wp:featuredmedia":[{"embeddable":true,"href":"https:\/\/beautysba.co.uk\/lt\/wp-json\/wp\/v2\/media\/18186"}],"wp:attachment":[{"href":"https:\/\/beautysba.co.uk\/lt\/wp-json\/wp\/v2\/media?parent=18188"}],"wp:term":[{"taxonomy":"product_brand","embeddable":true,"href":"https:\/\/beautysba.co.uk\/lt\/wp-json\/wp\/v2\/product_brand?post=18188"},{"taxonomy":"product_cat","embeddable":true,"href":"https:\/\/beautysba.co.uk\/lt\/wp-json\/wp\/v2\/product_cat?post=18188"},{"taxonomy":"product_tag","embeddable":true,"href":"https:\/\/beautysba.co.uk\/lt\/wp-json\/wp\/v2\/product_tag?post=18188"}],"curies":[{"name":"wp","href":"https:\/\/api.w.org\/{rel}","templated":true}]}}