{"id":18206,"date":"2025-10-07T06:51:02","date_gmt":"2025-10-07T06:51:02","guid":{"rendered":"https:\/\/beautysba.co.uk\/product\/%d0%ba%d1%80%d0%b5%d0%bc-%d0%b1%d0%b0%d0%bb%d1%8c%d0%b7%d0%b0%d0%bc-%d0%b4%d0%bb%d1%8f-%d0%bd%d0%be%d0%b3-%d1%81%d0%bf%d0%b0%d1%81%d0%b0%d1%82%d0%b5%d0%bb%d1%8c%d0%bd%d1%8b%d0%b9-%d0%ba%d1%80\/"},"modified":"2025-12-17T07:06:53","modified_gmt":"2025-12-17T07:06:53","slug":"%d0%ba%d1%80%d0%b5%d0%bc-%d0%b1%d0%b0%d0%bb%d1%8c%d0%b7%d0%b0%d0%bc-%d0%b4%d0%bb%d1%8f-%d0%bd%d0%be%d0%b3-%d1%81%d0%bf%d0%b0%d1%81%d0%b0%d1%82%d0%b5%d0%bb%d1%8c%d0%bd%d1%8b%d0%b9-%d0%ba%d1%80","status":"publish","type":"product","link":"https:\/\/beautysba.co.uk\/lt\/produktas\/%d0%ba%d1%80%d0%b5%d0%bc-%d0%b1%d0%b0%d0%bb%d1%8c%d0%b7%d0%b0%d0%bc-%d0%b4%d0%bb%d1%8f-%d0%bd%d0%be%d0%b3-%d1%81%d0%bf%d0%b0%d1%81%d0%b0%d1%82%d0%b5%d0%bb%d1%8c%d0%bd%d1%8b%d0%b9-%d0%ba%d1%80\/","title":{"rendered":"Kremas-balzamas kojoms &#8220;Rescue Circle&#8221; &#8220;Venovital&#8221; 100ml Dr. Retter"},"content":{"rendered":"<p>Sud\u0117tyje yra nat\u016brali\u0173 ka\u0161ton\u0173, ginkmed\u017eio, ragani\u0173 lazdyno ir trokserutino ekstrakt\u0173.<\/p>\n<p>\u0160\u012f labai veiksming\u0105 produkt\u0105, sukurt\u0105 nat\u016brali\u0173 ingredient\u0173 pagrindu, galima rekomenduoti kaip veiksming\u0105 pagalb\u0105 kompleksiniam gydymui ir varikoz\u0117s po\u017eymi\u0173 prevencijai. Gydomosios kremo veikli\u0173j\u0173 med\u017eiag\u0173 savyb\u0117s, optimaliai sukoncentruotos specialioje sinergetin\u0117je formul\u0117je, padeda pagerinti kraujagysli\u0173 tonus\u0105, sustiprinti j\u0173 drena\u017eo savybes, normalizuoti limfos nutek\u0117jim\u0105 ir pagerinti kraujo mikrocirkuliacij\u0105. <\/p>\n<p>Reguliarus vaisto, praturtinto vaistiniais komponentais, vartojimas padeda i\u0161vengti perkrovos, susijusios su ilgu koj\u0173 stov\u0117jimu ir nedideliu fiziniu aktyvumu, padeda suma\u017einti patinim\u0105, pa\u0161alina sunkumo ir nuovargio poj\u016bt\u012f, suteikia palank\u0173 tonizuojam\u0105j\u012f poveik\u012f.<\/p>\n<p>Veikli\u0173j\u0173 sudedam\u0173j\u0173 dali\u0173 veikimo mechanizmo apra\u0161ymas:<\/p>\n<p>Trokserutinas (INCI*: trokserutinas) yra rutino darinys, pasi\u017eymintis venotonizuojan\u010diomis, prie\u0161u\u017edegimin\u0117mis, edem\u0105 ma\u017einan\u010diomis ir antioksidacin\u0117mis savyb\u0117mis.<br \/>\nArklio ka\u0161tono ekstraktas (INCI*: Aesculus Hippocastanum Bark Extract) &#8211; didina kraujagysli\u0173 elastingum\u0105, stiprina kapiliar\u0173 ir ven\u0173 sieneles. Ma\u017eina kapiliar\u0173 pralaidum\u0105, gerina mikrocirkuliacij\u0105, neleid\u017eia susidaryti s\u0105stingiui kapiliaruose, pagreitina kraujo tek\u0117jim\u0105 venose, tod\u0117l neleid\u017eia susidaryti ar did\u0117ti trombozei.<br \/>\nDviskiau\u010di\u0173 ginkmed\u017ei\u0173 ekstraktas (INCI*: dviskiau\u010di\u0173 ginkmed\u017ei\u0173 lap\u0173 ekstraktas) &#8211; gerina l\u0105steli\u0173 energijos apykait\u0105, ma\u017eina kapiliar\u0173 pralaidum\u0105 ir gerina kraujo mikrocirkuliacij\u0105, stiprina kraujagysli\u0173 sieneles, didina kraujagysli\u0173 elastingum\u0105 ir tonus\u0105, audini\u0173 apr\u016bpinim\u0105 krauju, pasi\u017eymi antiademiniu poveikiu.<br \/>\nHamamelio ekstraktas (INCI* Hamamelis Virginiana Leaf Extract): pasi\u017eymi bakteriostatiniu, kraujagysles sutraukian\u010diu ir sutraukian\u010diu poveikiu. Jis pla\u010diai naudojamas kosmetologijoje ven\u0173 varikozei gydyti. <\/p>\n<p>Sudedamosios dalys: Kaprilo\/kapriko trigliceridas, etilheksilo kokoatas, parafininis skystis, glicerinas, glicerilo stearatas SE, cetearilo alkoholis, cetaretas-11, cetaretas-20, trekserutinas, fenoksietanolis, dimetikonas, mentolis, niacinamidas, Aesculus Hippocastanum \u017eiev\u0117s ekstraktas, Ginkgo Biloba lap\u0173 ekstraktas, Hamamelis Virginiana lap\u0173 ekstraktas, akrilat\u0173\/C10-30 alkilo akrilato kry\u017eminis polimeras, trietanoloaminas, parfumas, etilheksilglicerinas, benzilheksilglicerinas, benzilalkoholis, eugenolis, benzilsalicilatas, cinamalas, kumarinas, geraniolis, farnasolis, linaloolis, citronelolis.<\/p>\n","protected":false},"excerpt":{"rendered":"<p>Sud\u0117tyje yra nat\u016brali\u0173 ka\u0161ton\u0173, ginkmed\u017eio, ragani\u0173 lazdyno ir trokserutino ekstrakt\u0173. \u0160\u012f labai veiksming\u0105 produkt\u0105, sukurt\u0105 nat\u016brali\u0173 ingredient\u0173 pagrindu, galima rekomenduoti kaip veiksming\u0105 pagalb\u0105 kompleksiniam gydymui ir varikoz\u0117s po\u017eymi\u0173 prevencijai. Gydomosios kremo veikli\u0173j\u0173 med\u017eiag\u0173 savyb\u0117s, optimaliai sukoncentruotos specialioje sinergetin\u0117je formul\u0117je, padeda pagerinti kraujagysli\u0173 tonus\u0105, sustiprinti j\u0173 drena\u017eo savybes, normalizuoti limfos nutek\u0117jim\u0105 ir pagerinti kraujo mikrocirkuliacij\u0105. Reguliarus [&hellip;]<\/p>\n","protected":false},"featured_media":18204,"comment_status":"open","ping_status":"closed","template":"","meta":[],"product_brand":[],"product_cat":[119,192,219,123,217],"product_tag":[],"class_list":{"0":"post-18206","1":"product","2":"type-product","3":"status-publish","4":"has-post-thumbnail","6":"product_cat-kuno-produktai","7":"product_cat-naujienos","8":"product_cat-pedu-prieziura-lt","9":"product_cat-pedu-prieziura","10":"product_cat-sveikatos-prieziura","12":"first","13":"outofstock","14":"shipping-taxable","15":"purchasable","16":"product-type-simple"},"_links":{"self":[{"href":"https:\/\/beautysba.co.uk\/lt\/wp-json\/wp\/v2\/product\/18206","targetHints":{"allow":["GET"]}}],"collection":[{"href":"https:\/\/beautysba.co.uk\/lt\/wp-json\/wp\/v2\/product"}],"about":[{"href":"https:\/\/beautysba.co.uk\/lt\/wp-json\/wp\/v2\/types\/product"}],"replies":[{"embeddable":true,"href":"https:\/\/beautysba.co.uk\/lt\/wp-json\/wp\/v2\/comments?post=18206"}],"wp:featuredmedia":[{"embeddable":true,"href":"https:\/\/beautysba.co.uk\/lt\/wp-json\/wp\/v2\/media\/18204"}],"wp:attachment":[{"href":"https:\/\/beautysba.co.uk\/lt\/wp-json\/wp\/v2\/media?parent=18206"}],"wp:term":[{"taxonomy":"product_brand","embeddable":true,"href":"https:\/\/beautysba.co.uk\/lt\/wp-json\/wp\/v2\/product_brand?post=18206"},{"taxonomy":"product_cat","embeddable":true,"href":"https:\/\/beautysba.co.uk\/lt\/wp-json\/wp\/v2\/product_cat?post=18206"},{"taxonomy":"product_tag","embeddable":true,"href":"https:\/\/beautysba.co.uk\/lt\/wp-json\/wp\/v2\/product_tag?post=18206"}],"curies":[{"name":"wp","href":"https:\/\/api.w.org\/{rel}","templated":true}]}}