{"id":18219,"date":"2025-10-08T07:28:08","date_gmt":"2025-10-08T07:28:08","guid":{"rendered":"https:\/\/beautysba.co.uk\/product\/%d0%bd%d0%b0%d0%b1%d0%be%d1%80-%d0%bf%d0%b0%d0%bb%d0%be%d1%87%d0%b5%d0%ba-%d0%b4%d0%bb%d1%8f-%d0%b1%d0%bb%d0%b0%d0%b3%d0%be%d0%b2%d0%be%d0%bd%d0%b8%d0%b9-chakra-box-sattva-ayurveda-49-%d1%88%d1%82\/"},"modified":"2025-12-17T07:06:53","modified_gmt":"2025-12-17T07:06:53","slug":"%d0%bd%d0%b0%d0%b1%d0%be%d1%80-%d0%bf%d0%b0%d0%bb%d0%be%d1%87%d0%b5%d0%ba-%d0%b4%d0%bb%d1%8f-%d0%b1%d0%bb%d0%b0%d0%b3%d0%be%d0%b2%d0%be%d0%bd%d0%b8%d0%b9-chakra-box-sattva-ayurveda-49-%d1%88%d1%82","status":"publish","type":"product","link":"https:\/\/beautysba.co.uk\/lt\/produktas\/%d0%bd%d0%b0%d0%b1%d0%be%d1%80-%d0%bf%d0%b0%d0%bb%d0%be%d1%87%d0%b5%d0%ba-%d0%b4%d0%bb%d1%8f-%d0%b1%d0%bb%d0%b0%d0%b3%d0%be%d0%b2%d0%be%d0%bd%d0%b8%d0%b9-chakra-box-sattva-ayurveda-49-%d1%88%d1%82\/","title":{"rendered":"&#8220;Chakra Box&#8221; smilkal\u0173 rinkinys, &#8220;Sattva Ayurveda&#8221;, 49 vnt."},"content":{"rendered":"<p>\u017dodis sattva rei\u0161kia g\u0117r\u012f, pozityvum\u0105, ties\u0105, sveikat\u0105, ramyb\u0119, visuotin\u012f po\u017ei\u016br\u012f, k\u016brybi\u0161kum\u0105, konstruktyvum\u0105, pusiausvyr\u0105, pasitik\u0117jim\u0105, ramyb\u0119, tyrum\u0105, vidin\u012f Dharmos ir D\u017enanos (\u017eini\u0173) poreik\u012f.<\/p>\n<p>Sud\u0117tyje n\u0117ra sintetini\u0173 kvapi\u0173j\u0173 med\u017eiag\u0173, ingredient\u0173 ar naftos chemini\u0173 med\u017eiag\u0173.<\/p>\n<p>Smilkalai gaminami i\u0161 g\u0117li\u0173, \u017eoleli\u0173, medienos, augal\u0173 derv\u0173 ir medaus. Sukami rankomis ant bambuko pagal 400 met\u0173 senumo tradicij\u0105: <\/p>\n<p>pagaminta i\u0161 100 % nat\u016brali\u0173 ingredient\u0173<br \/>\njoki\u0173 naftos chemini\u0173 med\u017eiag\u0173 &#8211; smilkal\u0173 kvapas nedusina<br \/>\nspecialiai atrinkti ingredientai<br \/>\nsukurta pagal senovinius slaptus receptus<br \/>\npadeda atsipalaiduoti ir atrasti sielos ramyb\u0119<br \/>\nNaudojimas: U\u017edekite smilkalus nedidele liepsna. U\u017ep\u016bskite liepsn\u0105. Smilkalai dega apie 30 minu\u010di\u0173.  <\/p>\n<p>Sud\u0117tis: 7 smilkal\u0173 lazdel\u0117s kiekvienai i\u0161 7 \u010dakr\u0173, i\u0161 viso 49 vienetai.<\/p>\n","protected":false},"excerpt":{"rendered":"<p>\u017dodis sattva rei\u0161kia g\u0117r\u012f, pozityvum\u0105, ties\u0105, sveikat\u0105, ramyb\u0119, visuotin\u012f po\u017ei\u016br\u012f, k\u016brybi\u0161kum\u0105, konstruktyvum\u0105, pusiausvyr\u0105, pasitik\u0117jim\u0105, ramyb\u0119, tyrum\u0105, vidin\u012f Dharmos ir D\u017enanos (\u017eini\u0173) poreik\u012f. Sud\u0117tyje n\u0117ra sintetini\u0173 kvapi\u0173j\u0173 med\u017eiag\u0173, ingredient\u0173 ar naftos chemini\u0173 med\u017eiag\u0173. Smilkalai gaminami i\u0161 g\u0117li\u0173, \u017eoleli\u0173, medienos, augal\u0173 derv\u0173 ir medaus. Sukami rankomis ant bambuko pagal 400 met\u0173 senumo tradicij\u0105: pagaminta i\u0161 100 % [&hellip;]<\/p>\n","protected":false},"featured_media":18217,"comment_status":"open","ping_status":"closed","template":"","meta":[],"product_brand":[],"product_cat":[200,192,311],"product_tag":[],"class_list":{"0":"post-18219","1":"product","2":"type-product","3":"status-publish","4":"has-post-thumbnail","6":"product_cat-namams","7":"product_cat-naujienos","8":"product_cat--lt-2","10":"first","11":"instock","12":"shipping-taxable","13":"purchasable","14":"product-type-simple"},"_links":{"self":[{"href":"https:\/\/beautysba.co.uk\/lt\/wp-json\/wp\/v2\/product\/18219","targetHints":{"allow":["GET"]}}],"collection":[{"href":"https:\/\/beautysba.co.uk\/lt\/wp-json\/wp\/v2\/product"}],"about":[{"href":"https:\/\/beautysba.co.uk\/lt\/wp-json\/wp\/v2\/types\/product"}],"replies":[{"embeddable":true,"href":"https:\/\/beautysba.co.uk\/lt\/wp-json\/wp\/v2\/comments?post=18219"}],"wp:featuredmedia":[{"embeddable":true,"href":"https:\/\/beautysba.co.uk\/lt\/wp-json\/wp\/v2\/media\/18217"}],"wp:attachment":[{"href":"https:\/\/beautysba.co.uk\/lt\/wp-json\/wp\/v2\/media?parent=18219"}],"wp:term":[{"taxonomy":"product_brand","embeddable":true,"href":"https:\/\/beautysba.co.uk\/lt\/wp-json\/wp\/v2\/product_brand?post=18219"},{"taxonomy":"product_cat","embeddable":true,"href":"https:\/\/beautysba.co.uk\/lt\/wp-json\/wp\/v2\/product_cat?post=18219"},{"taxonomy":"product_tag","embeddable":true,"href":"https:\/\/beautysba.co.uk\/lt\/wp-json\/wp\/v2\/product_tag?post=18219"}],"curies":[{"name":"wp","href":"https:\/\/api.w.org\/{rel}","templated":true}]}}