{"id":18225,"date":"2025-10-08T07:30:14","date_gmt":"2025-10-08T07:30:14","guid":{"rendered":"https:\/\/beautysba.co.uk\/product\/%d1%84%d0%b8%d1%82%d0%be%d1%81%d0%b2%d0%b5%d1%87%d0%b8-%d1%83%d1%88%d0%bd%d1%8b%d0%b5-%d0%b1%d0%be%d0%bb%d1%8c%d1%88%d0%b8%d0%b5-%d1%84%d0%b8%d1%82%d0%be-%d0%b2%d0%be%d1%80%d0%be%d0%bd%d0%ba%d0%b0\/"},"modified":"2025-12-17T07:06:59","modified_gmt":"2025-12-17T07:06:59","slug":"%d1%84%d0%b8%d1%82%d0%be%d1%81%d0%b2%d0%b5%d1%87%d0%b8-%d1%83%d1%88%d0%bd%d1%8b%d0%b5-%d0%b1%d0%be%d0%bb%d1%8c%d1%88%d0%b8%d0%b5-%d1%84%d0%b8%d1%82%d0%be-%d0%b2%d0%be%d1%80%d0%be%d0%bd%d0%ba%d0%b0","status":"publish","type":"product","link":"https:\/\/beautysba.co.uk\/lt\/produktas\/%d1%84%d0%b8%d1%82%d0%be%d1%81%d0%b2%d0%b5%d1%87%d0%b8-%d1%83%d1%88%d0%bd%d1%8b%d0%b5-%d0%b1%d0%be%d0%bb%d1%8c%d1%88%d0%b8%d0%b5-%d1%84%d0%b8%d1%82%d0%be-%d0%b2%d0%be%d1%80%d0%be%d0%bd%d0%ba%d0%b0\/","title":{"rendered":"Fito aus\u0173 \u017evak\u0117s didel\u0117s, fito piltuv\u0117lis i\u0161 aus\u0173 ki\u0161tuk\u0173, 2 vnt &#8211; Chudesnick"},"content":{"rendered":"<p>Fitosvetain\u0117s ausies &#8220;Chudesnik&#8221; didel\u0117s yra pagamintos i\u0161 nat\u016brali\u0173 med\u017eiag\u0173 ir yra tu\u0161\u010diavidurio vamzdelio formos, kurio skersmuo atitinka i\u0161orinio ausies kanalo skersmen\u012f.<\/p>\n<p>Vartojimo indikacijos:<br \/>\nAus\u0173, gerkl\u0117s, nosies u\u017edegimin\u0117s ligos<br \/>\nAus\u0173 kam\u0161\u010diai su va\u0161ku<br \/>\nSpengimas ausyse, dalinis klausos praradimas<br \/>\nGalvos svaigimas, galvos skausmas, migrena<br \/>\nMiego sutrikimai<br \/>\nNervingumas, dirglumas, stresas<br \/>\nKontraindikacijos:<br \/>\nP\u016blingos i\u0161skyros i\u0161 ausies<br \/>\nAusies b\u016bgnelio ir i\u0161orinio ausies kanalo pa\u017eeidimai<br \/>\nAugliai galvos srityje<br \/>\nAlergija bi\u010di\u0173 produktams (individualus komponent\u0173 netoleravimas)<br \/>\nSud\u0117tis:<br \/>\nBi\u010di\u0173 va\u0161kas, propolis, eteriniai aliejai (eukalipt\u0173, levand\u0173, pipirm\u0117\u010di\u0173 ir kt.).), gydom\u0173j\u0173 \u017eoleli\u0173 sud\u0117tis.<\/p>\n<p>Rinkinys:<br \/>\nFitosve\u010di\u0173 &#8211; 2 vnt.<br \/>\nMedvilnin\u0117s lazdel\u0117s &#8211; 2 vnt.<br \/>\nInstrukcijos<br \/>\nKartonin\u0117 pakuot\u0117.<\/p>\n","protected":false},"excerpt":{"rendered":"<p>Fitosvetain\u0117s ausies &#8220;Chudesnik&#8221; didel\u0117s yra pagamintos i\u0161 nat\u016brali\u0173 med\u017eiag\u0173 ir yra tu\u0161\u010diavidurio vamzdelio formos, kurio skersmuo atitinka i\u0161orinio ausies kanalo skersmen\u012f. Vartojimo indikacijos: Aus\u0173, gerkl\u0117s, nosies u\u017edegimin\u0117s ligos Aus\u0173 kam\u0161\u010diai su va\u0161ku Spengimas ausyse, dalinis klausos praradimas Galvos svaigimas, galvos skausmas, migrena Miego sutrikimai Nervingumas, dirglumas, stresas Kontraindikacijos: P\u016blingos i\u0161skyros i\u0161 ausies Ausies b\u016bgnelio ir [&hellip;]<\/p>\n","protected":false},"featured_media":18223,"comment_status":"open","ping_status":"closed","template":"","meta":[],"product_brand":[],"product_cat":[192,201,217],"product_tag":[],"class_list":{"0":"post-18225","1":"product","2":"type-product","3":"status-publish","4":"has-post-thumbnail","6":"product_cat-naujienos","7":"product_cat-skausmo-malsinimas","8":"product_cat-sveikatos-prieziura","10":"first","11":"instock","12":"shipping-taxable","13":"purchasable","14":"product-type-simple"},"_links":{"self":[{"href":"https:\/\/beautysba.co.uk\/lt\/wp-json\/wp\/v2\/product\/18225","targetHints":{"allow":["GET"]}}],"collection":[{"href":"https:\/\/beautysba.co.uk\/lt\/wp-json\/wp\/v2\/product"}],"about":[{"href":"https:\/\/beautysba.co.uk\/lt\/wp-json\/wp\/v2\/types\/product"}],"replies":[{"embeddable":true,"href":"https:\/\/beautysba.co.uk\/lt\/wp-json\/wp\/v2\/comments?post=18225"}],"wp:featuredmedia":[{"embeddable":true,"href":"https:\/\/beautysba.co.uk\/lt\/wp-json\/wp\/v2\/media\/18223"}],"wp:attachment":[{"href":"https:\/\/beautysba.co.uk\/lt\/wp-json\/wp\/v2\/media?parent=18225"}],"wp:term":[{"taxonomy":"product_brand","embeddable":true,"href":"https:\/\/beautysba.co.uk\/lt\/wp-json\/wp\/v2\/product_brand?post=18225"},{"taxonomy":"product_cat","embeddable":true,"href":"https:\/\/beautysba.co.uk\/lt\/wp-json\/wp\/v2\/product_cat?post=18225"},{"taxonomy":"product_tag","embeddable":true,"href":"https:\/\/beautysba.co.uk\/lt\/wp-json\/wp\/v2\/product_tag?post=18225"}],"curies":[{"name":"wp","href":"https:\/\/api.w.org\/{rel}","templated":true}]}}