{"id":18231,"date":"2025-10-08T07:32:23","date_gmt":"2025-10-08T07:32:23","guid":{"rendered":"https:\/\/beautysba.co.uk\/product\/%d0%bc%d0%b5%d0%bd%d0%be%d0%b2%d0%be%d0%b7%d0%b8%d0%bb-%d0%b3%d0%b5%d0%bb%d1%8c-40-%d0%bc%d0%bb-elixir\/"},"modified":"2025-12-17T07:07:00","modified_gmt":"2025-12-17T07:07:00","slug":"%d0%bc%d0%b5%d0%bd%d0%be%d0%b2%d0%be%d0%b7%d0%b8%d0%bb-%d0%b3%d0%b5%d0%bb%d1%8c-40-%d0%bc%d0%bb-elixir","status":"publish","type":"product","link":"https:\/\/beautysba.co.uk\/lt\/produktas\/%d0%bc%d0%b5%d0%bd%d0%be%d0%b2%d0%be%d0%b7%d0%b8%d0%bb-%d0%b3%d0%b5%d0%bb%d1%8c-40-%d0%bc%d0%bb-elixir\/","title":{"rendered":"Menovosilio gelis, 40 ml-ELIXIR"},"content":{"rendered":"<p>Menovazilas yra v\u0117sinan\u010dio poveikio gelis, skirtas i\u0161oriniam naudojimui. Gel\u012f primenanti tekst\u016bra palengvina naudojim\u0105 ir greit\u0105 absorbcij\u0105. Mentolis ir eteriniai aliejai suteikia gaivos ir v\u0117sos poj\u016bt\u012f, tod\u0117l produktas idealiai tinka kasdieniam naudojimui.  <\/p>\n<p>Grynasis kiekis: 40 ml<\/p>\n<p>Sud\u0117tis (INCI): Sud\u0117tis: vanduo, glicerinas, mentolis, sibirini\u0173 egli\u0173 aliejus, kamparas, PEG-40 hidrintas ricin\u0173 aliejus, trietanolaminas, karbomeras, metilparabenas, propilparabenas, 2-bromo-2-Nitropropan-1,3-diolis<\/p>\n<p>Naudojimas: nedidel\u012f kiek\u012f gelio u\u017etepkite ant norimos vietos ir \u012ftrinkite, kol visi\u0161kai \u012fsigers. Naudokite pagal poreik\u012f. <\/p>\n<p>\u012esp\u0117jimai:<\/p>\n<p>Nenaudoti esant padid\u0117jusiam jautrumui sudedamosioms dalims.<br \/>\nJei pasirei\u0161kia alergin\u0117 reakcija, nutraukite vartojim\u0105 ir kreipkit\u0117s \u012f gydytoj\u0105.<br \/>\nTik i\u0161oriniam naudojimui.<br \/>\nVengti patekimo \u012f akis. Patekus \u012f s\u0105lyt\u012f, kruop\u0161\u010diai nuplaukite vandeniu.<br \/>\nLaikymo s\u0105lygos: Laikyti sausoje, tamsioje, vaikams nepasiekiamoje vietoje, nuo +5 iki +25 \u00baC temperat\u016broje.<\/p>\n<p>Galiojimo laikas: \u017er. pakuot\u0119<\/p>\n<p>Gamintojas: &#8220;Elixir&#8221;, Ukraina<\/p>\n","protected":false},"excerpt":{"rendered":"<p>Menovazilas yra v\u0117sinan\u010dio poveikio gelis, skirtas i\u0161oriniam naudojimui. Gel\u012f primenanti tekst\u016bra palengvina naudojim\u0105 ir greit\u0105 absorbcij\u0105. Mentolis ir eteriniai aliejai suteikia gaivos ir v\u0117sos poj\u016bt\u012f, tod\u0117l produktas idealiai tinka kasdieniam naudojimui. Grynasis kiekis: 40 ml Sud\u0117tis (INCI): Sud\u0117tis: vanduo, glicerinas, mentolis, sibirini\u0173 egli\u0173 aliejus, kamparas, PEG-40 hidrintas ricin\u0173 aliejus, trietanolaminas, karbomeras, metilparabenas, propilparabenas, 2-bromo-2-Nitropropan-1,3-diolis Naudojimas: [&hellip;]<\/p>\n","protected":false},"featured_media":18229,"comment_status":"open","ping_status":"closed","template":"","meta":[],"product_brand":[],"product_cat":[218,192,219,201,217],"product_tag":[],"class_list":{"0":"post-18231","1":"product","2":"type-product","3":"status-publish","4":"has-post-thumbnail","6":"product_cat-kuno-prieziura","7":"product_cat-naujienos","8":"product_cat-pedu-prieziura-lt","9":"product_cat-skausmo-malsinimas","10":"product_cat-sveikatos-prieziura","12":"first","13":"instock","14":"shipping-taxable","15":"purchasable","16":"product-type-simple"},"_links":{"self":[{"href":"https:\/\/beautysba.co.uk\/lt\/wp-json\/wp\/v2\/product\/18231","targetHints":{"allow":["GET"]}}],"collection":[{"href":"https:\/\/beautysba.co.uk\/lt\/wp-json\/wp\/v2\/product"}],"about":[{"href":"https:\/\/beautysba.co.uk\/lt\/wp-json\/wp\/v2\/types\/product"}],"replies":[{"embeddable":true,"href":"https:\/\/beautysba.co.uk\/lt\/wp-json\/wp\/v2\/comments?post=18231"}],"wp:featuredmedia":[{"embeddable":true,"href":"https:\/\/beautysba.co.uk\/lt\/wp-json\/wp\/v2\/media\/18229"}],"wp:attachment":[{"href":"https:\/\/beautysba.co.uk\/lt\/wp-json\/wp\/v2\/media?parent=18231"}],"wp:term":[{"taxonomy":"product_brand","embeddable":true,"href":"https:\/\/beautysba.co.uk\/lt\/wp-json\/wp\/v2\/product_brand?post=18231"},{"taxonomy":"product_cat","embeddable":true,"href":"https:\/\/beautysba.co.uk\/lt\/wp-json\/wp\/v2\/product_cat?post=18231"},{"taxonomy":"product_tag","embeddable":true,"href":"https:\/\/beautysba.co.uk\/lt\/wp-json\/wp\/v2\/product_tag?post=18231"}],"curies":[{"name":"wp","href":"https:\/\/api.w.org\/{rel}","templated":true}]}}