{"id":18243,"date":"2025-10-08T10:17:40","date_gmt":"2025-10-08T10:17:40","guid":{"rendered":"https:\/\/beautysba.co.uk\/product\/%d0%b1%d0%b0%d0%bb%d1%8c%d0%b7%d0%b0%d0%bc-%d1%81-%d0%bd%d0%b8%d0%ba%d0%be%d1%82%d0%b8%d0%bd%d0%be%d0%b2%d0%be%d0%b9-%d0%ba%d0%b8%d1%81%d0%bb%d0%be%d1%82%d0%be%d0%b9-%d0%b4%d0%bb%d1%8f-%d0%b2%d1%81\/"},"modified":"2025-12-17T07:06:59","modified_gmt":"2025-12-17T07:06:59","slug":"%d0%b1%d0%b0%d0%bb%d1%8c%d0%b7%d0%b0%d0%bc-%d1%81-%d0%bd%d0%b8%d0%ba%d0%be%d1%82%d0%b8%d0%bd%d0%be%d0%b2%d0%be%d0%b9-%d0%ba%d0%b8%d1%81%d0%bb%d0%be%d1%82%d0%be%d0%b9-%d0%b4%d0%bb%d1%8f-%d0%b2%d1%81","status":"publish","type":"product","link":"https:\/\/beautysba.co.uk\/lt\/produktas\/%d0%b1%d0%b0%d0%bb%d1%8c%d0%b7%d0%b0%d0%bc-%d1%81-%d0%bd%d0%b8%d0%ba%d0%be%d1%82%d0%b8%d0%bd%d0%be%d0%b2%d0%be%d0%b9-%d0%ba%d0%b8%d1%81%d0%bb%d0%be%d1%82%d0%be%d0%b9-%d0%b4%d0%bb%d1%8f-%d0%b2%d1%81\/","title":{"rendered":"Balzamas su nikotino r\u016bg\u0161timi vis\u0173 tip\u0173 plaukams, 300 ml &#8211; Vitateka"},"content":{"rendered":"<p>VITATEKA balzamas su nikotino r\u016bg\u0161timi skirtas kompleksinei plauk\u0173 ir galvos odos prie\u017ei\u016brai. Formul\u0117 su niacinamidu (vitaminu B3) ir pantenoliu stimuliuoja kraujotak\u0105, stiprina plauk\u0173 folikulus ir skatina aktyv\u0173 plauk\u0173 augim\u0105. Ji giliai maitina, dr\u0117kina ir atgaivina plauk\u0173 strukt\u016br\u0105, tod\u0117l jie tampa stipresni, \u0161velnesni ir labiau blizga.  <\/p>\n<p>Visiems plauk\u0173 tipams: tinka kasdienei prie\u017ei\u016brai, palaiko pusiausvyr\u0105 ir galvos odos sveikat\u0105.<br \/>\nAugimo skatinimas: niacinamidas ir pantenolis padeda stiprinti plauk\u0173 \u0161aknis ir i\u0161vengti plauk\u0173 slinkimo.<br \/>\nNat\u016bralus pagrindas: daugiau kaip 90 % augalin\u0117s kilm\u0117s ingredient\u0173, be paraben\u0173, silikon\u0173, sintetini\u0173 da\u017eikli\u0173 ir EDTA.<br \/>\n\u0160velni prie\u017ei\u016bra: pH 5,5 &#8211; palaiko nat\u016brali\u0105 galvos odos pusiausvyr\u0105.<br \/>\nGrynasis svoris: 300 ml<\/p>\n<p>Sudedamosios dalys (INCI):<br \/>\nAqua, kokos\u0173 gliukozidas, argano aliejus, Cocos Nucifera aliejus, glicerinas, lauretas-2, cetearilo alkoholis, dipalmitoilethil hidroksietilmonio metosulfatas, cetearetas-20, karboksipropilceliulioz\u0117, niacinamidas, fenoksietanolis, propilenglikolis, pantenolis, parfumas, tokoferolis (vitaminas E), citrinos r\u016bg\u0161tis.<\/p>\n<p>Naudojimas:<br \/>\nPo plovimo i\u0161tepkite plaukus per vis\u0105 ilg\u012f, palikite 2-3 minutes, tada kruop\u0161\u010diai nuplaukite vandeniu.<\/p>\n<p>Laikymo s\u0105lygos:<br \/>\nLaikyti v\u0117sioje, sausoje, nuo tiesiogini\u0173 saul\u0117s spinduli\u0173 apsaugotoje vietoje. Laikykite vaikams nepasiekiamoje vietoje.<\/p>\n","protected":false},"excerpt":{"rendered":"<p>VITATEKA balzamas su nikotino r\u016bg\u0161timi skirtas kompleksinei plauk\u0173 ir galvos odos prie\u017ei\u016brai. Formul\u0117 su niacinamidu (vitaminu B3) ir pantenoliu stimuliuoja kraujotak\u0105, stiprina plauk\u0173 folikulus ir skatina aktyv\u0173 plauk\u0173 augim\u0105. Ji giliai maitina, dr\u0117kina ir atgaivina plauk\u0173 strukt\u016br\u0105, tod\u0117l jie tampa stipresni, \u0161velnesni ir labiau blizga. Visiems plauk\u0173 tipams: tinka kasdienei prie\u017ei\u016brai, palaiko pusiausvyr\u0105 ir galvos [&hellip;]<\/p>\n","protected":false},"featured_media":18241,"comment_status":"open","ping_status":"closed","template":"","meta":[],"product_brand":[],"product_cat":[211,212,192],"product_tag":[],"class_list":{"0":"post-18243","1":"product","2":"type-product","3":"status-publish","4":"has-post-thumbnail","6":"product_cat-hair-lt","7":"product_cat-kondicionieriai-balzamai","8":"product_cat-naujienos","10":"first","11":"instock","12":"shipping-taxable","13":"purchasable","14":"product-type-simple"},"_links":{"self":[{"href":"https:\/\/beautysba.co.uk\/lt\/wp-json\/wp\/v2\/product\/18243","targetHints":{"allow":["GET"]}}],"collection":[{"href":"https:\/\/beautysba.co.uk\/lt\/wp-json\/wp\/v2\/product"}],"about":[{"href":"https:\/\/beautysba.co.uk\/lt\/wp-json\/wp\/v2\/types\/product"}],"replies":[{"embeddable":true,"href":"https:\/\/beautysba.co.uk\/lt\/wp-json\/wp\/v2\/comments?post=18243"}],"wp:featuredmedia":[{"embeddable":true,"href":"https:\/\/beautysba.co.uk\/lt\/wp-json\/wp\/v2\/media\/18241"}],"wp:attachment":[{"href":"https:\/\/beautysba.co.uk\/lt\/wp-json\/wp\/v2\/media?parent=18243"}],"wp:term":[{"taxonomy":"product_brand","embeddable":true,"href":"https:\/\/beautysba.co.uk\/lt\/wp-json\/wp\/v2\/product_brand?post=18243"},{"taxonomy":"product_cat","embeddable":true,"href":"https:\/\/beautysba.co.uk\/lt\/wp-json\/wp\/v2\/product_cat?post=18243"},{"taxonomy":"product_tag","embeddable":true,"href":"https:\/\/beautysba.co.uk\/lt\/wp-json\/wp\/v2\/product_tag?post=18243"}],"curies":[{"name":"wp","href":"https:\/\/api.w.org\/{rel}","templated":true}]}}