{"id":18249,"date":"2025-10-08T10:29:10","date_gmt":"2025-10-08T10:29:10","guid":{"rendered":"https:\/\/beautysba.co.uk\/product\/%d0%b4%d0%b5%d1%82%d1%81%d0%ba%d0%b8%d0%b9-%d0%b43-%d0%b2%d0%b8%d1%82%d0%b0%d0%bc%d0%b8%d0%bd-%d0%b3%d0%b0%d0%bc%d0%bc%d0%b8-%d0%bc%d0%b8%d1%88%d0%ba%d0%b8-n60-jutavit\/"},"modified":"2025-12-17T07:07:01","modified_gmt":"2025-12-17T07:07:01","slug":"%d0%b4%d0%b5%d1%82%d1%81%d0%ba%d0%b8%d0%b9-%d0%b43-%d0%b2%d0%b8%d1%82%d0%b0%d0%bc%d0%b8%d0%bd-%d0%b3%d0%b0%d0%bc%d0%bc%d0%b8-%d0%bc%d0%b8%d1%88%d0%ba%d0%b8-n60-jutavit","status":"publish","type":"product","link":"https:\/\/beautysba.co.uk\/lt\/produktas\/%d0%b4%d0%b5%d1%82%d1%81%d0%ba%d0%b8%d0%b9-%d0%b43-%d0%b2%d0%b8%d1%82%d0%b0%d0%bc%d0%b8%d0%bd-%d0%b3%d0%b0%d0%bc%d0%bc%d0%b8-%d0%bc%d0%b8%d1%88%d0%ba%d0%b8-n60-jutavit\/","title":{"rendered":"Vaikams skirti D3 vitamin\u0173 kramtomieji me\u0161kiukai N60 &#8211; JUTAVIT"},"content":{"rendered":"<p>Maisto papildas su vitaminu D3 ir avie\u010di\u0173 skonio. Skatina normal\u0173 kalcio ir fosforo \u012fsisavinim\u0105 ir panaudojim\u0105, palaiko kalcio kiek\u012f kraujyje, kaul\u0173 sveikat\u0105, raumen\u0173 funkcij\u0105, normali\u0105 dant\u0173 b\u016bkl\u0119 ir atlieka svarb\u0173 vaidmen\u012f l\u0105steli\u0173 dalijimosi procese. <\/p>\n<p>Grynasis svoris: 180 g<\/p>\n<p>Sudedamosios dalys: cukrus, gliukoz\u0117s sirupas, \u017eelatina, r\u016bg\u0161tingum\u0105 reguliuojanti med\u017eiaga (citrin\u0173 r\u016bg\u0161tis), Quali\u00ae-D (modifikuotas kukur\u016bz\u0173 krakmolas, cukrus, antioksidantas [natrio-L-askorbatas, alfa-tokoferolis], vidutin\u0117s grandin\u0117s trigliceridai, lipnum\u0105 reguliuojanti med\u017eiaga [silicio dioksidas]), cholekalciferolis, kvapioji med\u017eiaga (avie\u010di\u0173), poliruojanti med\u017eiaga (karnaubo va\u0161kas).<\/p>\n<p>Veikliosios med\u017eiagos paros doz\u0117je (1 me\u0161kinas \/ 2 me\u0161kinai):<\/p>\n<p>Vitaminas D3 20 mcg (800 TV**) NRV* = 400% \/ 40 mcg (1600 TV**) NRV* = 800%<br \/>\nVartojimas: Vaikams ir suaugusiesiems: 1-2 guminukai per dien\u0105.<\/p>\n<p>\u012esp\u0117jimai:<\/p>\n<p>Padid\u0117j\u0119s jautrumas sudedamosioms dalims, n\u0117\u0161tumas, \u017eindymas.<br \/>\nPrie\u0161 pradedant vartoti papild\u0105, rekomenduojama pasitarti su gydytoju.<br \/>\nMaisto papildai nepakei\u010dia \u012fvairios ir subalansuotos mitybos bei sveiko gyvenimo b\u016bdo.<br \/>\nNevir\u0161ykite rekomenduojamos paros doz\u0117s!<br \/>\nJei pasirei\u0161kia alergin\u0117 reakcija, nutraukite vartojim\u0105 ir kreipkit\u0117s \u012f gydytoj\u0105.<br \/>\nLaikymo s\u0105lygos: Laikyti +5\u00baC &#8211; +25\u00baC temperat\u016broje, sausoje, tamsioje, vaikams nepasiekiamoje vietoje.<\/p>\n","protected":false},"excerpt":{"rendered":"<p>Maisto papildas su vitaminu D3 ir avie\u010di\u0173 skonio. Skatina normal\u0173 kalcio ir fosforo \u012fsisavinim\u0105 ir panaudojim\u0105, palaiko kalcio kiek\u012f kraujyje, kaul\u0173 sveikat\u0105, raumen\u0173 funkcij\u0105, normali\u0105 dant\u0173 b\u016bkl\u0119 ir atlieka svarb\u0173 vaidmen\u012f l\u0105steli\u0173 dalijimosi procese. Grynasis svoris: 180 g Sudedamosios dalys: cukrus, gliukoz\u0117s sirupas, \u017eelatina, r\u016bg\u0161tingum\u0105 reguliuojanti med\u017eiaga (citrin\u0173 r\u016bg\u0161tis), Quali\u00ae-D (modifikuotas kukur\u016bz\u0173 krakmolas, cukrus, antioksidantas [&hellip;]<\/p>\n","protected":false},"featured_media":18247,"comment_status":"open","ping_status":"closed","template":"","meta":[],"product_brand":[],"product_cat":[192,333,217,220],"product_tag":[],"class_list":{"0":"post-18249","1":"product","2":"type-product","3":"status-publish","4":"has-post-thumbnail","6":"product_cat-naujienos","7":"product_cat-persalimo-ligoms-ir-psichinei-sveikatai","8":"product_cat-sveikatos-prieziura","9":"product_cat-zarnyno-sveikata","11":"first","12":"instock","13":"shipping-taxable","14":"purchasable","15":"product-type-simple"},"_links":{"self":[{"href":"https:\/\/beautysba.co.uk\/lt\/wp-json\/wp\/v2\/product\/18249","targetHints":{"allow":["GET"]}}],"collection":[{"href":"https:\/\/beautysba.co.uk\/lt\/wp-json\/wp\/v2\/product"}],"about":[{"href":"https:\/\/beautysba.co.uk\/lt\/wp-json\/wp\/v2\/types\/product"}],"replies":[{"embeddable":true,"href":"https:\/\/beautysba.co.uk\/lt\/wp-json\/wp\/v2\/comments?post=18249"}],"wp:featuredmedia":[{"embeddable":true,"href":"https:\/\/beautysba.co.uk\/lt\/wp-json\/wp\/v2\/media\/18247"}],"wp:attachment":[{"href":"https:\/\/beautysba.co.uk\/lt\/wp-json\/wp\/v2\/media?parent=18249"}],"wp:term":[{"taxonomy":"product_brand","embeddable":true,"href":"https:\/\/beautysba.co.uk\/lt\/wp-json\/wp\/v2\/product_brand?post=18249"},{"taxonomy":"product_cat","embeddable":true,"href":"https:\/\/beautysba.co.uk\/lt\/wp-json\/wp\/v2\/product_cat?post=18249"},{"taxonomy":"product_tag","embeddable":true,"href":"https:\/\/beautysba.co.uk\/lt\/wp-json\/wp\/v2\/product_tag?post=18249"}],"curies":[{"name":"wp","href":"https:\/\/api.w.org\/{rel}","templated":true}]}}