{"id":18255,"date":"2025-10-08T10:31:38","date_gmt":"2025-10-08T10:31:38","guid":{"rendered":"https:\/\/beautysba.co.uk\/product\/%d0%b0%d0%bb%d0%bb%d0%be%d1%85%d0%be%d0%bb-50-%d1%82%d0%b0%d0%b1%d0%bb%d0%b5%d1%82%d0%be%d0%ba-paira\/"},"modified":"2025-12-17T07:07:07","modified_gmt":"2025-12-17T07:07:07","slug":"%d0%b0%d0%bb%d0%bb%d0%be%d1%85%d0%be%d0%bb-50-%d1%82%d0%b0%d0%b1%d0%bb%d0%b5%d1%82%d0%be%d0%ba-paira","status":"publish","type":"product","link":"https:\/\/beautysba.co.uk\/lt\/produktas\/%d0%b0%d0%bb%d0%bb%d0%be%d1%85%d0%be%d0%bb-50-%d1%82%d0%b0%d0%b1%d0%bb%d0%b5%d1%82%d0%be%d0%ba-paira\/","title":{"rendered":"Allochol, 50 table\u010di\u0173 &#8211; Paira"},"content":{"rendered":"<p>Maisto papildas su tul\u017eies r\u016bg\u0161timis ir \u010desnaku, 50 table\u010di\u0173<\/p>\n<p>Palaiko kepen\u0173 ir tul\u017eies p\u016bsl\u0117s veikl\u0105<br \/>\nSud\u0117tyje yra gyvulin\u0117s tul\u017eies, \u010desnak\u0173 ekstrakto ir aktyvuotos anglies<br \/>\nRekomenduojama esant riebaus maisto vir\u0161kinimo sutrikimams<br \/>\nI\u0161leidimo forma: tablet\u0117s<br \/>\nApra\u0161ymas<br \/>\nMaisto papildas, kurio sud\u0117tyje yra gyvulin\u0117s tul\u017eies, \u010desnak\u0173 ekstrakto, aktyvuotos anglies ir dilg\u0117li\u0173 lap\u0173. Sud\u0117tis gali b\u016bti naudinga kaip riebaus maisto vir\u0161kinimo palaikymo priemon\u0117 ir kepen\u0173 funkcijai palaikyti. <\/p>\n<p>Tul\u017eies r\u016bg\u0161tys dalyvauja vir\u0161kinant riebalus, tod\u0117l \u010desnakas tradici\u0161kai vartojamas kepenims palaikyti. Sud\u0117t\u012f papildo aktyvinta med\u017eio anglis ir dilg\u0117l\u0117s. <\/p>\n<p>Vartojimo instrukcijos<br \/>\nSuaugusiesiems po 1-2 tabletes 3-4 kartus per dien\u0105 po valgio<br \/>\nVartojimo trukm\u0117: 3-4 savait\u0117s<br \/>\nDienos doz\u0117<br \/>\nMa\u017eiausia (3 tablet\u0117s):<\/p>\n<p>Gyv\u016bn\u0173 tul\u017eis &#8211; 240 mg<br \/>\n\u010cesnak\u0173 ekstraktas &#8211; 120 mg<br \/>\nAktyvinta med\u017eio anglis &#8211; 75 mg<br \/>\nDilg\u0117li\u0173 lapai &#8211; 15 mg<br \/>\nMaksimalus kiekis (8 tablet\u0117s):<\/p>\n<p>Gyvulin\u0117 tul\u017eis &#8211; 640 mg<br \/>\n\u010cesnak\u0173 ekstraktas &#8211; 320 mg<br \/>\nAktyvinta med\u017eio anglis &#8211; 200 mg<br \/>\nDilg\u0117li\u0173 lapai &#8211; 40 mg<br \/>\nSud\u0117tis<br \/>\nSacharoz\u0117, d\u017eiovinta gyvulin\u0117 tul\u017eis, magnio bikarbonatas, bulvi\u0173 krakmolas, d\u017eiovintas \u010desnak\u0173 ekstraktas (Allium sativum), aktyvinta med\u017eio anglis, dilg\u0117li\u0173 lap\u0173 milteliai (Urtica dioica), magnio oksidas, silicio dioksidas, talkas, kalcio stearatas, kopovidonas, bi\u010di\u0173 va\u0161kas, da\u017eikliai: chinolino geltonasis, saul\u0117lyd\u017eio geltonasis.<\/p>\n<p>Kontraindikacijos<br \/>\nPadid\u0117j\u0119s jautrumas sudedamosioms dalims<br \/>\nTul\u017eies p\u016bsl\u0117s akmenlig\u0117<br \/>\nPepsin\u0117 opa<br \/>\nLaikymo s\u0105lygos<br \/>\nLaikyti sausoje vietoje, apsaugotoje nuo tiesiogini\u0173 saul\u0117s spinduli\u0173, kambario temperat\u016broje. Laikykite vaikams nepasiekiamoje vietoje.<\/p>\n<p>T\u016bris<br \/>\n50 table\u010di\u0173<\/p>\n","protected":false},"excerpt":{"rendered":"<p>Maisto papildas su tul\u017eies r\u016bg\u0161timis ir \u010desnaku, 50 table\u010di\u0173 Palaiko kepen\u0173 ir tul\u017eies p\u016bsl\u0117s veikl\u0105 Sud\u0117tyje yra gyvulin\u0117s tul\u017eies, \u010desnak\u0173 ekstrakto ir aktyvuotos anglies Rekomenduojama esant riebaus maisto vir\u0161kinimo sutrikimams I\u0161leidimo forma: tablet\u0117s Apra\u0161ymas Maisto papildas, kurio sud\u0117tyje yra gyvulin\u0117s tul\u017eies, \u010desnak\u0173 ekstrakto, aktyvuotos anglies ir dilg\u0117li\u0173 lap\u0173. Sud\u0117tis gali b\u016bti naudinga kaip riebaus maisto [&hellip;]<\/p>\n","protected":false},"featured_media":18253,"comment_status":"open","ping_status":"closed","template":"","meta":[],"product_brand":[],"product_cat":[192,217,220],"product_tag":[],"class_list":{"0":"post-18255","1":"product","2":"type-product","3":"status-publish","4":"has-post-thumbnail","6":"product_cat-naujienos","7":"product_cat-sveikatos-prieziura","8":"product_cat-zarnyno-sveikata","10":"first","11":"instock","12":"shipping-taxable","13":"purchasable","14":"product-type-simple"},"_links":{"self":[{"href":"https:\/\/beautysba.co.uk\/lt\/wp-json\/wp\/v2\/product\/18255","targetHints":{"allow":["GET"]}}],"collection":[{"href":"https:\/\/beautysba.co.uk\/lt\/wp-json\/wp\/v2\/product"}],"about":[{"href":"https:\/\/beautysba.co.uk\/lt\/wp-json\/wp\/v2\/types\/product"}],"replies":[{"embeddable":true,"href":"https:\/\/beautysba.co.uk\/lt\/wp-json\/wp\/v2\/comments?post=18255"}],"wp:featuredmedia":[{"embeddable":true,"href":"https:\/\/beautysba.co.uk\/lt\/wp-json\/wp\/v2\/media\/18253"}],"wp:attachment":[{"href":"https:\/\/beautysba.co.uk\/lt\/wp-json\/wp\/v2\/media?parent=18255"}],"wp:term":[{"taxonomy":"product_brand","embeddable":true,"href":"https:\/\/beautysba.co.uk\/lt\/wp-json\/wp\/v2\/product_brand?post=18255"},{"taxonomy":"product_cat","embeddable":true,"href":"https:\/\/beautysba.co.uk\/lt\/wp-json\/wp\/v2\/product_cat?post=18255"},{"taxonomy":"product_tag","embeddable":true,"href":"https:\/\/beautysba.co.uk\/lt\/wp-json\/wp\/v2\/product_tag?post=18255"}],"curies":[{"name":"wp","href":"https:\/\/api.w.org\/{rel}","templated":true}]}}