{"id":18261,"date":"2025-10-08T10:35:15","date_gmt":"2025-10-08T10:35:15","guid":{"rendered":"https:\/\/beautysba.co.uk\/product\/%d0%bc%d0%b0%d1%81%d0%bb%d0%be-%d1%87%d1%91%d1%80%d0%bd%d0%be%d0%b3%d0%be-%d1%82%d0%bc%d0%b8%d0%bd%d0%b0-%d0%b2-%d0%ba%d0%b0%d0%bf%d1%81%d1%83%d0%bb%d0%b0%d1%85-100-%d1%88%d1%82-vitateka\/"},"modified":"2025-12-17T07:07:08","modified_gmt":"2025-12-17T07:07:08","slug":"%d0%bc%d0%b0%d1%81%d0%bb%d0%be-%d1%87%d1%91%d1%80%d0%bd%d0%be%d0%b3%d0%be-%d1%82%d0%bc%d0%b8%d0%bd%d0%b0-%d0%b2-%d0%ba%d0%b0%d0%bf%d1%81%d1%83%d0%bb%d0%b0%d1%85-100-%d1%88%d1%82-vitateka","status":"publish","type":"product","link":"https:\/\/beautysba.co.uk\/lt\/produktas\/%d0%bc%d0%b0%d1%81%d0%bb%d0%be-%d1%87%d1%91%d1%80%d0%bd%d0%be%d0%b3%d0%be-%d1%82%d0%bc%d0%b8%d0%bd%d0%b0-%d0%b2-%d0%ba%d0%b0%d0%bf%d1%81%d1%83%d0%bb%d0%b0%d1%85-100-%d1%88%d1%82-vitateka\/","title":{"rendered":"Juod\u0173j\u0173 kmyn\u0173 aliejus kapsul\u0117se 100 vnt &#8211; Vitateka"},"content":{"rendered":"<p>&#8220;Vitateka&#8221; juod\u0173j\u0173 kmyn\u0173 aliejus kapsul\u0117se &#8211; tai nat\u016bralus produktas, kurio sud\u0117tyje yra Nigella Sativa aliejaus, papildyto antioksidantu ir supakuoto \u012f patogias kapsules. Kiekviena kapsul\u0117 apr\u016bpina organizm\u0105 Omega-6 riebal\u0173 r\u016bg\u0161\u010di\u0173 \u0161altiniu. Pakuot\u0117je yra 100 kapsuli\u0173, kuri\u0173 pakanka ilgam vartojimo kursui. Produktas pagamintas Estijoje, naudojant nat\u016bralius ingredientus.   <\/p>\n<p>Sudedamosios dalys: juod\u0173j\u0173 kmyn\u0173 (Nigella Sativa) aliejus, antioksidantas (tokoferoli\u0173 ekstraktas), kapsul\u0117s med\u017eiaga (\u017eelatina, glicerinas, vanduo).<br \/>\nOmega-6 \u0161altinis: iki 2 % timochinono.<br \/>\nI\u0161leidimo forma: 100 kapsuli\u0173 (30 g grynojo svorio).<br \/>\nGamybos \u0161alis: Estija.<br \/>\nGrynasis svoris: 30 g (100 kapsuli\u0173 \u00d7 300 mg)<\/p>\n<p>Sudedamosios dalys (1 kapsul\u0117je):<br \/>\nJuod\u0173j\u0173 kmyn\u0173 aliejus &#8211; 230 mg<br \/>\n\u012fskaitant linolo r\u016bg\u0161t\u012f (Omega-6) &#8211; 134 mg<x id=\"gid_2\"><\/x>Oleino r\u016bg\u0161tis &#8211; 58 mg<x id=\"gid_3\"><\/x>Palmitino r\u016bg\u0161tis &#8211; 25 mg<x id=\"gid_4\"><\/x>Stearino r\u016bg\u0161tis &#8211; 13 mg<x id=\"gid_5\"><\/x>Vartojimas:<x id=\"gid_6\"><\/x>Rekomenduojama doz\u0117: suaugusiesiems ir vaikams nuo 14 met\u0173 po 2 kapsules 2-3 kartus per dien\u0105. Informacija apie vartojim\u0105 nurodyta ant pakuot\u0117s.  <\/p>\n<p>Laikymo s\u0105lygos:<br \/>\nLaikyti sausoje, nuo \u0161viesos apsaugotoje vietoje, ne auk\u0161tesn\u0117je kaip +25 \u00b0C temperat\u016broje.<\/p>\n","protected":false},"excerpt":{"rendered":"<p>&#8220;Vitateka&#8221; juod\u0173j\u0173 kmyn\u0173 aliejus kapsul\u0117se &#8211; tai nat\u016bralus produktas, kurio sud\u0117tyje yra Nigella Sativa aliejaus, papildyto antioksidantu ir supakuoto \u012f patogias kapsules. Kiekviena kapsul\u0117 apr\u016bpina organizm\u0105 Omega-6 riebal\u0173 r\u016bg\u0161\u010di\u0173 \u0161altiniu. Pakuot\u0117je yra 100 kapsuli\u0173, kuri\u0173 pakanka ilgam vartojimo kursui. Produktas pagamintas Estijoje, naudojant nat\u016bralius ingredientus. Sudedamosios dalys: juod\u0173j\u0173 kmyn\u0173 (Nigella Sativa) aliejus, antioksidantas (tokoferoli\u0173 ekstraktas), [&hellip;]<\/p>\n","protected":false},"featured_media":18259,"comment_status":"open","ping_status":"closed","template":"","meta":[],"product_brand":[],"product_cat":[192,333,217,220],"product_tag":[],"class_list":{"0":"post-18261","1":"product","2":"type-product","3":"status-publish","4":"has-post-thumbnail","6":"product_cat-naujienos","7":"product_cat-persalimo-ligoms-ir-psichinei-sveikatai","8":"product_cat-sveikatos-prieziura","9":"product_cat-zarnyno-sveikata","11":"first","12":"instock","13":"shipping-taxable","14":"purchasable","15":"product-type-simple"},"_links":{"self":[{"href":"https:\/\/beautysba.co.uk\/lt\/wp-json\/wp\/v2\/product\/18261","targetHints":{"allow":["GET"]}}],"collection":[{"href":"https:\/\/beautysba.co.uk\/lt\/wp-json\/wp\/v2\/product"}],"about":[{"href":"https:\/\/beautysba.co.uk\/lt\/wp-json\/wp\/v2\/types\/product"}],"replies":[{"embeddable":true,"href":"https:\/\/beautysba.co.uk\/lt\/wp-json\/wp\/v2\/comments?post=18261"}],"wp:featuredmedia":[{"embeddable":true,"href":"https:\/\/beautysba.co.uk\/lt\/wp-json\/wp\/v2\/media\/18259"}],"wp:attachment":[{"href":"https:\/\/beautysba.co.uk\/lt\/wp-json\/wp\/v2\/media?parent=18261"}],"wp:term":[{"taxonomy":"product_brand","embeddable":true,"href":"https:\/\/beautysba.co.uk\/lt\/wp-json\/wp\/v2\/product_brand?post=18261"},{"taxonomy":"product_cat","embeddable":true,"href":"https:\/\/beautysba.co.uk\/lt\/wp-json\/wp\/v2\/product_cat?post=18261"},{"taxonomy":"product_tag","embeddable":true,"href":"https:\/\/beautysba.co.uk\/lt\/wp-json\/wp\/v2\/product_tag?post=18261"}],"curies":[{"name":"wp","href":"https:\/\/api.w.org\/{rel}","templated":true}]}}