{"id":18267,"date":"2025-10-08T10:38:01","date_gmt":"2025-10-08T10:38:01","guid":{"rendered":"https:\/\/beautysba.co.uk\/product\/%d0%b3%d0%be%d1%80%d1%87%d0%b8%d1%87%d0%bd%d1%8b%d0%b9-%d0%bf%d0%bb%d0%b0%d1%81%d1%82%d1%8b%d1%80%d1%8c-%e2%84%9610-vitateka\/"},"modified":"2025-12-17T07:07:10","modified_gmt":"2025-12-17T07:07:10","slug":"%d0%b3%d0%be%d1%80%d1%87%d0%b8%d1%87%d0%bd%d1%8b%d0%b9-%d0%bf%d0%bb%d0%b0%d1%81%d1%82%d1%8b%d1%80%d1%8c-%e2%84%9610-vitateka","status":"publish","type":"product","link":"https:\/\/beautysba.co.uk\/lt\/produktas\/%d0%b3%d0%be%d1%80%d1%87%d0%b8%d1%87%d0%bd%d1%8b%d0%b9-%d0%bf%d0%bb%d0%b0%d1%81%d1%82%d1%8b%d1%80%d1%8c-%e2%84%9610-vitateka\/","title":{"rendered":"Garsty\u010di\u0173 lopas #10 &#8211; Vitateka"},"content":{"rendered":"<p>Garsty\u010di\u0173 paketai &#8211; tai medicinos prietaisai, skirti greitai ir patogiai tradici\u0161kai i\u0161ori\u0161kai naudoti garsty\u010di\u0173 miltelius kaip vir\u0161utini\u0173 kv\u0117pavimo tak\u0173 lig\u0173, raumen\u0173 ir s\u0105nari\u0173 skausmo ma\u017einimo priemon\u0119.<\/p>\n<p>Sud\u0117tis<\/p>\n<p>Kiekviename garsty\u010di\u0173 pakelyje yra 3 g nat\u016brali\u0173 maistini\u0173 garsty\u010di\u0173 milteli\u0173<\/p>\n<p>Kontraindikacijos<\/p>\n<p>Padid\u0117j\u0119s jautrumas, odos pa\u017eeidimai ir ligos<\/p>\n<p>Instrukcija<\/p>\n<p>Kad garsty\u010di\u0173 milteliai tolygiai pasiskirstyt\u0173 kiekviename i\u0161 4 langeli\u0173, pakratykite garsty\u010di\u0173 pakel\u012f. \u012emerkite 3-4 sekund\u0117ms \u012f \u0161ilt\u0105 vanden\u012f, u\u017ed\u0117kite akyt\u0105j\u0105 pus\u0119 ant odos skausmingo \u017eidinio vietoje ir u\u017edenkite sausu rank\u0161luos\u010diu. Jei jau\u010diate stipr\u0173 deginimo poj\u016bt\u012f (po 3-10 minu\u010di\u0173), garsty\u010dias reikia pa\u0161alinti. Garsty\u010di\u0173 kompresus rekomenduojama tepti \u012f t\u0105 pa\u010di\u0105 viet\u0105 kas antr\u0105 dien\u0105. Netepti ant \u0161irdies ploto, apgam\u0173    <\/p>\n<p>Galiojimo laikas<\/p>\n<p>24 m\u0117nesiai, galutin\u0117 galiojimo data nurodyta ant pakuot\u0117s.<\/p>\n","protected":false},"excerpt":{"rendered":"<p>Garsty\u010di\u0173 paketai &#8211; tai medicinos prietaisai, skirti greitai ir patogiai tradici\u0161kai i\u0161ori\u0161kai naudoti garsty\u010di\u0173 miltelius kaip vir\u0161utini\u0173 kv\u0117pavimo tak\u0173 lig\u0173, raumen\u0173 ir s\u0105nari\u0173 skausmo ma\u017einimo priemon\u0119. Sud\u0117tis Kiekviename garsty\u010di\u0173 pakelyje yra 3 g nat\u016brali\u0173 maistini\u0173 garsty\u010di\u0173 milteli\u0173 Kontraindikacijos Padid\u0117j\u0119s jautrumas, odos pa\u017eeidimai ir ligos Instrukcija Kad garsty\u010di\u0173 milteliai tolygiai pasiskirstyt\u0173 kiekviename i\u0161 4 langeli\u0173, pakratykite [&hellip;]<\/p>\n","protected":false},"featured_media":18265,"comment_status":"open","ping_status":"closed","template":"","meta":[],"product_brand":[],"product_cat":[192,201,217,305],"product_tag":[],"class_list":{"0":"post-18267","1":"product","2":"type-product","3":"status-publish","4":"has-post-thumbnail","6":"product_cat-naujienos","7":"product_cat-skausmo-malsinimas","8":"product_cat-sveikatos-prieziura","9":"product_cat------lt","11":"first","12":"instock","13":"shipping-taxable","14":"purchasable","15":"product-type-simple"},"_links":{"self":[{"href":"https:\/\/beautysba.co.uk\/lt\/wp-json\/wp\/v2\/product\/18267","targetHints":{"allow":["GET"]}}],"collection":[{"href":"https:\/\/beautysba.co.uk\/lt\/wp-json\/wp\/v2\/product"}],"about":[{"href":"https:\/\/beautysba.co.uk\/lt\/wp-json\/wp\/v2\/types\/product"}],"replies":[{"embeddable":true,"href":"https:\/\/beautysba.co.uk\/lt\/wp-json\/wp\/v2\/comments?post=18267"}],"wp:featuredmedia":[{"embeddable":true,"href":"https:\/\/beautysba.co.uk\/lt\/wp-json\/wp\/v2\/media\/18265"}],"wp:attachment":[{"href":"https:\/\/beautysba.co.uk\/lt\/wp-json\/wp\/v2\/media?parent=18267"}],"wp:term":[{"taxonomy":"product_brand","embeddable":true,"href":"https:\/\/beautysba.co.uk\/lt\/wp-json\/wp\/v2\/product_brand?post=18267"},{"taxonomy":"product_cat","embeddable":true,"href":"https:\/\/beautysba.co.uk\/lt\/wp-json\/wp\/v2\/product_cat?post=18267"},{"taxonomy":"product_tag","embeddable":true,"href":"https:\/\/beautysba.co.uk\/lt\/wp-json\/wp\/v2\/product_tag?post=18267"}],"curies":[{"name":"wp","href":"https:\/\/api.w.org\/{rel}","templated":true}]}}