{"id":18280,"date":"2025-10-10T09:49:10","date_gmt":"2025-10-10T09:49:10","guid":{"rendered":"https:\/\/beautysba.co.uk\/product\/%d0%bd%d0%b0%d1%81%d1%82%d0%be%d0%b9%d0%ba%d0%b0-%d0%b2%d0%b0%d0%bb%d0%b5%d1%80%d0%b8%d0%b0%d0%bd%d1%8b-25-%d0%bc%d0%bb-vitateka\/"},"modified":"2025-12-17T07:07:08","modified_gmt":"2025-12-17T07:07:08","slug":"%d0%bd%d0%b0%d1%81%d1%82%d0%be%d0%b9%d0%ba%d0%b0-%d0%b2%d0%b0%d0%bb%d0%b5%d1%80%d0%b8%d0%b0%d0%bd%d1%8b-25-%d0%bc%d0%bb-vitateka","status":"publish","type":"product","link":"https:\/\/beautysba.co.uk\/lt\/produktas\/%d0%bd%d0%b0%d1%81%d1%82%d0%be%d0%b9%d0%ba%d0%b0-%d0%b2%d0%b0%d0%bb%d0%b5%d1%80%d0%b8%d0%b0%d0%bd%d1%8b-25-%d0%bc%d0%bb-vitateka\/","title":{"rendered":"Valerijono tinkt\u016bra 25 ml &#8211; Vitateka"},"content":{"rendered":"<p>Valerijono tinkt\u016bra pasi\u017eymi vidutini\u0161kai ry\u0161kiu raminamuoju poveikiu. Veiklioji vaisto med\u017eiaga yra borneolio ir izovalerijono r\u016bg\u0161ties esteris, laisvoji valerijono r\u016bg\u0161tis. Raminamasis poveikis pasirei\u0161kia l\u0117tai, bet pakankamai stabiliai.  <\/p>\n<p>Palengvina nat\u016bralaus miego prad\u017ei\u0105. Be to, vaistas pasi\u017eymi antispazminiu poveikiu vir\u0161kinimo trakto lygiesiems raumenims, turi choleretin\u012f poveik\u012f, didina vir\u0161kinimo trakto liauk\u0173 sekrecij\u0105. <\/p>\n<p>Indikacijos<\/p>\n<p>Padid\u0117j\u0119s nervinis jaudrumas, nemiga, kaip kompleksinio gydymo dalis &#8211; funkciniai \u0161irdies ir kraujagysli\u0173 sistemos sutrikimai, vir\u0161kinimo trakto spazmai.<\/p>\n<p>Sud\u0117tis<\/p>\n<p>Vanduo, etanolis (etilo alkoholis), vaistinio valerijono ekstraktas (Valeriana officinalis \u0161akniastiebis\/\u0161aknis) 1:5<\/p>\n<p>Rekomenduojama paros doz\u0117<\/p>\n<p>1 ml (32 la\u0161ai)<\/p>\n<p>Naudojimo rekomendacijos:<\/p>\n<p>i\u0161tirpinkite po 32 la\u0161us 50 ml vandens.<\/p>\n<p>\u012esp\u0117jimai<\/p>\n<p>Nevartokite maisto papildo kaip visavert\u0117s ir subalansuotos mitybos pakaitalo. Nevir\u0161ykite rekomenduojamos paros doz\u0117s. Laikyti vaikams nepasiekiamoje vietoje. Nenaudokite, jei netoleruojate sudedam\u0173j\u0173 dali\u0173. N\u0117\u0161\u010dios ir maitinan\u010dios motinos prie\u0161 vartojim\u0105 tur\u0117t\u0173 pasitarti su gydytoju.<\/p>\n","protected":false},"excerpt":{"rendered":"<p>Valerijono tinkt\u016bra pasi\u017eymi vidutini\u0161kai ry\u0161kiu raminamuoju poveikiu. Veiklioji vaisto med\u017eiaga yra borneolio ir izovalerijono r\u016bg\u0161ties esteris, laisvoji valerijono r\u016bg\u0161tis. Raminamasis poveikis pasirei\u0161kia l\u0117tai, bet pakankamai stabiliai. Palengvina nat\u016bralaus miego prad\u017ei\u0105. Be to, vaistas pasi\u017eymi antispazminiu poveikiu vir\u0161kinimo trakto lygiesiems raumenims, turi choleretin\u012f poveik\u012f, didina vir\u0161kinimo trakto liauk\u0173 sekrecij\u0105. Indikacijos Padid\u0117j\u0119s nervinis jaudrumas, nemiga, kaip kompleksinio [&hellip;]<\/p>\n","protected":false},"featured_media":18278,"comment_status":"open","ping_status":"closed","template":"","meta":[],"product_brand":[],"product_cat":[332,217,220],"product_tag":[],"class_list":{"0":"post-18280","1":"product","2":"type-product","3":"status-publish","4":"has-post-thumbnail","6":"product_cat-ramybe-ir-geras-miegas","7":"product_cat-sveikatos-prieziura","8":"product_cat-zarnyno-sveikata","10":"first","11":"instock","12":"shipping-taxable","13":"purchasable","14":"product-type-simple"},"_links":{"self":[{"href":"https:\/\/beautysba.co.uk\/lt\/wp-json\/wp\/v2\/product\/18280","targetHints":{"allow":["GET"]}}],"collection":[{"href":"https:\/\/beautysba.co.uk\/lt\/wp-json\/wp\/v2\/product"}],"about":[{"href":"https:\/\/beautysba.co.uk\/lt\/wp-json\/wp\/v2\/types\/product"}],"replies":[{"embeddable":true,"href":"https:\/\/beautysba.co.uk\/lt\/wp-json\/wp\/v2\/comments?post=18280"}],"wp:featuredmedia":[{"embeddable":true,"href":"https:\/\/beautysba.co.uk\/lt\/wp-json\/wp\/v2\/media\/18278"}],"wp:attachment":[{"href":"https:\/\/beautysba.co.uk\/lt\/wp-json\/wp\/v2\/media?parent=18280"}],"wp:term":[{"taxonomy":"product_brand","embeddable":true,"href":"https:\/\/beautysba.co.uk\/lt\/wp-json\/wp\/v2\/product_brand?post=18280"},{"taxonomy":"product_cat","embeddable":true,"href":"https:\/\/beautysba.co.uk\/lt\/wp-json\/wp\/v2\/product_cat?post=18280"},{"taxonomy":"product_tag","embeddable":true,"href":"https:\/\/beautysba.co.uk\/lt\/wp-json\/wp\/v2\/product_tag?post=18280"}],"curies":[{"name":"wp","href":"https:\/\/api.w.org\/{rel}","templated":true}]}}