{"id":18286,"date":"2025-10-10T09:51:38","date_gmt":"2025-10-10T09:51:38","guid":{"rendered":"https:\/\/beautysba.co.uk\/product\/%d0%bd%d0%b0%d1%81%d1%82%d0%be%d0%b9%d0%ba%d0%b0-%d0%bf%d1%80%d0%be%d0%bf%d0%be%d0%bb%d0%b8%d1%81%d0%b0-25%d0%bc%d0%bb-vitateka\/"},"modified":"2025-12-17T07:07:09","modified_gmt":"2025-12-17T07:07:09","slug":"%d0%bd%d0%b0%d1%81%d1%82%d0%be%d0%b9%d0%ba%d0%b0-%d0%bf%d1%80%d0%be%d0%bf%d0%be%d0%bb%d0%b8%d1%81%d0%b0-25%d0%bc%d0%bb-vitateka","status":"publish","type":"product","link":"https:\/\/beautysba.co.uk\/lt\/produktas\/%d0%bd%d0%b0%d1%81%d1%82%d0%be%d0%b9%d0%ba%d0%b0-%d0%bf%d1%80%d0%be%d0%bf%d0%be%d0%bb%d0%b8%d1%81%d0%b0-25%d0%bc%d0%bb-vitateka\/","title":{"rendered":"Propolio tinkt\u016bra 25ml &#8211; Vitateka"},"content":{"rendered":"<p>Propolio tinkt\u016bra vartojama \u012fvairi\u0173 lig\u0173, \u012fskaitant per\u0161alimo, burnos ertm\u0117s, vir\u0161kinamojo trakto, kv\u0117pavimo organ\u0173, gydymui ir profilaktikai, taip pat imuninei sistemai stiprinti. Jis pasi\u017eymi prie\u0161u\u017edegimin\u0117mis, antibakterin\u0117mis, antivirusin\u0117mis ir analgetin\u0117mis savyb\u0117mis, greitina \u017eaizd\u0173 gijim\u0105. Vartojimas gali b\u016bti vidinis (praskiestas vandeniu) ir vietinis (kompres\u0173, gargali\u0173, inhaliacij\u0173 pavidalu).<br \/>\nKam vartojamas<br \/>\nPer\u0161alimo ir kv\u0117pavimo tak\u0173 ligos: gerkl\u0117s skausmas, bronchitas, tonzilitas, gripas.<br \/>\nBurnos ertm\u0117s ligos: stomatitas, gingivitas, periodontitas.<br \/>\nVir\u0161kinimo trakto ligos: gastritas, skrand\u017eio ir dvylikapir\u0161t\u0117s \u017earnos opa.<br \/>\nOdos ir gleivini\u0173 ligos: \u017eaizdos, \u012fpjovimai, nudegimai, opos, dermatitas.<br \/>\nImuniteto stiprinimas: susilpn\u0117j\u0119s imunitetas, da\u017enos per\u0161alimo ligos.<br \/>\nKitos ligos: kepen\u0173, tul\u017eies p\u016bsl\u0117s, inkst\u0173 ir \u0161lapimo tak\u0173 problemos, taip pat kai kurios ginekologin\u0117s problemos ir ven\u0173 varikoz\u0117.    <\/p>\n<p>Sud\u0117tis:<\/p>\n<p>etanolis (etilo alkoholis), vanduo, propolio ekstraktas (Propolis) 1:10. Sud\u0117tyje yra alk. 68 t\u016brio proc.<\/p>\n<p>Rekomenduojama paros doz\u0117<\/p>\n<p>1 ml (32 la\u0161ai)<\/p>\n<p>Vartojimo rekomendacija: 32 la\u0161us i\u0161tirpinkite 50 ml vandens.<\/p>\n","protected":false},"excerpt":{"rendered":"<p>Propolio tinkt\u016bra vartojama \u012fvairi\u0173 lig\u0173, \u012fskaitant per\u0161alimo, burnos ertm\u0117s, vir\u0161kinamojo trakto, kv\u0117pavimo organ\u0173, gydymui ir profilaktikai, taip pat imuninei sistemai stiprinti. Jis pasi\u017eymi prie\u0161u\u017edegimin\u0117mis, antibakterin\u0117mis, antivirusin\u0117mis ir analgetin\u0117mis savyb\u0117mis, greitina \u017eaizd\u0173 gijim\u0105. Vartojimas gali b\u016bti vidinis (praskiestas vandeniu) ir vietinis (kompres\u0173, gargali\u0173, inhaliacij\u0173 pavidalu). Kam vartojamas Per\u0161alimo ir kv\u0117pavimo tak\u0173 ligos: gerkl\u0117s skausmas, bronchitas, tonzilitas, [&hellip;]<\/p>\n","protected":false},"featured_media":18284,"comment_status":"open","ping_status":"closed","template":"","meta":[],"product_brand":[],"product_cat":[192,217,220],"product_tag":[],"class_list":{"0":"post-18286","1":"product","2":"type-product","3":"status-publish","4":"has-post-thumbnail","6":"product_cat-naujienos","7":"product_cat-sveikatos-prieziura","8":"product_cat-zarnyno-sveikata","10":"first","11":"instock","12":"shipping-taxable","13":"purchasable","14":"product-type-simple"},"_links":{"self":[{"href":"https:\/\/beautysba.co.uk\/lt\/wp-json\/wp\/v2\/product\/18286","targetHints":{"allow":["GET"]}}],"collection":[{"href":"https:\/\/beautysba.co.uk\/lt\/wp-json\/wp\/v2\/product"}],"about":[{"href":"https:\/\/beautysba.co.uk\/lt\/wp-json\/wp\/v2\/types\/product"}],"replies":[{"embeddable":true,"href":"https:\/\/beautysba.co.uk\/lt\/wp-json\/wp\/v2\/comments?post=18286"}],"wp:featuredmedia":[{"embeddable":true,"href":"https:\/\/beautysba.co.uk\/lt\/wp-json\/wp\/v2\/media\/18284"}],"wp:attachment":[{"href":"https:\/\/beautysba.co.uk\/lt\/wp-json\/wp\/v2\/media?parent=18286"}],"wp:term":[{"taxonomy":"product_brand","embeddable":true,"href":"https:\/\/beautysba.co.uk\/lt\/wp-json\/wp\/v2\/product_brand?post=18286"},{"taxonomy":"product_cat","embeddable":true,"href":"https:\/\/beautysba.co.uk\/lt\/wp-json\/wp\/v2\/product_cat?post=18286"},{"taxonomy":"product_tag","embeddable":true,"href":"https:\/\/beautysba.co.uk\/lt\/wp-json\/wp\/v2\/product_tag?post=18286"}],"curies":[{"name":"wp","href":"https:\/\/api.w.org\/{rel}","templated":true}]}}