{"id":18292,"date":"2025-10-10T09:53:14","date_gmt":"2025-10-10T09:53:14","guid":{"rendered":"https:\/\/beautysba.co.uk\/product\/%d0%b2%d0%b0%d0%bb%d0%b8%d0%b4%d0%be%d0%bb-%d1%81%d0%bf%d1%80%d0%b5%d0%b9-20-%d0%bc%d0%bb-%d0%bf%d0%b8%d1%89%d0%b5%d0%b2%d0%b0%d1%8f-%d0%b4%d0%be%d0%b1%d0%b0%d0%b2%d0%ba%d0%b0-vitateka\/"},"modified":"2025-12-17T07:07:16","modified_gmt":"2025-12-17T07:07:16","slug":"%d0%b2%d0%b0%d0%bb%d0%b8%d0%b4%d0%be%d0%bb-%d1%81%d0%bf%d1%80%d0%b5%d0%b9-20-%d0%bc%d0%bb-%d0%bf%d0%b8%d1%89%d0%b5%d0%b2%d0%b0%d1%8f-%d0%b4%d0%be%d0%b1%d0%b0%d0%b2%d0%ba%d0%b0-vitateka","status":"publish","type":"product","link":"https:\/\/beautysba.co.uk\/lt\/produktas\/%d0%b2%d0%b0%d0%bb%d0%b8%d0%b4%d0%be%d0%bb-%d1%81%d0%bf%d1%80%d0%b5%d0%b9-20-%d0%bc%d0%bb-%d0%bf%d0%b8%d1%89%d0%b5%d0%b2%d0%b0%d1%8f-%d0%b4%d0%be%d0%b1%d0%b0%d0%b2%d0%ba%d0%b0-vitateka\/","title":{"rendered":"Validol pur\u0161kalas 20 ml, maisto priedas-VITATEKA"},"content":{"rendered":"<p>Sudedamosios dalys: etilo alkoholis, mentolio tirpalas izovalerijono r\u016bg\u0161ties metilo esteryje, vanduo. Alk. 85 % t\u016brio.  <\/p>\n<p>Grynasis kiekis: 20 ml<\/p>\n<p>Rekomenduojama paros doz\u0117 ir vartojimo b\u016bdas: Rekomenduojama purk\u0161ti vien\u0105 kart\u0105 4 kartus per dien\u0105. Purk\u0161ti \u012f burnos ertm\u0119 (geriausia po lie\u017euviu). <\/p>\n<p>Dienos doz\u0117s kiekis: Dienos doz\u0117je (1 pur\u0161kalas) yra 15 mg mentolio tirpalo izovalerijono r\u016bg\u0161ties metilo esteryje. Paros doz\u0117je (4 i\u0161pur\u0161kimai) yra 60 mg. <\/p>\n<p>\u012esp\u0117jimai:<\/p>\n<p>Nenaudokite esant padid\u0117jusiam jautrumui bet kuriai sudedamajai daliai.<br \/>\nJei pasirei\u0161kia alergin\u0117 reakcija, nutraukite vartojim\u0105 ir kreipkit\u0117s \u012f gydytoj\u0105.<br \/>\nN\u0117\u0161tumo ir \u017eindymo laikotarpiu prie\u0161 vartojim\u0105 pasitarkite su gydytoju.<br \/>\nNevir\u0161ykite rekomenduojamos paros doz\u0117s.<br \/>\nNenaudokite kaip visavert\u0117s mitybos pakaitalo.<br \/>\nSvarbu subalansuota mityba ir sveikas gyvenimo b\u016bdas.<br \/>\nLaikymo s\u0105lygos: laikyti ne auk\u0161tesn\u0117je kaip 25 \u00b0C temperat\u016broje, vaikams nepasiekiamoje vietoje, saugoti nuo tiesiogini\u0173 saul\u0117s spinduli\u0173.<\/p>\n<p>Paruo\u0161ta iki: \u017er. pakuot\u0119.<\/p>\n","protected":false},"excerpt":{"rendered":"<p>Jis padeda \u012fveikti galvos skausmus ir svaigul\u012f, susijusius su nervine \u012ftampa. Be to, Validol galima vartoti \u0161irdies skausmui, kur\u012f sukelia kraujagysli\u0173 spazmai ir sutrikusi \u0161irdies raumens kraujotaka, mal\u0161inti. <\/p>\n","protected":false},"featured_media":18290,"comment_status":"open","ping_status":"closed","template":"","meta":[],"product_brand":[],"product_cat":[192,332,217,220],"product_tag":[],"class_list":{"0":"post-18292","1":"product","2":"type-product","3":"status-publish","4":"has-post-thumbnail","6":"product_cat-naujienos","7":"product_cat-ramybe-ir-geras-miegas","8":"product_cat-sveikatos-prieziura","9":"product_cat-zarnyno-sveikata","11":"first","12":"instock","13":"shipping-taxable","14":"purchasable","15":"product-type-simple"},"_links":{"self":[{"href":"https:\/\/beautysba.co.uk\/lt\/wp-json\/wp\/v2\/product\/18292","targetHints":{"allow":["GET"]}}],"collection":[{"href":"https:\/\/beautysba.co.uk\/lt\/wp-json\/wp\/v2\/product"}],"about":[{"href":"https:\/\/beautysba.co.uk\/lt\/wp-json\/wp\/v2\/types\/product"}],"replies":[{"embeddable":true,"href":"https:\/\/beautysba.co.uk\/lt\/wp-json\/wp\/v2\/comments?post=18292"}],"wp:featuredmedia":[{"embeddable":true,"href":"https:\/\/beautysba.co.uk\/lt\/wp-json\/wp\/v2\/media\/18290"}],"wp:attachment":[{"href":"https:\/\/beautysba.co.uk\/lt\/wp-json\/wp\/v2\/media?parent=18292"}],"wp:term":[{"taxonomy":"product_brand","embeddable":true,"href":"https:\/\/beautysba.co.uk\/lt\/wp-json\/wp\/v2\/product_brand?post=18292"},{"taxonomy":"product_cat","embeddable":true,"href":"https:\/\/beautysba.co.uk\/lt\/wp-json\/wp\/v2\/product_cat?post=18292"},{"taxonomy":"product_tag","embeddable":true,"href":"https:\/\/beautysba.co.uk\/lt\/wp-json\/wp\/v2\/product_tag?post=18292"}],"curies":[{"name":"wp","href":"https:\/\/api.w.org\/{rel}","templated":true}]}}