{"id":18310,"date":"2025-10-10T10:12:40","date_gmt":"2025-10-10T10:12:40","guid":{"rendered":"https:\/\/beautysba.co.uk\/product\/%d1%85%d1%80%d0%be%d0%bc-chromium-%d0%bf%d0%b8%d1%89%d0%b5%d0%b2%d0%b0%d1%8f-%d0%b4%d0%be%d0%b1%d0%b0%d0%b2%d0%ba%d0%b0-n90-vitalharmony\/"},"modified":"2025-12-17T07:07:16","modified_gmt":"2025-12-17T07:07:16","slug":"%d1%85%d1%80%d0%be%d0%bc-chromium-%d0%bf%d0%b8%d1%89%d0%b5%d0%b2%d0%b0%d1%8f-%d0%b4%d0%be%d0%b1%d0%b0%d0%b2%d0%ba%d0%b0-n90-vitalharmony","status":"publish","type":"product","link":"https:\/\/beautysba.co.uk\/lt\/produktas\/%d1%85%d1%80%d0%be%d0%bc-chromium-%d0%bf%d0%b8%d1%89%d0%b5%d0%b2%d0%b0%d1%8f-%d0%b4%d0%be%d0%b1%d0%b0%d0%b2%d0%ba%d0%b0-n90-vitalharmony\/","title":{"rendered":"Chromas (CHROMIUM) Maisto priedas N90- VitalHarmony"},"content":{"rendered":"<p>Chromas naudingas normaliai riebal\u0173 ir angliavandeni\u0173 apykaitai, padeda kontroliuoti svor\u012f, dalyvauja skydliauk\u0117s ir imunin\u0117s sistemos veikloje. Rekomenduojama vartoti su maistu ir vandeniu, kad b\u016bt\u0173 u\u017etikrintas geresnis \u012fsisavinimas. Svarbu nevartoti chromo kartu su kalcio, cinko ar magnio preparatais ir tuo pa\u010diu laikotarpiu nevalgyti krakmolo ir daug krakmolo turin\u010di\u0173 bulvi\u0173, nes jos trukdo \u012fsisavinimui. Prie\u0161 pradedant vartoti maisto papildus, reik\u0117t\u0173 pasitarti su gydytoju   <\/p>\n<p>Grynasis kiekis: 90 kapsuli\u0173<\/p>\n<p>Sudedamosios dalys: U\u017epildas: mikrokristalin\u0117 celiulioz\u0117, chromas (chromo pikolinatas), kapsul\u0117s apvalkalas: hidroksipropilmetilceliulioz\u0117 (HPMC).<\/p>\n<p>Informacija apie alergenus: sud\u0117tyje gali b\u016bti: pieno (\u012fskaitant laktoz\u0119), sojos, \u017eem\u0117s rie\u0161ut\u0173, \u017eem\u0117s rie\u0161ut\u0173, rie\u0161ut\u0173, sezamo, glitimo, kiau\u0161ini\u0173, v\u0117\u017eiagyvi\u0173 ir \u017euvies.<\/p>\n<p>Rekomenduojama paros doz\u0117 ir vartojimo b\u016bdas: suaugusiesiems gerti po 1 kapsul\u0119 per dien\u0105, u\u017egeriant pakankamu kiekiu vandens.<\/p>\n<p>Dienos doz\u0117s kiekis:<br \/>\nchromo pikolinatas &#8211; 1,63 mg<br \/>\nchromo &#8211; 200 mcg (500% *NRV)<\/p>\n<p>*NRV &#8211; referencin\u0117 paros suvartojimo vert\u0117<\/p>\n<p>\u012esp\u0117jimai:<\/p>\n<p>Nenaudokite, jei netoleruojate sudedam\u0173j\u0173 dali\u0173.<br \/>\nN\u0117\u0161tumo ir \u017eindymo laikotarpiu pasitarkite su gydytoju.<br \/>\nNevir\u0161ykite rekomenduojamos paros doz\u0117s.<br \/>\nLaikyti vaikams nepasiekiamoje vietoje.<br \/>\nNegalima naudoti kaip visavert\u0117s ir subalansuotos mitybos ir sveiko gyvenimo b\u016bdo pakaital\u0105.<br \/>\nLaikymo s\u0105lygos: Laikyti sausoje, nuo \u0161viesos apsaugotoje vietoje, nuo +5\u00baC iki +25\u00baC temperat\u016broje. Po atidarymo sunaudoti per 6 m\u0117nesius. <\/p>\n<p>Galiojimo laikas: 24 m\u0117nesiai. Paruo\u0161ta iki: \u017er. pakuot\u0119.<\/p>\n","protected":false},"excerpt":{"rendered":"<p>Chromas naudingas normaliai riebal\u0173 ir angliavandeni\u0173 apykaitai, padeda kontroliuoti svor\u012f, dalyvauja skydliauk\u0117s ir imunin\u0117s sistemos veikloje. Rekomenduojama vartoti su maistu ir vandeniu, kad b\u016bt\u0173 u\u017etikrintas geresnis \u012fsisavinimas. Svarbu nevartoti chromo kartu su kalcio, cinko ar magnio preparatais ir tuo pa\u010diu laikotarpiu nevalgyti krakmolo ir daug krakmolo turin\u010di\u0173 bulvi\u0173, nes jos trukdo \u012fsisavinimui. Prie\u0161 pradedant vartoti [&hellip;]<\/p>\n","protected":false},"featured_media":18308,"comment_status":"open","ping_status":"closed","template":"","meta":[],"product_brand":[],"product_cat":[192,217,220],"product_tag":[],"class_list":{"0":"post-18310","1":"product","2":"type-product","3":"status-publish","4":"has-post-thumbnail","6":"product_cat-naujienos","7":"product_cat-sveikatos-prieziura","8":"product_cat-zarnyno-sveikata","10":"first","11":"instock","12":"shipping-taxable","13":"purchasable","14":"product-type-simple"},"_links":{"self":[{"href":"https:\/\/beautysba.co.uk\/lt\/wp-json\/wp\/v2\/product\/18310","targetHints":{"allow":["GET"]}}],"collection":[{"href":"https:\/\/beautysba.co.uk\/lt\/wp-json\/wp\/v2\/product"}],"about":[{"href":"https:\/\/beautysba.co.uk\/lt\/wp-json\/wp\/v2\/types\/product"}],"replies":[{"embeddable":true,"href":"https:\/\/beautysba.co.uk\/lt\/wp-json\/wp\/v2\/comments?post=18310"}],"wp:featuredmedia":[{"embeddable":true,"href":"https:\/\/beautysba.co.uk\/lt\/wp-json\/wp\/v2\/media\/18308"}],"wp:attachment":[{"href":"https:\/\/beautysba.co.uk\/lt\/wp-json\/wp\/v2\/media?parent=18310"}],"wp:term":[{"taxonomy":"product_brand","embeddable":true,"href":"https:\/\/beautysba.co.uk\/lt\/wp-json\/wp\/v2\/product_brand?post=18310"},{"taxonomy":"product_cat","embeddable":true,"href":"https:\/\/beautysba.co.uk\/lt\/wp-json\/wp\/v2\/product_cat?post=18310"},{"taxonomy":"product_tag","embeddable":true,"href":"https:\/\/beautysba.co.uk\/lt\/wp-json\/wp\/v2\/product_tag?post=18310"}],"curies":[{"name":"wp","href":"https:\/\/api.w.org\/{rel}","templated":true}]}}