{"id":18316,"date":"2025-10-10T10:15:20","date_gmt":"2025-10-10T10:15:20","guid":{"rendered":"https:\/\/beautysba.co.uk\/product\/%d0%b4%d0%be%d0%b1%d0%b0%d0%b2%d0%ba%d0%b8-%d0%b6%d0%b5%d0%bb%d0%b5%d0%b7%d0%b0-iron-49mg-n90-vitalharmony\/"},"modified":"2025-12-17T07:07:18","modified_gmt":"2025-12-17T07:07:18","slug":"%d0%b4%d0%be%d0%b1%d0%b0%d0%b2%d0%ba%d0%b8-%d0%b6%d0%b5%d0%bb%d0%b5%d0%b7%d0%b0-iron-49mg-n90-vitalharmony","status":"publish","type":"product","link":"https:\/\/beautysba.co.uk\/lt\/produktas\/%d0%b4%d0%be%d0%b1%d0%b0%d0%b2%d0%ba%d0%b8-%d0%b6%d0%b5%d0%bb%d0%b5%d0%b7%d0%b0-iron-49mg-n90-vitalharmony\/","title":{"rendered":"Gele\u017eies papildai (Gele\u017eis) 49mg N90- VitalHarmony"},"content":{"rendered":"<p>Gele\u017eies papildai vartojami gele\u017eies stokos anemijai gydyti ir jos profilaktikai, hemoglobino kiekiui didinti, kraujo sud\u0117\u010diai normalizuoti, imunitetui stiprinti, fizinei ir protinei i\u0161tvermei didinti, med\u017eiag\u0173 apykaitai ir procesams, susijusiems su deguonies perne\u0161imu organizme, gerinti. Gele\u017eis b\u016btina hemoglobino, perne\u0161an\u010dio deguon\u012f, gamybai ir imuninei sistemai.   <\/p>\n","protected":false},"excerpt":{"rendered":"<p>Gele\u017eies papildai vartojami gele\u017eies stokos anemijai gydyti ir jos profilaktikai, hemoglobino kiekiui didinti, kraujo sud\u0117\u010diai normalizuoti, imunitetui stiprinti, fizinei ir protinei i\u0161tvermei didinti, med\u017eiag\u0173 apykaitai ir procesams, susijusiems su deguonies perne\u0161imu organizme, gerinti. Gele\u017eis b\u016btina hemoglobino, perne\u0161an\u010dio deguon\u012f, gamybai ir imuninei sistemai.<\/p>\n","protected":false},"featured_media":18314,"comment_status":"open","ping_status":"closed","template":"","meta":[],"product_brand":[],"product_cat":[192,217,220],"product_tag":[],"class_list":{"0":"post-18316","1":"product","2":"type-product","3":"status-publish","4":"has-post-thumbnail","6":"product_cat-naujienos","7":"product_cat-sveikatos-prieziura","8":"product_cat-zarnyno-sveikata","10":"first","11":"instock","12":"shipping-taxable","13":"purchasable","14":"product-type-simple"},"_links":{"self":[{"href":"https:\/\/beautysba.co.uk\/lt\/wp-json\/wp\/v2\/product\/18316","targetHints":{"allow":["GET"]}}],"collection":[{"href":"https:\/\/beautysba.co.uk\/lt\/wp-json\/wp\/v2\/product"}],"about":[{"href":"https:\/\/beautysba.co.uk\/lt\/wp-json\/wp\/v2\/types\/product"}],"replies":[{"embeddable":true,"href":"https:\/\/beautysba.co.uk\/lt\/wp-json\/wp\/v2\/comments?post=18316"}],"wp:featuredmedia":[{"embeddable":true,"href":"https:\/\/beautysba.co.uk\/lt\/wp-json\/wp\/v2\/media\/18314"}],"wp:attachment":[{"href":"https:\/\/beautysba.co.uk\/lt\/wp-json\/wp\/v2\/media?parent=18316"}],"wp:term":[{"taxonomy":"product_brand","embeddable":true,"href":"https:\/\/beautysba.co.uk\/lt\/wp-json\/wp\/v2\/product_brand?post=18316"},{"taxonomy":"product_cat","embeddable":true,"href":"https:\/\/beautysba.co.uk\/lt\/wp-json\/wp\/v2\/product_cat?post=18316"},{"taxonomy":"product_tag","embeddable":true,"href":"https:\/\/beautysba.co.uk\/lt\/wp-json\/wp\/v2\/product_tag?post=18316"}],"curies":[{"name":"wp","href":"https:\/\/api.w.org\/{rel}","templated":true}]}}