{"id":18332,"date":"2025-10-10T10:22:56","date_gmt":"2025-10-10T10:22:56","guid":{"rendered":"https:\/\/beautysba.co.uk\/product\/%d1%86%d0%b8%d0%bd%d0%ba-%d0%b1%d0%b8%d1%81%d0%b3%d0%bb%d0%b8%d1%86%d0%b8%d0%bd%d0%b0%d1%82-zinc-bisglycinate-n90-vitalharmony\/"},"modified":"2025-12-17T06:48:50","modified_gmt":"2025-12-17T06:48:50","slug":"%d1%86%d0%b8%d0%bd%d0%ba-%d0%b1%d0%b8%d1%81%d0%b3%d0%bb%d0%b8%d1%86%d0%b8%d0%bd%d0%b0%d1%82-zinc-bisglycinate-n90-vitalharmony","status":"publish","type":"product","link":"https:\/\/beautysba.co.uk\/lt\/produktas\/%d1%86%d0%b8%d0%bd%d0%ba-%d0%b1%d0%b8%d1%81%d0%b3%d0%bb%d0%b8%d1%86%d0%b8%d0%bd%d0%b0%d1%82-zinc-bisglycinate-n90-vitalharmony\/","title":{"rendered":"Cinko bisglicinatas, cinko bisglicinatas, N90- VitalHarmony"},"content":{"rendered":"<p>Cinko bisglicinatas vartojamas imunitetui, odos ir plauk\u0173 b\u016bklei palaikyti, nerv\u0173 sistemos ir med\u017eiag\u0173 apykaitos funkcijai gerinti. \u0160i chelatin\u0117 cinko forma, kurioje cinkas sujungtas su aminor\u016bg\u0161timi glicinu, pasi\u017eymi dideliu biologiniu prieinamumu ir \u0161velniu poveikiu vir\u0161kinimo traktui. Jis vartojamas spuogams gydyti, plauk\u0173 slinkimui, \u017eaizd\u0173 gijimui spartinti ir kaip antioksidantas.    <\/p>\n<p>kiekis: 90 kapsuli\u0173<\/p>\n<p>Sud\u0117tis: u\u017epildas: mikrokristalin\u0117 celiulioz\u0117, cinkas (cinko bisglicinato pavidalu), kapsul\u0117s apvalkalas: u\u017epildas &#8211; hidroksipropilmetilceliulioz\u0117 (HPMC).<\/p>\n<p>Informacija apie alergenus: sud\u0117tyje gali b\u016bti: pieno (\u012fskaitant laktoz\u0119), sojos, rie\u0161ut\u0173, sezamo, glitimo, kiau\u0161ini\u0173, v\u0117\u017eiagyvi\u0173, \u017euvies.<\/p>\n<p>Rekomenduojama paros doz\u0117 ir vartojimo b\u016bdas: Suaugusiesiems &#8211; 1 kapsul\u0117 per dien\u0105, u\u017egeriant pakankamu kiekiu vandens.<\/p>\n<p>Sud\u0117tis paros doz\u0117je:<br \/>\nCinko bisglicinatas &#8211; 54,5 mg<br \/>\n(\u012fskaitant cink\u0105 &#8211; 15 mg, 150 % *NRV)<br \/>\n*NRV &#8211; paros referencin\u0117 doz\u0117 (suvartojimo norma)<\/p>\n<p>\u012esp\u0117jimai:<\/p>\n<p>Nenaudokite, jei netoleruojate sudedam\u0173j\u0173 dali\u0173.<br \/>\nNerekomenduojama vartoti n\u0117\u0161tumo ir \u017eindymo laikotarpiu.<br \/>\nPrie\u0161 vartojim\u0105 rekomenduojama pasitarti su gydytoju.<br \/>\nNevir\u0161ykite rekomenduojamos paros doz\u0117s.<br \/>\nLaikyti vaikams nepasiekiamoje vietoje.<br \/>\nNevartokite kaip visavert\u0117s ir subalansuotos mitybos pakaitalo.<br \/>\nSvarbu \u012fvairi mityba ir sveikas gyvenimo b\u016bdas.<br \/>\nLaikymo s\u0105lygos: Laikyti sausoje, tamsioje vietoje, nuo +5\u00baC iki +25\u00baC temperat\u016broje, apsaugotoje nuo \u0161viesos. Atidaryt\u0105 sunaudoti per 6 m\u0117nesius. <\/p>\n<p>Galiojimo laikas: 24 m\u0117nesiai<\/p>\n<p>Paruo\u0161ta iki: \u017er. pakuot\u0119<\/p>\n","protected":false},"excerpt":{"rendered":"<p>Cinko bisglicinatas vartojamas imunitetui, odos ir plauk\u0173 b\u016bklei palaikyti, nerv\u0173 sistemos ir med\u017eiag\u0173 apykaitos funkcijai gerinti. \u0160i chelatin\u0117 cinko forma, kurioje cinkas sujungtas su aminor\u016bg\u0161timi glicinu, pasi\u017eymi dideliu biologiniu prieinamumu ir \u0161velniu poveikiu vir\u0161kinimo traktui. Jis vartojamas spuogams gydyti, plauk\u0173 slinkimui, \u017eaizd\u0173 gijimui spartinti ir kaip antioksidantas. kiekis: 90 kapsuli\u0173 Sud\u0117tis: u\u017epildas: mikrokristalin\u0117 celiulioz\u0117, cinkas [&hellip;]<\/p>\n","protected":false},"featured_media":18330,"comment_status":"open","ping_status":"closed","template":"","meta":[],"product_brand":[],"product_cat":[192,217,220],"product_tag":[],"class_list":{"0":"post-18332","1":"product","2":"type-product","3":"status-publish","4":"has-post-thumbnail","6":"product_cat-naujienos","7":"product_cat-sveikatos-prieziura","8":"product_cat-zarnyno-sveikata","10":"first","11":"instock","12":"shipping-taxable","13":"purchasable","14":"product-type-simple"},"_links":{"self":[{"href":"https:\/\/beautysba.co.uk\/lt\/wp-json\/wp\/v2\/product\/18332","targetHints":{"allow":["GET"]}}],"collection":[{"href":"https:\/\/beautysba.co.uk\/lt\/wp-json\/wp\/v2\/product"}],"about":[{"href":"https:\/\/beautysba.co.uk\/lt\/wp-json\/wp\/v2\/types\/product"}],"replies":[{"embeddable":true,"href":"https:\/\/beautysba.co.uk\/lt\/wp-json\/wp\/v2\/comments?post=18332"}],"wp:featuredmedia":[{"embeddable":true,"href":"https:\/\/beautysba.co.uk\/lt\/wp-json\/wp\/v2\/media\/18330"}],"wp:attachment":[{"href":"https:\/\/beautysba.co.uk\/lt\/wp-json\/wp\/v2\/media?parent=18332"}],"wp:term":[{"taxonomy":"product_brand","embeddable":true,"href":"https:\/\/beautysba.co.uk\/lt\/wp-json\/wp\/v2\/product_brand?post=18332"},{"taxonomy":"product_cat","embeddable":true,"href":"https:\/\/beautysba.co.uk\/lt\/wp-json\/wp\/v2\/product_cat?post=18332"},{"taxonomy":"product_tag","embeddable":true,"href":"https:\/\/beautysba.co.uk\/lt\/wp-json\/wp\/v2\/product_tag?post=18332"}],"curies":[{"name":"wp","href":"https:\/\/api.w.org\/{rel}","templated":true}]}}